{"id":988,"date":"2025-04-15T14:51:16","date_gmt":"2025-04-15T06:51:16","guid":{"rendered":"https:\/\/honglu.gg12.globaldeepsea.site\/?post_type=product&#038;p=988"},"modified":"2025-05-21T15:12:07","modified_gmt":"2025-05-21T07:12:07","slug":"hl-601-contact-grill","status":"publish","type":"product","link":"https:\/\/www.nbhonglu.com\/vi\/san-pham\/hl-601-contact-grill\/","title":{"rendered":"HL-601 Li\u00ean h\u1ec7 Grill"},"content":{"rendered":"<p>N\u01b0\u1edbc n\u01b0\u1edbng ti\u1ebfp x\u00fac c\u1ee7a ch\u00fang t\u00f4i l\u00e0 m\u1ed9t thi\u1ebft b\u1ecb thi\u1ebft y\u1ebfu cho b\u1ea5t k\u1ef3 nh\u00e0 b\u1ebfp hi\u1ec7n \u0111\u1ea1i. B\u1ec1 m\u1eb7t n\u1ea5u kh\u00f4ng d\u00ednh c\u1ee7a n\u00f3 kh\u00f4ng ch\u1ec9 \u0111\u01a1n gi\u1ea3n h\u00f3a vi\u1ec7c x\u1eed l\u00fd th\u1ef1c ph\u1ea9m m\u00e0 c\u00f2n \u0111\u1ea3m b\u1ea3o d\u1ec5 d\u00e0ng l\u00e0m s\u1ea1ch. Ki\u1ec3m so\u00e1t nhi\u1ec7t \u0111\u1ed9 c\u00f3 th\u1ec3 \u0111i\u1ec1u ch\u1ec9nh dao \u0111\u1ed9ng t\u1eeb \u1ea5m nh\u1eb9 \u0111\u1ebfn m\u1ed9t sear cao, cho ph\u00e9p b\u1ea1n chu\u1ea9n b\u1ecb c\u00e1c b\u1eefa \u0103n \u0111a d\u1ea1ng v\u1edbi \u0111\u1ed9 ch\u00ednh x\u00e1c. Y\u1ebfu t\u1ed1 h\u00ecnh th\u1ee9c nh\u1ecf g\u1ecdn c\u1ee7a Grill l\u00e0 ho\u00e0n h\u1ea3o cho c\u00e1c c\u0103n h\u1ed9 ho\u1eb7c nh\u00e0 b\u1ebfp c\u00f3 kh\u00f4ng gian h\u1ea1n ch\u1ebf, trong khi v\u1eabn cung c\u1ea5p m\u1ed9t khu v\u1ef1c n\u01b0\u1edbng r\u1ed9ng r\u00e3i. N\u00f3 n\u00f3ng l\u00ean nhanh ch\u00f3ng, gi\u1ea3m th\u1eddi gian l\u00e0m n\u00f3ng tr\u01b0\u1edbc v\u00e0 b\u1ea3o t\u1ed3n n\u0103ng l\u01b0\u1ee3ng. Vi\u1ec7c x\u00e2y d\u1ef1ng b\u1ec1n, \u0111\u01b0\u1ee3c l\u00e0m b\u1eb1ng v\u1eadt li\u1ec7u ch\u1ea5t l\u01b0\u1ee3ng cao, c\u00f3 th\u1ec3 ch\u1ecbu \u0111\u01b0\u1ee3c vi\u1ec7c s\u1eed d\u1ee5ng th\u01b0\u1eddng xuy\u00ean. S\u1ef1 ph\u00e2n b\u1ed1 nhi\u1ec7t th\u1eadm ch\u00ed tr\u00ean c\u00e1c \u0111\u0129a \u0111\u1ea3m b\u1ea3o th\u1ef1c ph\u1ea9m n\u1ea5u ch\u00edn m\u1ed7i l\u1ea7n, cho d\u00f9 \u0111\u00f3 l\u00e0 m\u1ed9t mi\u1ebfng b\u00edt t\u1ebft, \u0111\u0129a rau n\u01b0\u1edbng hay b\u00e1nh sandwich n\u01b0\u1edbng. L\u00f2 n\u01b0\u1edbng ti\u1ebfp x\u00fac n\u00e0y k\u1ebft h\u1ee3p ch\u1ee9c n\u0103ng, s\u1ef1 ti\u1ec7n l\u1ee3i v\u00e0 \u0111\u1ed9 b\u1ec1n \u0111\u1ec3 \u0111\u00e1p \u1ee9ng t\u1ea5t c\u1ea3 c\u00e1c y\u00eau c\u1ea7u n\u01b0\u1edbng trong nh\u00e0 c\u1ee7a b\u1ea1n.<\/p>\n<p>&nbsp;<\/p>\n<p>&nbsp;<\/p>","protected":false},"excerpt":{"rendered":"<p>M\u1edf ph\u1eb3ng l\u00ean \u0111\u1ebfn 180\u02da<br \/>\nAdjustable temperature control<br \/>\nH\u1eb9n gi\u1edd \u0111\u1ec3 n\u1ea5u \u0103n thu\u1eadn ti\u1ec7n<br \/>\nH\u1ec7 th\u1ed1ng b\u1ea3n l\u1ec1 n\u1ed5i ph\u00f9 h\u1ee3p v\u1edbi b\u1ea5t k\u1ef3 k\u00edch th\u01b0\u1edbc n\u00e0o c\u1ee7a m\u00e1y n\u01b0\u1edbng b\u00e1nh m\u00ec<br \/>\nKhay nh\u1ecf gi\u1ecdt cho d\u1ea7u d\u01b0 th\u1eeba<br \/>\nT\u1ea5m ph\u1ee7 kh\u00f4ng d\u00ednh \u0111\u1ec3 d\u1ec5 d\u00e0ng l\u00e0m s\u1ea1ch<br \/>\nNgu\u1ed3n v\u00e0 c\u00e1c ch\u1ec9 s\u1ed1 \u00e1nh s\u00e1ng s\u1eb5n s\u00e0ng<br \/>\nB\u1ed9 \u0111i\u1ec1u nhi\u1ec7t an to\u00e0n v\u00e0 b\u1ea3o v\u1ec7 c\u1ea7u ch\u00ec nhi\u1ec7t<br \/>\nSkid-resistant feet<br \/>\n220-240V 50-60Hz 2000W<br \/>\n120V 60Hz 1200W<\/p>\n<p>K\u00edch th\u01b0\u1edbc s\u1ea3n ph\u1ea9m: 358*328*135<br \/>\nK\u00edch th\u01b0\u1edbc t\u1ea5m: 290*240<br \/>\nK\u00edch th\u01b0\u1edbc h\u1ed9p qu\u00e0 t\u1eb7ng: 359*151*364<br \/>\nK\u00edch th\u01b0\u1edbc carton: 624*371*382<br \/>\nQuantity\/carton:4PCS<br \/>\nQty\/20: 1268pcs<br \/>\nQty\/40: 2580pcs<br \/>\nQty\/40\u2019HQ:3076PCS<\/p>","protected":false},"featured_media":989,"comment_status":"open","ping_status":"closed","template":"","meta":[],"product_cat":[25],"product_tag":[80,79,82,81,85,84,83],"class_list":{"0":"post-988","1":"product","2":"type-product","3":"status-publish","4":"has-post-thumbnail","6":"product_cat-contact-grill","7":"product_tag-compact-portable-fast-cooking-contact-grill-for-outdoor-car-use","8":"product_tag-electric-indoor-grill","9":"product_tag-high-quality-electric-panini-press","10":"product_tag-household-press-grill","11":"product_tag-household-steak-contact-grill","12":"product_tag-non-stick-press-grill","13":"product_tag-smoke-free-sandwich-maker","15":"first","16":"instock","17":"shipping-taxable","18":"product-type-simple"},"_links":{"self":[{"href":"https:\/\/www.nbhonglu.com\/vi\/wp-json\/wp\/v2\/product\/988","targetHints":{"allow":["GET"]}}],"collection":[{"href":"https:\/\/www.nbhonglu.com\/vi\/wp-json\/wp\/v2\/product"}],"about":[{"href":"https:\/\/www.nbhonglu.com\/vi\/wp-json\/wp\/v2\/types\/product"}],"replies":[{"embeddable":true,"href":"https:\/\/www.nbhonglu.com\/vi\/wp-json\/wp\/v2\/comments?post=988"}],"version-history":[{"count":2,"href":"https:\/\/www.nbhonglu.com\/vi\/wp-json\/wp\/v2\/product\/988\/revisions"}],"predecessor-version":[{"id":994,"href":"https:\/\/www.nbhonglu.com\/vi\/wp-json\/wp\/v2\/product\/988\/revisions\/994"}],"wp:featuredmedia":[{"embeddable":true,"href":"https:\/\/www.nbhonglu.com\/vi\/wp-json\/wp\/v2\/media\/989"}],"wp:attachment":[{"href":"https:\/\/www.nbhonglu.com\/vi\/wp-json\/wp\/v2\/media?parent=988"}],"wp:term":[{"taxonomy":"product_cat","embeddable":true,"href":"https:\/\/www.nbhonglu.com\/vi\/wp-json\/wp\/v2\/product_cat?post=988"},{"taxonomy":"product_tag","embeddable":true,"href":"https:\/\/www.nbhonglu.com\/vi\/wp-json\/wp\/v2\/product_tag?post=988"}],"curies":[{"name":"wp","href":"https:\/\/api.w.org\/{rel}","templated":true}]}}