{"id":279,"date":"2024-12-16T14:33:12","date_gmt":"2024-12-16T06:33:12","guid":{"rendered":"https:\/\/honglu.gg12.globaldeepsea.site\/?post_type=product&#038;p=279"},"modified":"2025-05-21T15:06:45","modified_gmt":"2025-05-21T07:06:45","slug":"hl-200-replaceable-sandwichmaker","status":"publish","type":"product","link":"https:\/\/www.nbhonglu.com\/vi\/san-pham\/hl-200-replaceable-sandwichmaker\/","title":{"rendered":"HL-200 Detachable Sandwich Maker"},"content":{"rendered":"<p>nh\u00e0 s\u1ea3n xu\u1ea5t b\u00e1nh sandwich c\u00f3 th\u1ec3 th\u00e1o r\u1eddi c\u1ee7a ch\u00fang t\u00f4i n\u1ed5i b\u1eadt nh\u01b0 m\u1ed9t s\u1ef1 b\u1ed5 sung s\u00e1ng t\u1ea1o v\u00e0 thi\u1ebft th\u1ef1c cho nh\u00e0 b\u1ebfp c\u1ee7a b\u1ea1n. h\u1ec7 th\u1ed1ng t\u1ea5m c\u00f3 th\u1ec3 thay th\u1ebf kh\u00e1c bi\u1ec7t c\u1ee7a n\u00f3 cho ph\u00e9p b\u1ea1n d\u1ec5 d\u00e0ng chuy\u1ec3n \u0111\u1ed5i thi\u1ebft b\u1ecb \u0111\u1ec3 s\u1ea3n xu\u1ea5t b\u00e1nh sandwich c\u00f3 d\u1ea1ng v\u00e0 t\u00ednh nh\u1ea5t qu\u00e1n \u0111a d\u1ea1ng.<br \/>\nc\u00e1c t\u1ea5m \u0111\u01b0\u1ee3c ph\u1ee7 m\u1ed9t v\u1eadt li\u1ec7u kh\u00f4ng d\u00ednh ch\u1ea5t l\u01b0\u1ee3ng cao, t\u1ea1o \u0111i\u1ec1u ki\u1ec7n cho vi\u1ec7c lo\u1ea1i b\u1ecf th\u1ef1c ph\u1ea9m n\u1ea5u ch\u00edn v\u00e0 \u0111\u01a1n gi\u1ea3n h\u00f3a quy tr\u00ecnh l\u00e0m s\u1ea1ch. nhi\u1ec7t \u0111\u1ed9 c\u00f3 th\u1ec3 \u0111\u01b0\u1ee3c \u0111i\u1ec1u ch\u1ec9nh v\u1edbi \u0111\u1ed9 ch\u00ednh x\u00e1c, trao quy\u1ec1n cho b\u1ea1n \u0111i\u1ec1u ch\u1ec9nh m\u1ee9c nhi\u1ec7t theo nhu c\u1ea7u l\u00e0m b\u00e1nh sandwich c\u1ee5 th\u1ec3 c\u1ee7a b\u1ea1n, \u0111\u1ea3m b\u1ea3o k\u1ebft qu\u1ea3 n\u01b0\u1edbng ho\u00e0n h\u1ea3o m\u1ed7i l\u1ea7n. thi\u1ebft b\u1ecb n\u00e0y \u0111\u01b0\u1ee3c thi\u1ebft k\u1ebf v\u1edbi m\u1ed9t y\u1ebfu t\u1ed1 h\u00ecnh th\u1ee9c nh\u1ecf g\u1ecdn v\u00e0 th\u00e2n thi\u1ec7n v\u1edbi ng\u01b0\u1eddi d\u00f9ng, ph\u00f9 h\u1ee3p v\u1edbi b\u1ea5t k\u1ef3 b\u1ec1 m\u1eb7t nh\u00e0 b\u1ebfp n\u00e0o.<br \/>\nch\u1ea5t l\u01b0\u1ee3ng x\u00e2y d\u1ef1ng m\u1ea1nh m\u1ebd c\u1ee7a n\u00f3 kh\u00f4ng ch\u1ec9 \u0111\u1ea3m b\u1ea3o \u0111\u1ed9 b\u1ec1n c\u1ee7a n\u00f3 m\u00e0 c\u00f2n h\u1ee9a h\u1eb9n hi\u1ec7u su\u1ea5t \u0111\u00e1ng tin c\u1eady v\u00e0 nh\u1ea5t qu\u00e1n trong m\u1ed9t th\u1eddi gian d\u00e0i. c\u00f3 th\u1ec3 l\u00e0 m\u1ed9t chi\u1ebfc b\u00e1nh sandwich \u0111\u01a1n gi\u1ea3n v\u00e0 truy\u1ec1n th\u1ed1ng ho\u1eb7c m\u1ed9t panini tinh vi v\u00e0 h\u01b0\u01a1ng v\u1ecb, nh\u00e0 s\u1ea3n xu\u1ea5t b\u00e1nh sandwich c\u00f3 th\u1ec3 thay th\u1ebf c\u1ee7a ch\u00fang t\u00f4i l\u00e0 c\u00f4ng c\u1ee5 l\u00fd t\u01b0\u1edfng \u0111\u1ec3 ch\u1ebf t\u1ea1o b\u00e1nh sandwich h\u1ea5p d\u1eabn v\u00e0 c\u00e1 nh\u00e2n h\u00f3a \u0111\u1ec3 th\u1ecfa m\u00e3n v\u1ecb gi\u00e1c c\u1ee7a b\u1ea1n.<\/p>","protected":false},"excerpt":{"rendered":"<p>Cool touch handle<br \/>\nPower and ready light indicators<br \/>\nAutomatic temperature control<br \/>\nNon-stick coating plates for easy cleaning<br \/>\nAutolock clip<br \/>\nCord-wrap and upright for storage<br \/>\nTrang tr\u00ed b\u00eca h\u00e0ng \u0111\u1ea7u c\u1ee7a SS<br \/>\nSkid-resistant feet<br \/>\n220-240V 50-60Hz 750W<br \/>\n120v 60hz 750w<\/p>\n<p>k\u00edch th\u01b0\u1edbc s\u1ea3n ph\u1ea9m: 228*219*97<br \/>\nPlate size:215*125<br \/>\nk\u00edch th\u01b0\u1edbc h\u1ed9p qu\u00e0 t\u1eb7ng: 262*121*266<br \/>\nk\u00edch th\u01b0\u1edbc carton: 381*275*552<br \/>\ns\u1ed1 l\u01b0\u1ee3ng\/th\u00f9ng: 6pcs<br \/>\nqty\/20: 2904pcs<br \/>\nqty\/40: 5916pcs<br \/>\nqty\/40'hq: 7056pcs<\/p>","protected":false},"featured_media":280,"comment_status":"open","ping_status":"closed","template":"","meta":[],"product_cat":[28],"product_tag":[75,74,78,77,72,73,76],"class_list":{"0":"post-279","1":"product","2":"type-product","3":"status-publish","4":"has-post-thumbnail","6":"product_cat-detachable-sandwich-maker","7":"product_tag-2-slices-removable-plates-panini-press","8":"product_tag-bread-toaster-sandwich-waffle-maker","9":"product_tag-detachable-household-waffle-maker-machine","10":"product_tag-electric-3-in-1-breakfast-machine","11":"product_tag-hot-sale-sandwich-maker","12":"product_tag-non-stick-sandwich-press","13":"product_tag-press-grill-machine-for-household","15":"first","16":"instock","17":"shipping-taxable","18":"product-type-simple"},"_links":{"self":[{"href":"https:\/\/www.nbhonglu.com\/vi\/wp-json\/wp\/v2\/product\/279","targetHints":{"allow":["GET"]}}],"collection":[{"href":"https:\/\/www.nbhonglu.com\/vi\/wp-json\/wp\/v2\/product"}],"about":[{"href":"https:\/\/www.nbhonglu.com\/vi\/wp-json\/wp\/v2\/types\/product"}],"replies":[{"embeddable":true,"href":"https:\/\/www.nbhonglu.com\/vi\/wp-json\/wp\/v2\/comments?post=279"}],"version-history":[{"count":4,"href":"https:\/\/www.nbhonglu.com\/vi\/wp-json\/wp\/v2\/product\/279\/revisions"}],"predecessor-version":[{"id":1026,"href":"https:\/\/www.nbhonglu.com\/vi\/wp-json\/wp\/v2\/product\/279\/revisions\/1026"}],"wp:featuredmedia":[{"embeddable":true,"href":"https:\/\/www.nbhonglu.com\/vi\/wp-json\/wp\/v2\/media\/280"}],"wp:attachment":[{"href":"https:\/\/www.nbhonglu.com\/vi\/wp-json\/wp\/v2\/media?parent=279"}],"wp:term":[{"taxonomy":"product_cat","embeddable":true,"href":"https:\/\/www.nbhonglu.com\/vi\/wp-json\/wp\/v2\/product_cat?post=279"},{"taxonomy":"product_tag","embeddable":true,"href":"https:\/\/www.nbhonglu.com\/vi\/wp-json\/wp\/v2\/product_tag?post=279"}],"curies":[{"name":"wp","href":"https:\/\/api.w.org\/{rel}","templated":true}]}}