{"id":276,"date":"2024-12-16T14:27:50","date_gmt":"2024-12-16T06:27:50","guid":{"rendered":"https:\/\/honglu.gg12.globaldeepsea.site\/?post_type=product&#038;p=276"},"modified":"2025-05-21T15:07:17","modified_gmt":"2025-05-21T07:07:17","slug":"hl-200a-replaceable-sandwichmaker","status":"publish","type":"product","link":"https:\/\/www.nbhonglu.com\/vi\/san-pham\/hl-200a-replaceable-sandwichmaker\/","title":{"rendered":"Nh\u00e0 s\u1ea3n xu\u1ea5t b\u00e1nh sandwich c\u00f3 th\u1ec3 th\u00e1o r\u1eddi c\u1ee7a HL-200B"},"content":{"rendered":"<p>nh\u00e0 s\u1ea3n xu\u1ea5t b\u00e1nh sandwich c\u00f3 th\u1ec3 th\u00e1o r\u1eddi l\u00e0 m\u1ed9t thi\u1ebft b\u1ecb nh\u00e0 b\u1ebfp mang t\u00ednh c\u00e1ch m\u1ea1ng cung c\u1ea5p s\u1ef1 ti\u1ec7n l\u1ee3i v\u00e0 linh ho\u1ea1t. n\u00f3 c\u00f3 m\u1ed9t thi\u1ebft k\u1ebf t\u1ea5m c\u00f3 th\u1ec3 thay th\u1ebf \u0111\u1ed9c \u0111\u00e1o, cho ph\u00e9p b\u1ea1n d\u1ec5 d\u00e0ng chuy\u1ec3n \u0111\u1ed5i gi\u1eefa c\u00e1c lo\u1ea1i t\u1ea5m kh\u00e1c nhau \u0111\u1ec3 t\u1ea1o ra nhi\u1ec1u lo\u1ea1i b\u00e1nh sandwich v\u1edbi c\u00e1c h\u00ecnh d\u1ea1ng v\u00e0 k\u1ebft c\u1ea5u kh\u00e1c nhau. l\u1edbp ph\u1ee7 kh\u00f4ng d\u00ednh tr\u00ean c\u00e1c t\u1ea5m \u0111\u1ea3m b\u1ea3o ph\u00e1t h\u00e0nh th\u1ef1c ph\u1ea9m d\u1ec5 d\u00e0ng v\u00e0 d\u1ec5 d\u00e0ng l\u00e0m s\u1ea1ch. v\u1edbi ki\u1ec3m so\u00e1t nhi\u1ec7t \u0111\u1ed9 c\u00f3 th\u1ec3 \u0111i\u1ec1u ch\u1ec9nh, b\u1ea1n c\u00f3 th\u1ec3 \u0111\u1eb7t nhi\u1ec7t ch\u00ednh x\u00e1c \u0111\u1ec3 \u0111\u1ea1t \u0111\u01b0\u1ee3c m\u00f3n n\u01b0\u1edbng ho\u00e0n h\u1ea3o cho b\u00e1nh sandwich c\u1ee7a b\u1ea1n. thi\u1ebft k\u1ebf nh\u1ecf g\u1ecdn v\u00e0 c\u00f4ng th\u00e1i h\u1ecdc l\u00e0m cho n\u00f3 ph\u00f9 h\u1ee3p v\u1edbi b\u1ea5t k\u1ef3 m\u1eb7t b\u00e0n b\u1ebfp n\u00e0o, trong khi c\u1ea5u tr\u00fac ch\u1eafc ch\u1eafn \u0111\u1ea3m b\u1ea3o \u0111\u1ed9 b\u1ec1n v\u00e0 hi\u1ec7u su\u1ea5t l\u00e2u d\u00e0i. cho d\u00f9 b\u1ea1n \u0111ang l\u00e0m m\u1ed9t lo\u1ea1i ph\u00f4 mai n\u01b0\u1edbng c\u1ed5 \u0111i\u1ec3n hay m\u1ed9t panini cho ng\u01b0\u1eddi s\u00e0nh \u0103n, nh\u00e0 s\u1ea3n xu\u1ea5t b\u00e1nh sandwich c\u00f3 th\u1ec3 thay th\u1ebf n\u00e0y l\u00e0 l\u1ef1a ch\u1ecdn c\u1ee7a b\u1ea1n cho b\u00e1nh sandwich ngon v\u00e0 t\u00f9y ch\u1ec9nh m\u1ed7i l\u1ea7n.<\/p>","protected":false},"excerpt":{"rendered":"<p>220-240V 50-60Hz 750W<br \/>\n120v 60hz 750w<br \/>\nCool touch handle<br \/>\nPower and ready light indicators<br \/>\nB\u1ed9 \u0111i\u1ec1u nhi\u1ec7t an to\u00e0n v\u00e0 b\u1ea3o v\u1ec7 c\u1ea7u ch\u00ec nhi\u1ec7t<br \/>\nAutomatic temperature control<br \/>\nNon-stick coating plates for easy cleaning<br \/>\nAutolock clip<br \/>\nCord-wrap and upright for storage<br \/>\nTrang tr\u00ed b\u00eca h\u00e0ng \u0111\u1ea7u c\u1ee7a SS<br \/>\nSkid-resistant feet<\/p>\n<p>k\u00edch th\u01b0\u1edbc s\u1ea3n ph\u1ea9m: 228*219*97<br \/>\nPlate size:215*125<br \/>\nk\u00edch th\u01b0\u1edbc h\u1ed9p qu\u00e0 t\u1eb7ng: 262*121*266<br \/>\nk\u00edch th\u01b0\u1edbc carton: 381*275*552<br \/>\ns\u1ed1 l\u01b0\u1ee3ng\/th\u00f9ng: 6pcs<br \/>\nqty\/20: 2904pcs<br \/>\nqty\/40: 5916pcs<br \/>\nqty\/40'hq: 7056pcs<\/p>","protected":false},"featured_media":278,"comment_status":"open","ping_status":"closed","template":"","meta":[],"product_cat":[28],"product_tag":[75,74,78,77,72,73,76],"class_list":{"0":"post-276","1":"product","2":"type-product","3":"status-publish","4":"has-post-thumbnail","6":"product_cat-detachable-sandwich-maker","7":"product_tag-2-slices-removable-plates-panini-press","8":"product_tag-bread-toaster-sandwich-waffle-maker","9":"product_tag-detachable-household-waffle-maker-machine","10":"product_tag-electric-3-in-1-breakfast-machine","11":"product_tag-hot-sale-sandwich-maker","12":"product_tag-non-stick-sandwich-press","13":"product_tag-press-grill-machine-for-household","15":"first","16":"instock","17":"shipping-taxable","18":"product-type-simple"},"_links":{"self":[{"href":"https:\/\/www.nbhonglu.com\/vi\/wp-json\/wp\/v2\/product\/276","targetHints":{"allow":["GET"]}}],"collection":[{"href":"https:\/\/www.nbhonglu.com\/vi\/wp-json\/wp\/v2\/product"}],"about":[{"href":"https:\/\/www.nbhonglu.com\/vi\/wp-json\/wp\/v2\/types\/product"}],"replies":[{"embeddable":true,"href":"https:\/\/www.nbhonglu.com\/vi\/wp-json\/wp\/v2\/comments?post=276"}],"version-history":[{"count":5,"href":"https:\/\/www.nbhonglu.com\/vi\/wp-json\/wp\/v2\/product\/276\/revisions"}],"predecessor-version":[{"id":1027,"href":"https:\/\/www.nbhonglu.com\/vi\/wp-json\/wp\/v2\/product\/276\/revisions\/1027"}],"wp:featuredmedia":[{"embeddable":true,"href":"https:\/\/www.nbhonglu.com\/vi\/wp-json\/wp\/v2\/media\/278"}],"wp:attachment":[{"href":"https:\/\/www.nbhonglu.com\/vi\/wp-json\/wp\/v2\/media?parent=276"}],"wp:term":[{"taxonomy":"product_cat","embeddable":true,"href":"https:\/\/www.nbhonglu.com\/vi\/wp-json\/wp\/v2\/product_cat?post=276"},{"taxonomy":"product_tag","embeddable":true,"href":"https:\/\/www.nbhonglu.com\/vi\/wp-json\/wp\/v2\/product_tag?post=276"}],"curies":[{"name":"wp","href":"https:\/\/api.w.org\/{rel}","templated":true}]}}