{"id":262,"date":"2024-12-16T14:13:16","date_gmt":"2024-12-16T06:13:16","guid":{"rendered":"https:\/\/honglu.gg12.globaldeepsea.site\/?post_type=product&#038;p=262"},"modified":"2025-05-21T13:30:59","modified_gmt":"2025-05-21T05:30:59","slug":"hl-300a-wafflemaker","status":"publish","type":"product","link":"https:\/\/www.nbhonglu.com\/vi\/san-pham\/hl-300a-wafflemaker\/","title":{"rendered":"Nh\u00e0 s\u1ea3n xu\u1ea5t b\u00e1nh qu\u1ebf HL-300A"},"content":{"rendered":"<p>Waffle Maker Product Introduction<br \/>\nGi\u1edbi thi\u1ec7u nh\u00e0 s\u1ea3n xu\u1ea5t b\u00e1nh qu\u1ebf cao c\u1ea5p c\u1ee7a ch\u00fang t\u00f4i, m\u1ed9t thi\u1ebft b\u1ecb ph\u1ea3i c\u00f3 \u0111\u1ec3 t\u1ea1o ra nh\u1eefng chi\u1ebfc b\u00e1nh qu\u1ebf h\u1ea3o h\u1ea1ng s\u1ebd l\u00e0m h\u00e0i l\u00f2ng v\u1ecb gi\u00e1c c\u1ee7a b\u1ea1n.<br \/>\nL\u1edbp ph\u1ee7 kh\u00f4ng d\u00ednh tr\u00ean c\u00e1c t\u1ea5m n\u1ea5u \u0111\u1ea3m b\u1ea3o r\u1eb1ng b\u00e1nh qu\u1ebf c\u1ee7a b\u1ea1n tr\u01b0\u1ee3t ra m\u1ed9t c\u00e1ch tr\u01a1n tru, \u0111\u01a1n gi\u1ea3n h\u00f3a quy tr\u00ecnh l\u00e0m s\u1ea1ch. Ch\u1ee9c n\u0103ng \u0111i\u1ec1u ch\u1ec9nh nhi\u1ec7t \u0111\u1ed9 c\u1ee7a n\u00f3 cho ph\u00e9p b\u1ea1n \u0111\u1ea1t \u0111\u01b0\u1ee3c k\u1ebft c\u1ea5u ho\u00e0n h\u1ea3o, cho d\u00f9 b\u1ea1n th\u00edch m\u1ed9t chi\u1ebfc b\u00e1nh qu\u1ebf m\u1ec1m v\u00e0 tho\u00e1ng m\u00e1t hay m\u1ed9t c\u00e1i gi\u00f2n.<br \/>\nNh\u00e0 s\u1ea3n xu\u1ea5t b\u00e1nh qu\u1ebf n\u00e0y \u0111\u01b0\u1ee3c ch\u1ebf t\u1ea1o v\u1edbi c\u1ea5u tr\u00fac ti\u1ebft ki\u1ec7m kh\u00f4ng gian v\u00e0 m\u1ea1nh m\u1ebd, chi\u1ebfm di\u1ec7n t\u00edch m\u1eb7t b\u00e0n t\u1ed1i thi\u1ec3u m\u00e0 kh\u00f4ng \u1ea3nh h\u01b0\u1edfng \u0111\u1ebfn \u0111\u1ed9 b\u1ec1n v\u00e0 ch\u1ee9c n\u0103ng c\u1ee7a n\u00f3. \u0110\u00e8n ch\u1ec9 b\u00e1o t\u00edch h\u1ee3p cung c\u1ea5p c\u00e1c t\u00edn hi\u1ec7u tr\u1ef1c quan r\u00f5 r\u00e0ng v\u1ec1 c\u00e1c giai \u0111o\u1ea1n n\u1ea5u \u0103n tr\u01b0\u1edbc v\u00e0 l\u00e0m n\u00f3ng, cho ph\u00e9p b\u1ea1n ch\u00ednh x\u00e1c th\u1eddi gian chu\u1ea9n b\u1ecb b\u00e1nh qu\u1ebf c\u1ee7a b\u1ea1n.<br \/>\n\u0110\u01b0\u1ee3c x\u00e2y d\u1ef1ng t\u1eeb c\u00e1c v\u1eadt li\u1ec7u ch\u1ea5t l\u01b0\u1ee3ng cao v\u00e0 l\u00e2u d\u00e0i, nh\u00e0 s\u1ea3n xu\u1ea5t b\u00e1nh qu\u1ebf c\u1ee7a ch\u00fang t\u00f4i l\u00e0 m\u1ed9t l\u1ef1a ch\u1ecdn \u0111\u00e1ng tin c\u1eady cho b\u1ea5t k\u1ef3 nh\u00e0 b\u1ebfp n\u00e0o, \u0111\u1ea7y h\u1ee9a h\u1eb9n v\u1ec1 vi\u1ec7c th\u01b0\u1edfng th\u1ee9c b\u00e1nh qu\u1ebf cho nh\u1eefng ng\u01b0\u1eddi \u0111am m\u00ea.<\/p>","protected":false},"excerpt":{"rendered":"<p>Cool touch handle<br \/>\nPower and ready light indicators<br \/>\nAdjustable temperature control<br \/>\nNon-stick coatingplates for easy cleaning<br \/>\nCord-wrap for storage<br \/>\nSkid-resistant feet<br \/>\n220-240V 50-60Hz 1000W<br \/>\n120V 60Hz 1000W<\/p>\n<p>K\u00edch th\u01b0\u1edbc s\u1ea3n ph\u1ea9m: 198*255*102<br \/>\nPlate size:\u00a2195<br \/>\nGiftbox size:229*116*288<br \/>\nCarton size:484*241*596<br \/>\nQuantity\/carton:8PCS<br \/>\nQty\/20\u2032:3224PCS<br \/>\nQty\/40\u2032:6560PCS<br \/>\nQty\/40\u2019HQ:7824PCS<\/p>","protected":false},"featured_media":263,"comment_status":"open","ping_status":"closed","template":"","meta":[],"product_cat":[26],"product_tag":[47,46,44,45,49,48],"class_list":{"0":"post-262","1":"product","2":"type-product","3":"status-publish","4":"has-post-thumbnail","6":"product_cat-waffle-maker","7":"product_tag-belgian-waffle-maker","8":"product_tag-donut-maker","9":"product_tag-electric-waffle-iron","10":"product_tag-heart-waffle-maker","11":"product_tag-household-non-toxic-panini-press","12":"product_tag-mini-non-stick-waffle-maker","14":"first","15":"instock","16":"shipping-taxable","17":"product-type-simple"},"_links":{"self":[{"href":"https:\/\/www.nbhonglu.com\/vi\/wp-json\/wp\/v2\/product\/262","targetHints":{"allow":["GET"]}}],"collection":[{"href":"https:\/\/www.nbhonglu.com\/vi\/wp-json\/wp\/v2\/product"}],"about":[{"href":"https:\/\/www.nbhonglu.com\/vi\/wp-json\/wp\/v2\/types\/product"}],"replies":[{"embeddable":true,"href":"https:\/\/www.nbhonglu.com\/vi\/wp-json\/wp\/v2\/comments?post=262"}],"version-history":[{"count":2,"href":"https:\/\/www.nbhonglu.com\/vi\/wp-json\/wp\/v2\/product\/262\/revisions"}],"predecessor-version":[{"id":931,"href":"https:\/\/www.nbhonglu.com\/vi\/wp-json\/wp\/v2\/product\/262\/revisions\/931"}],"wp:featuredmedia":[{"embeddable":true,"href":"https:\/\/www.nbhonglu.com\/vi\/wp-json\/wp\/v2\/media\/263"}],"wp:attachment":[{"href":"https:\/\/www.nbhonglu.com\/vi\/wp-json\/wp\/v2\/media?parent=262"}],"wp:term":[{"taxonomy":"product_cat","embeddable":true,"href":"https:\/\/www.nbhonglu.com\/vi\/wp-json\/wp\/v2\/product_cat?post=262"},{"taxonomy":"product_tag","embeddable":true,"href":"https:\/\/www.nbhonglu.com\/vi\/wp-json\/wp\/v2\/product_tag?post=262"}],"curies":[{"name":"wp","href":"https:\/\/api.w.org\/{rel}","templated":true}]}}