{"id":247,"date":"2024-12-16T14:02:33","date_gmt":"2024-12-16T06:02:33","guid":{"rendered":"https:\/\/honglu.gg12.globaldeepsea.site\/?post_type=product&#038;p=247"},"modified":"2025-05-21T15:10:57","modified_gmt":"2025-05-21T07:10:57","slug":"electric-contact-grill","status":"publish","type":"product","link":"https:\/\/www.nbhonglu.com\/vi\/san-pham\/electric-contact-grill\/","title":{"rendered":"HL-500 Contact Grill"},"content":{"rendered":"<p>l\u00f2 n\u01b0\u1edbng ti\u1ebfp x\u00fac ch\u00fang t\u00f4i cung c\u1ea5p l\u00e0 m\u1ed9t b\u1ed5 sung \u0111\u00e1ng ch\u00fa \u00fd cho kho v\u0169 kh\u00ed nh\u00e0 b\u1ebfp c\u1ee7a b\u1ea1n. c\u00e1c t\u1ea5m kh\u00f4ng d\u00ednh cao c\u1ea5p \u0111\u01b0\u1ee3c thi\u1ebft k\u1ebf \u0111\u1ec3 ng\u0103n ch\u1eb7n th\u1ef1c ph\u1ea9m d\u00ednh v\u00e0o, l\u00e0m cho qu\u00e1 tr\u00ecnh n\u1ea5u m\u1ecbn v\u00e0 l\u00e0m s\u1ea1ch sau \u0111\u00f3. b\u1ea1n c\u00f3 to\u00e0n quy\u1ec1n ki\u1ec3m so\u00e1t nhi\u1ec7t \u0111\u1ed9 v\u1edbi c\u00e1c c\u00e0i \u0111\u1eb7t c\u00f3 th\u1ec3 \u0111i\u1ec1u ch\u1ec9nh tr\u00ean ph\u1ea1m vi r\u1ed9ng c\u1ee7a n\u00f3, cho ph\u00e9p b\u1ea1n l\u00e0m kh\u00f4 c\u00e1c lo\u1ea1i th\u1ecbt \u1edf nhi\u1ec7t \u0111\u1ed9 cao ho\u1eb7c c\u00e1c v\u1eadt ph\u1ea9m tinh t\u1ebf \u1ea5m \u00e1p nh\u1eb9 nh\u00e0ng. thi\u1ebft k\u1ebf ti\u1ebft ki\u1ec7m kh\u00f4ng gian c\u1ee7a n\u00f3 kh\u00f4ng hy sinh kh\u1ea3 n\u0103ng n\u1ea5u \u0103n, v\u00ec n\u00f3 cung c\u1ea5p nhi\u1ec1u ph\u00f2ng \u0111\u1ec3 n\u01b0\u1edbng \u0111\u1ed3ng th\u1eddi nhi\u1ec1u m\u1eb7t h\u00e0ng. nh\u1edd v\u00e0o y\u1ebfu t\u1ed1 s\u01b0\u1edfi \u1ea5m nhanh ch\u00f3ng c\u1ee7a n\u00f3, b\u1ea1n c\u00f3 th\u1ec3 b\u1eaft \u0111\u1ea7u n\u1ea5u \u0103n ngay l\u1eadp t\u1ee9c, ti\u1ebft ki\u1ec7m nh\u1eefng ph\u00fat qu\u00fd gi\u00e1. \u0111\u01b0\u1ee3c x\u00e2y d\u1ef1ng \u0111\u1ec3 k\u00e9o d\u00e0i, v\u1ec9 n\u01b0\u1edbng \u0111\u01b0\u1ee3c ch\u1ebf t\u1ea1o t\u1eeb c\u00e1c v\u1eadt li\u1ec7u m\u1ea1nh m\u1ebd ch\u1ecbu \u0111\u1ef1ng s\u1ef1 kh\u1eafc nghi\u1ec7t c\u1ee7a vi\u1ec7c s\u1eed d\u1ee5ng h\u00e0ng ng\u00e0y. v\u1edbi s\u1ef1 ph\u00e2n t\u00e1n nhi\u1ec7t nh\u1ea5t qu\u00e1n, b\u1ea1n s\u1ebd \u0111\u1ea1t \u0111\u01b0\u1ee3c k\u1ebft qu\u1ea3 n\u1ea5u ch\u00edn v\u00e0 ngon, c\u00f3 th\u1ec3 l\u00e0 m\u1ed9t m\u00f3n b\u00edt t\u1ebft n\u00f3ng h\u1ed5i, \u200b\u200bm\u1ed9t h\u1ed7n h\u1ee3p rau n\u01b0\u1edbng ho\u1eb7c m\u1ed9t lo\u1ea1i ph\u00f4 mai n\u01b0\u1edbng gi\u00f2n. t\u1ea7m li\u00ean l\u1ea1c n\u00e0y th\u1ef1c s\u1ef1 l\u00e0 hi\u1ec7n th\u00e2n c\u1ee7a s\u1ef1 \u0111\u1ed5i m\u1edbi, th\u1ef1c t\u1ebf v\u00e0 s\u1ef1 ch\u1eafc ch\u1eafn cho t\u1ea5t c\u1ea3 nh\u1eefng mong mu\u1ed1n n\u01b0\u1edbng trong nh\u00e0 c\u1ee7a b\u1ea1n.<\/p>","protected":false},"excerpt":{"rendered":"<p>Tay c\u1ea7m SS an to\u00e0n c\u1ea3m \u1ee9ng<br \/>\nH\u1ec7 th\u1ed1ng b\u1ea3n l\u1ec1 n\u1ed5i<br \/>\nNgu\u1ed3n v\u00e0 c\u00e1c ch\u1ec9 s\u1ed1 \u00e1nh s\u00e1ng s\u1eb5n s\u00e0ng<br \/>\nNon-stick coating plates for easy cleaning<br \/>\nSkid-resistant feet<br \/>\nTrang tr\u00ed b\u00eca h\u00e0ng \u0111\u1ea7u c\u1ee7a SS<br \/>\n220-240V 50-60Hz 1000W<br \/>\n120V 60Hz 1000W<\/p>\n<p>K\u00edch th\u01b0\u1edbc s\u1ea3n ph\u1ea9m: 266*221*85<br \/>\nK\u00edch th\u01b0\u1edbc t\u1ea5m: 230*145<br \/>\nK\u00edch th\u01b0\u1edbc h\u1ed9p qu\u00e0 t\u1eb7ng: 300*117*260<br \/>\nK\u00edch th\u01b0\u1edbc carton: 488*312*540<br \/>\nQuantity\/carton:8PCS<br \/>\nQty\/20: 2728pcs<br \/>\nQty\/40: 5544pcs<br \/>\nQty\/40\u2019HQ:6616PCS<\/p>","protected":false},"featured_media":250,"comment_status":"open","ping_status":"closed","template":"","meta":[],"product_cat":[25],"product_tag":[80,29,79,82,81,85,84,83],"class_list":{"0":"post-247","1":"product","2":"type-product","3":"status-publish","4":"has-post-thumbnail","6":"product_cat-contact-grill","7":"product_tag-compact-portable-fast-cooking-contact-grill-for-outdoor-car-use","8":"product_tag-electric-contact-grill","9":"product_tag-electric-indoor-grill","10":"product_tag-high-quality-electric-panini-press","11":"product_tag-household-press-grill","12":"product_tag-household-steak-contact-grill","13":"product_tag-non-stick-press-grill","14":"product_tag-smoke-free-sandwich-maker","16":"first","17":"instock","18":"shipping-taxable","19":"product-type-simple"},"_links":{"self":[{"href":"https:\/\/www.nbhonglu.com\/vi\/wp-json\/wp\/v2\/product\/247","targetHints":{"allow":["GET"]}}],"collection":[{"href":"https:\/\/www.nbhonglu.com\/vi\/wp-json\/wp\/v2\/product"}],"about":[{"href":"https:\/\/www.nbhonglu.com\/vi\/wp-json\/wp\/v2\/types\/product"}],"replies":[{"embeddable":true,"href":"https:\/\/www.nbhonglu.com\/vi\/wp-json\/wp\/v2\/comments?post=247"}],"version-history":[{"count":2,"href":"https:\/\/www.nbhonglu.com\/vi\/wp-json\/wp\/v2\/product\/247\/revisions"}],"predecessor-version":[{"id":932,"href":"https:\/\/www.nbhonglu.com\/vi\/wp-json\/wp\/v2\/product\/247\/revisions\/932"}],"wp:featuredmedia":[{"embeddable":true,"href":"https:\/\/www.nbhonglu.com\/vi\/wp-json\/wp\/v2\/media\/250"}],"wp:attachment":[{"href":"https:\/\/www.nbhonglu.com\/vi\/wp-json\/wp\/v2\/media?parent=247"}],"wp:term":[{"taxonomy":"product_cat","embeddable":true,"href":"https:\/\/www.nbhonglu.com\/vi\/wp-json\/wp\/v2\/product_cat?post=247"},{"taxonomy":"product_tag","embeddable":true,"href":"https:\/\/www.nbhonglu.com\/vi\/wp-json\/wp\/v2\/product_tag?post=247"}],"curies":[{"name":"wp","href":"https:\/\/api.w.org\/{rel}","templated":true}]}}