{"id":1475,"date":"2025-12-19T16:24:25","date_gmt":"2025-12-19T08:24:25","guid":{"rendered":"https:\/\/www.nbhonglu.com\/product\/hl-105-mini-basic-sandwich-maker-waffle-maker\/"},"modified":"2025-12-19T16:25:30","modified_gmt":"2025-12-19T08:25:30","slug":"hl-105-mini-basic-sandwich-maker-waffle-maker","status":"publish","type":"product","link":"https:\/\/www.nbhonglu.com\/vi\/san-pham\/hl-105-mini-basic-sandwich-maker-waffle-maker\/","title":{"rendered":"M\u00e1y l\u00e0m b\u00e1nh qu\u1ebf mini c\u01a1 b\u1ea3n HL-105"},"content":{"rendered":"<p>Cool touch handle<br \/>Power and ready light indicators<br \/>Automatic temperature control<br \/>Non-stick coating plates for easy cleaning<br \/>Autolock clip<br \/>Cord-wrap and upright for storage<br \/>Skid-resistant feet<br \/>220-240V 50-60Hz 550W<br \/>120V 60Hz 550W<\/p>\n<p>K\u00edch th\u01b0\u1edbc s\u1ea3n ph\u1ea9m: 152*215*87<br \/>K\u00edch th\u01b0\u1edbc t\u1ea5m: 150*130<br \/>K\u00edch th\u01b0\u1edbc h\u1ed9p qu\u00e0: 183*120*250<br \/>K\u00edch th\u01b0\u1edbc th\u00f9ng carton: 380*378*520<br \/>S\u1ed1 l\u01b0\u1ee3ng\/Th\u00f9ng: 12pcs<br \/>S\u1ed1 l\u01b0\u1ee3ng\/20':4500 C\u00c1I<br \/>S\u1ed1 l\u01b0\u1ee3ng\/40':9156 C\u00c1I<br \/>Qty\/40\u2019HQ:10920PCS<\/p>","protected":false},"excerpt":{"rendered":"<p><span style=\"color: #09090b;font-family: Inter, 'SF Pro Text', Roboto, 'Helvetica Neue', Helvetica, Tahoma, Arial, 'PingFang SC', 'Microsoft YaHei';font-size: medium;font-style: normal;font-weight: 400;letter-spacing: normal;text-align: start;text-indent: 0px;text-transform: none;white-space: pre;background-color: #ffffff;float: none\">M\u00e1y l\u00e0m b\u00e1nh sandwich gi\u00e1 r\u1ebb c\u01a1 b\u1ea3n c\u00f3 th\u1ec3 t\u00f9y ch\u1ec9nh mini Panini Press M\u00e1y l\u00e0m b\u00e1nh qu\u1ebf N\u01b0\u1edbng b\u00e1nh m\u00ec n\u01b0\u1edbng <\/span><\/p>\n<p><span style=\"color: #09090b;font-family: Inter, 'SF Pro Text', Roboto, 'Helvetica Neue', Helvetica, Tahoma, Arial, 'PingFang SC', 'Microsoft YaHei';font-size: medium;font-style: normal;font-weight: 400;letter-spacing: normal;text-align: start;text-indent: 0px;text-transform: none;white-space: pre;background-color: #ffffff;float: none\">M\u00e1y l\u00e0m b\u00e1nh qu\u1ebf mini M\u00e1y l\u00e0m b\u00e1nh qu\u1ebf s\u1eaft gia \u0111\u00ecnh B\u1ec9<\/span><\/p>","protected":false},"featured_media":1477,"comment_status":"open","ping_status":"closed","template":"","meta":[],"product_cat":[27],"product_tag":[137],"class_list":{"0":"post-1475","1":"product","2":"type-product","3":"status-publish","4":"has-post-thumbnail","6":"product_cat-sandwich-maker","7":"product_tag-mini-customizable-basic-cheap-sandwich-makers-panini-press-waffle-maker-grill-toast-mini-waffle-maker-machine-belgian-waffle-iron-household-snack-maker","9":"first","10":"instock","11":"shipping-taxable","12":"product-type-simple"},"_links":{"self":[{"href":"https:\/\/www.nbhonglu.com\/vi\/wp-json\/wp\/v2\/product\/1475","targetHints":{"allow":["GET"]}}],"collection":[{"href":"https:\/\/www.nbhonglu.com\/vi\/wp-json\/wp\/v2\/product"}],"about":[{"href":"https:\/\/www.nbhonglu.com\/vi\/wp-json\/wp\/v2\/types\/product"}],"replies":[{"embeddable":true,"href":"https:\/\/www.nbhonglu.com\/vi\/wp-json\/wp\/v2\/comments?post=1475"}],"version-history":[{"count":1,"href":"https:\/\/www.nbhonglu.com\/vi\/wp-json\/wp\/v2\/product\/1475\/revisions"}],"predecessor-version":[{"id":1483,"href":"https:\/\/www.nbhonglu.com\/vi\/wp-json\/wp\/v2\/product\/1475\/revisions\/1483"}],"wp:featuredmedia":[{"embeddable":true,"href":"https:\/\/www.nbhonglu.com\/vi\/wp-json\/wp\/v2\/media\/1477"}],"wp:attachment":[{"href":"https:\/\/www.nbhonglu.com\/vi\/wp-json\/wp\/v2\/media?parent=1475"}],"wp:term":[{"taxonomy":"product_cat","embeddable":true,"href":"https:\/\/www.nbhonglu.com\/vi\/wp-json\/wp\/v2\/product_cat?post=1475"},{"taxonomy":"product_tag","embeddable":true,"href":"https:\/\/www.nbhonglu.com\/vi\/wp-json\/wp\/v2\/product_tag?post=1475"}],"curies":[{"name":"wp","href":"https:\/\/api.w.org\/{rel}","templated":true}]}}