{"id":1009,"date":"2025-04-25T13:39:04","date_gmt":"2025-04-25T05:39:04","guid":{"rendered":"https:\/\/honglu.gg12.globaldeepsea.site\/?post_type=product&#038;p=1009"},"modified":"2025-05-21T14:20:17","modified_gmt":"2025-05-21T06:20:17","slug":"hl-160a-sandwich-maker","status":"publish","type":"product","link":"https:\/\/www.nbhonglu.com\/vi\/san-pham\/hl-160a-sandwich-maker\/","title":{"rendered":"Nh\u00e0 s\u1ea3n xu\u1ea5t b\u00e1nh sandwich HL-160A"},"content":{"rendered":"<p>nh\u00e0 s\u1ea3n xu\u1ea5t b\u00e1nh sandwich \u0111a n\u0103ng c\u1ee7a ch\u00fang t\u00f4i l\u00e0 m\u1ed9t c\u01b0\u1eddng qu\u1ed1c \u1ea9m th\u1ef1c m\u1edf ra m\u1ed9t th\u1ebf gi\u1edbi c\u1ee7a nh\u1eefng kh\u1ea3 n\u0103ng ngon mi\u1ec7ng. n\u00f3 c\u00f3 th\u1ec3 d\u1ec5 d\u00e0ng bi\u1ebfn nh\u1eefng l\u00e1t b\u00e1nh m\u00ec \u0111\u01a1n gi\u1ea3n th\u00e0nh b\u00e1nh sandwich ph\u00f4 mai n\u01b0\u1edbng c\u1ed5 \u0111i\u1ec3n, v\u1edbi ph\u00f4 mai tan ch\u1ea3y \u0111\u1ebfn s\u1ef1 ho\u00e0n h\u1ea3o gi\u1eefa b\u00e1nh m\u00ec \u1ea5m \u00e1p, gi\u00f2n. b\u1ea1n c\u0169ng c\u00f3 th\u1ec3 t\u1ea1o ra c\u00e1c k\u1ebft h\u1ee3p gi\u0103m b\u00f4ng v\u00e0 ph\u00f4 mai h\u1ea5p d\u1eabn, trong \u0111\u00f3 gi\u0103m b\u00f4ng m\u1eb7n c\u00f3 \u0111\u01b0\u1ee3c m\u1ed9t lo\u1ea1i sear tr\u00eau ng\u01b0\u01a1i, v\u00e0 c\u00e1c lo\u1ea1i ph\u00f4 mai c\u00f3 h\u01b0\u01a1ng v\u1ecb.<br \/>\n\u0111\u1ed1i v\u1edbi m\u1ed9t l\u1ef1a ch\u1ecdn l\u00e0nh m\u1ea1nh h\u01a1n, n\u00f3 c\u00f3 th\u1ec3 l\u00e0m b\u00e1nh sandwich \u0111\u1ea7y rau, gi\u00f2n b\u00e1nh m\u00ec trong khi nh\u1eb9 nh\u00e0ng l\u00e0m \u1ea5m c\u00e1c lo\u1ea1i rau t\u01b0\u01a1i nh\u01b0 c\u00e0 chua, d\u01b0a chu\u1ed9t v\u00e0 rau di\u1ebfp, t\u1ea5t c\u1ea3 \u0111\u01b0\u1ee3c t\u1ed5 ch\u1ee9c c\u00f9ng v\u1edbi s\u1ef1 l\u00e2y lan y\u00eau th\u00edch c\u1ee7a b\u1ea1n. n\u00f3 c\u0169ng r\u1ea5t gi\u1ecfi trong vi\u1ec7c l\u00e0m b\u00e1nh sandwich g\u00e0 n\u01b0\u1edbng, mang l\u1ea1i cho con g\u00e0 m\u1ed9t l\u1edbp v\u1ecf m\u00e0u n\u00e2u v\u00e0ng th\u01a1m ngon v\u00e0 truy\u1ec1n n\u00f3 v\u1edbi h\u01b0\u01a1ng v\u1ecb th\u01a1m ngon. v\u00e0 n\u1ebfu b\u1ea1n \u0111ang \u1edf trong t\u00e2m tr\u1ea1ng cho m\u1ed9t th\u1ee9 g\u00ec \u0111\u00f3 ng\u1ecdt ng\u00e0o, h\u00e3y s\u1eed d\u1ee5ng n\u00f3 \u0111\u1ec3 l\u00e0m cho m\u1ed9t nutella \u1ea5m \u00e1p v\u00e0 b\u01a1 \u0111\u1eadu ph\u1ed9ng v\u00e0 b\u00e1nh sandwich th\u1ea1ch, v\u1edbi c\u00e1c ch\u1ea5t tr\u00e1m tan v\u1eeba ph\u1ea3i \u0111\u1ec3 t\u1ea1o ra m\u1ed9t \u0111i\u1ec1u tr\u1ecb suy \u0111\u1ed3i. v\u1edbi nh\u00e0 s\u1ea3n xu\u1ea5t b\u00e1nh sandwich n\u00e0y, gi\u1edbi h\u1ea1n duy nh\u1ea5t l\u00e0 tr\u00ed t\u01b0\u1edfng t\u01b0\u1ee3ng c\u1ee7a b\u1ea1n v\u00e0 n\u00f3 s\u1ebd nhanh ch\u00f3ng tr\u1edf th\u00e0nh thi\u1ebft b\u1ecb c\u1ee7a b\u1ea1n \u0111\u1ec3 t\u1ea1o ra nhi\u1ec1u lo\u1ea1i b\u00e1nh sandwich h\u1ea3o h\u1ea1ng \u0111\u1ec3 \u0111\u00e1p \u1ee9ng b\u1ea5t k\u1ef3 s\u1ef1 th\u00e8m mu\u1ed1n n\u00e0o.<\/p>","protected":false},"excerpt":{"rendered":"<p>220-240v 50-60hz 1500w<br \/>\n120V 60Hz 1200W<br \/>\nNon-stick coating plates for easy cleaning<br \/>\nCool touch handle<br \/>\nPower and ready light indicators<br \/>\nB\u1ed9 \u0111i\u1ec1u nhi\u1ec7t an to\u00e0n v\u00e0 b\u1ea3o v\u1ec7 c\u1ea7u ch\u00ec nhi\u1ec7t<br \/>\nSkid-resistant feet<br \/>\nStand upright for compact storage<\/p>\n<p>k\u00edch th\u01b0\u1edbc s\u1ea3n ph\u1ea9m: 252*312*99<br \/>\nk\u00edch th\u01b0\u1edbc t\u1ea5m: 250*216<br \/>\nk\u00edch th\u01b0\u1edbc h\u1ed9p qu\u00e0 t\u1eb7ng: 284*118*344<br \/>\nk\u00edch th\u01b0\u1edbc carton: 492*296*362<br \/>\nQuantity\/carton:4PCS<br \/>\nqty\/20: 2124pcs<br \/>\nqty\/40: 4324pcs<br \/>\nqty\/40'hq: 5160pcs<\/p>","protected":false},"featured_media":1018,"comment_status":"open","ping_status":"closed","template":"","meta":[],"product_cat":[27],"product_tag":[66,67,29,71,69,68],"class_list":{"0":"post-1009","1":"product","2":"type-product","3":"status-publish","4":"has-post-thumbnail","6":"product_cat-sandwich-maker","7":"product_tag-4-slice-electric-non-stick-bread-toaster","8":"product_tag-breakfast-machine","9":"product_tag-electric-contact-grill","10":"product_tag-home-electric-panini-maker","11":"product_tag-household-waffle-maker-machine","12":"product_tag-sandwich-maker","14":"first","15":"instock","16":"shipping-taxable","17":"product-type-simple"},"_links":{"self":[{"href":"https:\/\/www.nbhonglu.com\/vi\/wp-json\/wp\/v2\/product\/1009","targetHints":{"allow":["GET"]}}],"collection":[{"href":"https:\/\/www.nbhonglu.com\/vi\/wp-json\/wp\/v2\/product"}],"about":[{"href":"https:\/\/www.nbhonglu.com\/vi\/wp-json\/wp\/v2\/types\/product"}],"replies":[{"embeddable":true,"href":"https:\/\/www.nbhonglu.com\/vi\/wp-json\/wp\/v2\/comments?post=1009"}],"version-history":[{"count":1,"href":"https:\/\/www.nbhonglu.com\/vi\/wp-json\/wp\/v2\/product\/1009\/revisions"}],"predecessor-version":[{"id":1019,"href":"https:\/\/www.nbhonglu.com\/vi\/wp-json\/wp\/v2\/product\/1009\/revisions\/1019"}],"wp:featuredmedia":[{"embeddable":true,"href":"https:\/\/www.nbhonglu.com\/vi\/wp-json\/wp\/v2\/media\/1018"}],"wp:attachment":[{"href":"https:\/\/www.nbhonglu.com\/vi\/wp-json\/wp\/v2\/media?parent=1009"}],"wp:term":[{"taxonomy":"product_cat","embeddable":true,"href":"https:\/\/www.nbhonglu.com\/vi\/wp-json\/wp\/v2\/product_cat?post=1009"},{"taxonomy":"product_tag","embeddable":true,"href":"https:\/\/www.nbhonglu.com\/vi\/wp-json\/wp\/v2\/product_tag?post=1009"}],"curies":[{"name":"wp","href":"https:\/\/api.w.org\/{rel}","templated":true}]}}