{"id":109,"date":"2024-12-11T20:32:25","date_gmt":"2024-12-11T12:32:25","guid":{"rendered":"https:\/\/honglu.gg12.globaldeepsea.site\/?page_id=109"},"modified":"2025-12-18T16:40:17","modified_gmt":"2025-12-18T08:40:17","slug":"about","status":"publish","type":"page","link":"https:\/\/www.nbhonglu.com\/vi\/about\/","title":{"rendered":"V\u1ec1"},"content":{"rendered":"<div data-elementor-type=\"wp-page\" data-elementor-id=\"109\" class=\"elementor elementor-109\" data-elementor-post-type=\"page\">\n\t\t\t\t<div class=\"elementor-element elementor-element-0d8ca1c e-flex e-con-boxed e-con e-parent\" data-id=\"0d8ca1c\" data-element_type=\"container\" data-settings=\"{&quot;background_background&quot;:&quot;classic&quot;}\">\n\t\t\t\t\t<div class=\"e-con-inner\">\n\t\t<div class=\"elementor-element elementor-element-c12758e e-con-full animated-slow e-flex elementor-invisible e-con e-child\" data-id=\"c12758e\" data-element_type=\"container\" data-settings=\"{&quot;background_background&quot;:&quot;classic&quot;,&quot;animation&quot;:&quot;fadeInLeft&quot;}\">\n\t\t\t\t<div class=\"elementor-element elementor-element-b55ae4f elementor-widget elementor-widget-heading\" data-id=\"b55ae4f\" data-element_type=\"widget\" data-widget_type=\"heading.default\">\n\t\t\t\t<div class=\"elementor-widget-container\">\n\t\t\t<h2 class=\"elementor-heading-title elementor-size-default\">V\u1ec1 ch\u00fang t\u00f4i<\/h2>\t\t<\/div>\n\t\t\t\t<\/div>\n\t\t\t\t<div class=\"elementor-element elementor-element-c4b8116 elementor-icon-list--layout-inline elementor-align-center elementor-list-item-link-full_width elementor-widget elementor-widget-icon-list\" data-id=\"c4b8116\" data-element_type=\"widget\" data-widget_type=\"icon-list.default\">\n\t\t\t\t<div class=\"elementor-widget-container\">\n\t\t\t\t\t<ul class=\"elementor-icon-list-items elementor-inline-items\">\n\t\t\t\t\t\t\t<li class=\"elementor-icon-list-item elementor-inline-item\">\n\t\t\t\t\t\t\t\t\t\t<span class=\"elementor-icon-list-text\">Trang ch\u1ee7<\/span>\n\t\t\t\t\t\t\t\t\t<\/li>\n\t\t\t\t\t\t\t\t<li class=\"elementor-icon-list-item elementor-inline-item\">\n\t\t\t\t\t\t\t\t\t\t\t<span class=\"elementor-icon-list-icon\">\n\t\t\t\t\t\t\t<svg aria-hidden=\"true\" class=\"e-font-icon-svg e-fas-chevron-right\" viewbox=\"0 0 320 512\" xmlns=\"http:\/\/www.w3.org\/2000\/svg\"><path d=\"M285.476 272.971L91.132 467.314c-9.373 9.373-24.569 9.373-33.941 0l-22.667-22.667c-9.357-9.357-9.375-24.522-.04-33.901L188.505 256 34.484 101.255c-9.335-9.379-9.317-24.544.04-33.901l22.667-22.667c9.373-9.373 24.569-9.373 33.941 0L285.475 239.03c9.373 9.372 9.373 24.568.001 33.941z\"><\/path><\/svg>\t\t\t\t\t\t<\/span>\n\t\t\t\t\t\t\t\t\t\t<span class=\"elementor-icon-list-text\">V\u1ec1<\/span>\n\t\t\t\t\t\t\t\t\t<\/li>\n\t\t\t\t\t\t<\/ul>\n\t\t\t\t<\/div>\n\t\t\t\t<\/div>\n\t\t\t\t<\/div>\n\t\t<div class=\"elementor-element elementor-element-e0eef72 e-con-full e-flex e-con e-child\" data-id=\"e0eef72\" data-element_type=\"container\" data-settings=\"{&quot;background_background&quot;:&quot;classic&quot;}\">\n\t\t\t\t<\/div>\n\t\t\t\t\t<\/div>\n\t\t\t\t<\/div>\n\t\t<div class=\"elementor-element elementor-element-6dde537 e-flex e-con-boxed e-con e-parent\" data-id=\"6dde537\" data-element_type=\"container\">\n\t\t\t\t\t<div class=\"e-con-inner\">\n\t\t<div class=\"elementor-element elementor-element-99f1ab9 e-con-full e-flex e-con e-child\" data-id=\"99f1ab9\" data-element_type=\"container\" data-settings=\"{&quot;background_background&quot;:&quot;classic&quot;}\">\n\t\t\t\t<div class=\"elementor-element elementor-element-158539c elementor-widget elementor-widget-spacer\" data-id=\"158539c\" data-element_type=\"widget\" data-widget_type=\"spacer.default\">\n\t\t\t\t<div class=\"elementor-widget-container\">\n\t\t\t\t\t<div class=\"elementor-spacer\">\n\t\t\t<div class=\"elementor-spacer-inner\"><\/div>\n\t\t<\/div>\n\t\t\t\t<\/div>\n\t\t\t\t<\/div>\n\t\t\t\t<\/div>\n\t\t<div class=\"elementor-element elementor-element-14dcdb3 animated-slow e-con-full e-flex elementor-invisible e-con e-child\" data-id=\"14dcdb3\" data-element_type=\"container\" data-settings=\"{&quot;animation&quot;:&quot;fadeInRight&quot;}\">\n\t\t<div class=\"elementor-element elementor-element-c765db8 e-con-full e-flex e-con e-child\" data-id=\"c765db8\" data-element_type=\"container\">\n\t\t\t\t<div class=\"elementor-element elementor-element-8d0330b elementor-widget elementor-widget-heading\" data-id=\"8d0330b\" data-element_type=\"widget\" data-widget_type=\"heading.default\">\n\t\t\t\t<div class=\"elementor-widget-container\">\n\t\t\t<h2 class=\"elementor-heading-title elementor-size-default\">Ningbo Honglu Intelligent Technology Co., Ltd.<\/h2>\t\t<\/div>\n\t\t\t\t<\/div>\n\t\t\t\t<\/div>\n\t\t\t\t<div class=\"elementor-element elementor-element-6902804 elementor-widget elementor-widget-text-editor\" data-id=\"6902804\" data-element_type=\"widget\" data-widget_type=\"text-editor.default\">\n\t\t\t\t<div class=\"elementor-widget-container\">\n\t\t\t\t\t\t\t<p>Founded in 2024, Ningbo Honglu Intelligent Technology Co . , LTD. Is located in Cixi City, Ningbo, one of the home appliance manufacturing bases in China.<\/p><p>Ningbo Honglu Intelligent Technology Co . , LTD.\u00a0Is a \u00a0professional R&amp;D and production of sandwich maker ,grills and other barbecue household\u00a0kitchen appliances for export manufacturers. Our products have passed numerous domestic and international authoritative certifications, including CCC, UL, GS, CE, ROHS, BSCI, and ETL. We strictly follow the ISO9001-2015 international quality management system, ensuring that our product quality meets international standards.\u00a0<\/p>\t\t\t\t\t\t<\/div>\n\t\t\t\t<\/div>\n\t\t\t\t<\/div>\n\t\t\t\t\t<\/div>\n\t\t\t\t<\/div>\n\t\t<div class=\"elementor-element elementor-element-3f1d1d4 e-flex e-con-boxed e-con e-parent\" data-id=\"3f1d1d4\" data-element_type=\"container\">\n\t\t\t\t\t<div class=\"e-con-inner\">\n\t\t<div class=\"elementor-element elementor-element-7f6b1b3 animated-slow e-con-full e-flex elementor-invisible e-con e-child\" data-id=\"7f6b1b3\" data-element_type=\"container\" data-settings=\"{&quot;animation&quot;:&quot;fadeInUp&quot;}\">\n\t\t\t\t<div class=\"elementor-element elementor-element-32c914e elementor-widget elementor-widget-text-editor\" data-id=\"32c914e\" data-element_type=\"widget\" data-widget_type=\"text-editor.default\">\n\t\t\t\t<div class=\"elementor-widget-container\">\n\t\t\t\t\t\t\tCh\u00fang t\u00f4i l\u00e0 m\u1ed9t c\u00f4ng ty cam k\u1ebft \u0111\u1ed5i m\u1edbi c\u00e1c thi\u1ebft b\u1ecb gia d\u1ee5ng, k\u1ec3 t\u1eeb khi th\u00e0nh l\u1eadp, lu\u00f4n tu\u00e2n th\u1ee7 kh\u00e1i ni\u1ec7m c\u1ed1t l\u00f5i \u201cc\u00f4ng ngh\u1ec7 d\u1eabn \u0111\u1ea7u t\u01b0\u01a1ng lai, \u0111\u1ed5i m\u1edbi t\u1ea1o n\u00ean \u01b0\u1edbc m\u01a1\u201d, \u0111\u1ec3 cung c\u1ea5p c\u00e1c d\u1ecbch v\u1ee5 hi\u1ec7u qu\u1ea3, an to\u00e0n v\u00e0 \u0111\u00e1ng tin c\u1eady cho h\u00e0ng ngh\u00ecn h\u1ed9 gia \u0111\u00ecnh. Cung c\u1ea5p cho kh\u00e1ch h\u00e0ng m\u1ed9t lo\u1ea1t c\u00e1c gi\u1ea3i ph\u00e1p ph\u00e1t tri\u1ec3n s\u1ea3n ph\u1ea9m t\u00f9y ch\u1ec9nh.\nC\u00f4ng ty c\u00f3 \u0111\u1ed9i ng\u0169 nghi\u00ean c\u1ee9u ph\u00e1t tri\u1ec3n m\u1ea1nh m\u1ebd v\u00e0 n\u1ec1n t\u1ea3ng c\u00f4ng ngh\u1ec7 ti\u00ean ti\u1ebfn, \u0111\u1ed3ng th\u1eddi kh\u00f4ng ng\u1eebng kh\u00e1m ph\u00e1 c\u00e1c c\u00f4ng ngh\u1ec7 m\u1edbi v\u00e0 ph\u01b0\u01a1ng ph\u00e1p m\u1edbi \u0111\u1ec3 \u0111\u00e1p \u1ee9ng nhu c\u1ea7u lu\u00f4n thay \u0111\u1ed5i c\u1ee7a th\u1ecb tr\u01b0\u1eddng. Ch\u00fang t\u00f4i bi\u1ebft r\u1eb1ng s\u1ef1 tin t\u01b0\u1edfng v\u00e0 \u1ee7ng h\u1ed9 c\u1ee7a kh\u00e1ch h\u00e0ng l\u00e0 n\u1ec1n t\u1ea3ng cho s\u1ef1 ph\u00e1t tri\u1ec3n c\u1ee7a c\u00f4ng ty. V\u00ec v\u1eady, ch\u00fang t\u00f4i lu\u00f4n tu\u00e2n th\u1ee7 quan ni\u1ec7m d\u1ecbch v\u1ee5 \u201cl\u1ea5y kh\u00e1ch h\u00e0ng l\u00e0m trung t\u00e2m\u201d.\nC\u00f4ng ty TNHH C\u00f4ng ngh\u1ec7 Th\u00f4ng minh Ninh Ba Honglu s\u1ebd ti\u1ebfp t\u1ee5c n\u00eau cao tinh th\u1ea7n \u0111\u1ed5i m\u1edbi, kh\u00f4ng ng\u1eebng t\u1ed1i \u01b0u h\u00f3a s\u1ea3n ph\u1ea9m v\u00e0 d\u1ecbch v\u1ee5, \u0111\u1ed3ng th\u1eddi ph\u1ea5n \u0111\u1ea5u tr\u1edf th\u00e0nh c\u00f4ng ty d\u1eabn \u0111\u1ea7u trong ng\u00e0nh. Ch\u00fang t\u00f4i mong mu\u1ed1n \u0111\u01b0\u1ee3c l\u00e0m vi\u1ec7c v\u1edbi nhi\u1ec1u kh\u00e1ch h\u00e0ng h\u01a1n \u0111\u1ec3 t\u1ea1o ra m\u1ed9t t\u01b0\u01a1ng lai r\u1ef1c r\u1ee1.\t\t\t\t\t\t<\/div>\n\t\t\t\t<\/div>\n\t\t\t\t<\/div>\n\t\t\t\t<div class=\"elementor-element elementor-element-b29f8c2 elementor-widget elementor-widget-video\" data-id=\"b29f8c2\" data-element_type=\"widget\" data-settings=\"{&quot;youtube_url&quot;:&quot;www.youtube.com\\\/watch?v=IgzE0sjsgXg&quot;,&quot;video_type&quot;:&quot;youtube&quot;,&quot;controls&quot;:&quot;yes&quot;}\" data-widget_type=\"video.default\">\n\t\t\t\t<div class=\"elementor-widget-container\">\n\t\t\t\t\t<div class=\"elementor-wrapper elementor-open-inline\">\n\t\t\t<div class=\"elementor-video\"><\/div>\t\t<\/div>\n\t\t\t\t<\/div>\n\t\t\t\t<\/div>\n\t\t\t\t\t<\/div>\n\t\t\t\t<\/div>\n\t\t<div class=\"elementor-element elementor-element-64237ff e-flex e-con-boxed e-con e-parent\" data-id=\"64237ff\" data-element_type=\"container\" data-settings=\"{&quot;background_background&quot;:&quot;classic&quot;}\">\n\t\t\t\t\t<div class=\"e-con-inner\">\n\t\t<div class=\"elementor-element elementor-element-5b29ca9 animated-slow e-con-full e-flex elementor-invisible e-con e-child\" data-id=\"5b29ca9\" data-element_type=\"container\" data-settings=\"{&quot;animation&quot;:&quot;fadeInUp&quot;}\">\n\t\t<div class=\"elementor-element elementor-element-aa36b92 e-con-full e-flex e-con e-child\" data-id=\"aa36b92\" data-element_type=\"container\">\n\t\t\t\t<div class=\"elementor-element elementor-element-b1c4ea8 elementor-widget elementor-widget-heading\" data-id=\"b1c4ea8\" data-element_type=\"widget\" data-widget_type=\"heading.default\">\n\t\t\t\t<div class=\"elementor-widget-container\">\n\t\t\t<h2 class=\"elementor-heading-title elementor-size-default\">Great Kitchenware, For any Kitchen\u200b<\/h2>\t\t<\/div>\n\t\t\t\t<\/div>\n\t\t\t\t<\/div>\n\t\t<div class=\"elementor-element elementor-element-7e3aeec e-con-full e-flex e-con e-child\" data-id=\"7e3aeec\" data-element_type=\"container\">\n\t\t\t\t<div class=\"elementor-element elementor-element-37a845f elementor-widget elementor-widget-text-editor\" data-id=\"37a845f\" data-element_type=\"widget\" data-widget_type=\"text-editor.default\">\n\t\t\t\t<div class=\"elementor-widget-container\">\n\t\t\t\t\t\t\t<p>\u0110\u1ed3 d\u00f9ng nh\u00e0 b\u1ebfp tuy\u1ec7t v\u1eddi cho n\u1ea5u \u0103n d\u1ec5 d\u00e0ng - cho b\u1ea5t k\u1ef3 nh\u00e0 b\u1ebfp! Li\u00ean h\u1ec7 v\u1edbi ch\u00fang t\u00f4i ngay b\u00e2y gi\u1edd<\/p>\t\t\t\t\t\t<\/div>\n\t\t\t\t<\/div>\n\t\t\t\t<\/div>\n\t\t\t\t<div class=\"elementor-element elementor-element-6cd2ee4 elementor-align-center elementor-widget__width-auto elementor-widget elementor-widget-button\" data-id=\"6cd2ee4\" data-element_type=\"widget\" data-widget_type=\"button.default\">\n\t\t\t\t<div class=\"elementor-widget-container\">\n\t\t\t\t\t\t\t<div class=\"elementor-button-wrapper\">\n\t\t\t\t\t<a class=\"elementor-button elementor-button-link elementor-size-sm elementor-animation-shrink\" href=\"https:\/\/www.nbhonglu.com\/vi\/inquiry\/\">\n\t\t\t\t\t\t<span class=\"elementor-button-content-wrapper\">\n\t\t\t\t\t\t\t\t\t<span class=\"elementor-button-text\">Hi\u1ec3n th\u1ecb ngay b\u00e2y gi\u1edd<\/span>\n\t\t\t\t\t<\/span>\n\t\t\t\t\t<\/a>\n\t\t\t\t<\/div>\n\t\t\t\t\t\t<\/div>\n\t\t\t\t<\/div>\n\t\t\t\t<\/div>\n\t\t\t\t\t<\/div>\n\t\t\t\t<\/div>\n\t\t\t\t<\/div>","protected":false},"excerpt":{"rendered":"<p>About Us Home About Ningbo Honglu Intelligent Technology Co., Ltd. Founded in 2024, Ningbo Honglu Intelligent Technology Co . , LTD. Is located in Cixi City, Ningbo, one of the home appliance manufacturing bases in China. Ningbo Honglu Intelligent Technology Co . , LTD.\u00a0Is a \u00a0professional R&amp;D and production of sandwich maker ,grills and other [\u2026]<\/p>","protected":false},"author":1,"featured_media":0,"parent":0,"menu_order":0,"comment_status":"closed","ping_status":"closed","template":"elementor_header_footer","meta":{"footnotes":""},"class_list":["post-109","page","type-page","status-publish","hentry"],"_links":{"self":[{"href":"https:\/\/www.nbhonglu.com\/vi\/wp-json\/wp\/v2\/pages\/109","targetHints":{"allow":["GET"]}}],"collection":[{"href":"https:\/\/www.nbhonglu.com\/vi\/wp-json\/wp\/v2\/pages"}],"about":[{"href":"https:\/\/www.nbhonglu.com\/vi\/wp-json\/wp\/v2\/types\/page"}],"author":[{"embeddable":true,"href":"https:\/\/www.nbhonglu.com\/vi\/wp-json\/wp\/v2\/users\/1"}],"replies":[{"embeddable":true,"href":"https:\/\/www.nbhonglu.com\/vi\/wp-json\/wp\/v2\/comments?post=109"}],"version-history":[{"count":61,"href":"https:\/\/www.nbhonglu.com\/vi\/wp-json\/wp\/v2\/pages\/109\/revisions"}],"predecessor-version":[{"id":1427,"href":"https:\/\/www.nbhonglu.com\/vi\/wp-json\/wp\/v2\/pages\/109\/revisions\/1427"}],"wp:attachment":[{"href":"https:\/\/www.nbhonglu.com\/vi\/wp-json\/wp\/v2\/media?parent=109"}],"curies":[{"name":"wp","href":"https:\/\/api.w.org\/{rel}","templated":true}]}}