{"id":279,"date":"2024-12-16T14:33:12","date_gmt":"2024-12-16T06:33:12","guid":{"rendered":"https:\/\/honglu.gg12.globaldeepsea.site\/?post_type=product&#038;p=279"},"modified":"2025-05-21T15:06:45","modified_gmt":"2025-05-21T07:06:45","slug":"hl-200-replaceable-sandwichmaker","status":"publish","type":"product","link":"https:\/\/www.nbhonglu.com\/tr\/urun\/hl-200-replaceable-sandwichmaker\/","title":{"rendered":"HL-200 Detachable Sandwich Maker"},"content":{"rendered":"<p>\u00c7\u0131kar\u0131labilir sandvi\u00e7 \u00fcreticimiz mutfa\u011f\u0131n\u0131za yenilik\u00e7i ve pratik bir katk\u0131 olarak \u00f6ne \u00e7\u0131k\u0131yor. De\u011fi\u015fken plaka sistemi, cihaz\u0131 farkl\u0131 form ve tutarl\u0131l\u0131klara sahip sandvi\u00e7ler \u00fcretmek i\u00e7in zahmetsizce d\u00f6n\u00fc\u015ft\u00fcrmenizi sa\u011flar.<br \/>\nPlakalar, pi\u015fmi\u015f yiyeceklerin \u00e7\u0131kar\u0131lmas\u0131n\u0131 kolayla\u015ft\u0131ran ve temizleme i\u015flemini basitle\u015ftiren y\u00fcksek kaliteli bir yap\u0131\u015fmaz malzeme ile kaplanm\u0131\u015ft\u0131r. S\u0131cakl\u0131k hassasiyetle ayarlanabilir, \u0131s\u0131 seviyesini belirli sandvi\u00e7 yapma ihtiya\u00e7lar\u0131n\u0131za g\u00f6re uyarlaman\u0131z i\u00e7in g\u00fc\u00e7lendirilebilir ve her seferinde kusursuz bir k\u0131zard\u0131rma sonucu sa\u011flar. Bu cihaz, herhangi bir mutfak y\u00fczeyine rahat bir \u015fekilde oturan kompakt ve kullan\u0131c\u0131 dostu bir form fakt\u00f6r\u00fc ile tasarlanm\u0131\u015ft\u0131r.<br \/>\nSa\u011flam yap\u0131 kalitesi sadece dayan\u0131kl\u0131l\u0131\u011f\u0131n\u0131 sa\u011flamakla kalmaz, ayn\u0131 zamanda uzun bir s\u00fcre boyunca g\u00fcvenilir ve tutarl\u0131 performans vaat eder. Basit ve geleneksel bir sandvi\u00e7 ya da sofistike ve lezzetli bir panini olsun, de\u011fi\u015ftirilebilir sandvi\u00e7 \u00fcreticimiz, tat tomurcuklar\u0131n\u0131z\u0131 kar\u015f\u0131lamak i\u00e7in a\u011f\u0131z suland\u0131ran ve ki\u015fiselle\u015ftirilmi\u015f sandvi\u00e7 yapmak i\u00e7in ideal bir ara\u00e7t\u0131r.<\/p>","protected":false},"excerpt":{"rendered":"<p>Cool touch handle<br \/>\nPower and ready light indicators<br \/>\nAutomatic temperature control<br \/>\nNon-stick coating plates for easy cleaning<br \/>\nAutolock clip<br \/>\nCord-wrap and upright for storage<br \/>\nSS \u00fcst kapak dekorasyonu<br \/>\nSkid-resistant feet<br \/>\n220-240V 50-60Hz 750W<br \/>\n120v 60hz 750w<\/p>\n<p>\u00fcr\u00fcn boyutu: 228*219*97<br \/>\nPlate size:215*125<br \/>\nhediye kutusu boyutu: 262*121*266<br \/>\nkarton boyutu: 381*275*552<br \/>\nmiktar\/karton: 6 adet<br \/>\nMiktar\/20 \u2032: 2904pcs<br \/>\nMiktar\/40 \u2032: 5916pcs<br \/>\nQty\/40\u2019HQ:7056PCS<\/p>","protected":false},"featured_media":280,"comment_status":"open","ping_status":"closed","template":"","meta":[],"product_cat":[28],"product_tag":[75,74,78,77,72,73,76],"class_list":{"0":"post-279","1":"product","2":"type-product","3":"status-publish","4":"has-post-thumbnail","6":"product_cat-detachable-sandwich-maker","7":"product_tag-2-slices-removable-plates-panini-press","8":"product_tag-bread-toaster-sandwich-waffle-maker","9":"product_tag-detachable-household-waffle-maker-machine","10":"product_tag-electric-3-in-1-breakfast-machine","11":"product_tag-hot-sale-sandwich-maker","12":"product_tag-non-stick-sandwich-press","13":"product_tag-press-grill-machine-for-household","15":"first","16":"instock","17":"shipping-taxable","18":"product-type-simple"},"_links":{"self":[{"href":"https:\/\/www.nbhonglu.com\/tr\/wp-json\/wp\/v2\/product\/279","targetHints":{"allow":["GET"]}}],"collection":[{"href":"https:\/\/www.nbhonglu.com\/tr\/wp-json\/wp\/v2\/product"}],"about":[{"href":"https:\/\/www.nbhonglu.com\/tr\/wp-json\/wp\/v2\/types\/product"}],"replies":[{"embeddable":true,"href":"https:\/\/www.nbhonglu.com\/tr\/wp-json\/wp\/v2\/comments?post=279"}],"version-history":[{"count":4,"href":"https:\/\/www.nbhonglu.com\/tr\/wp-json\/wp\/v2\/product\/279\/revisions"}],"predecessor-version":[{"id":1026,"href":"https:\/\/www.nbhonglu.com\/tr\/wp-json\/wp\/v2\/product\/279\/revisions\/1026"}],"wp:featuredmedia":[{"embeddable":true,"href":"https:\/\/www.nbhonglu.com\/tr\/wp-json\/wp\/v2\/media\/280"}],"wp:attachment":[{"href":"https:\/\/www.nbhonglu.com\/tr\/wp-json\/wp\/v2\/media?parent=279"}],"wp:term":[{"taxonomy":"product_cat","embeddable":true,"href":"https:\/\/www.nbhonglu.com\/tr\/wp-json\/wp\/v2\/product_cat?post=279"},{"taxonomy":"product_tag","embeddable":true,"href":"https:\/\/www.nbhonglu.com\/tr\/wp-json\/wp\/v2\/product_tag?post=279"}],"curies":[{"name":"wp","href":"https:\/\/api.w.org\/{rel}","templated":true}]}}