{"id":276,"date":"2024-12-16T14:27:50","date_gmt":"2024-12-16T06:27:50","guid":{"rendered":"https:\/\/honglu.gg12.globaldeepsea.site\/?post_type=product&#038;p=276"},"modified":"2025-05-21T15:07:17","modified_gmt":"2025-05-21T07:07:17","slug":"hl-200a-replaceable-sandwichmaker","status":"publish","type":"product","link":"https:\/\/www.nbhonglu.com\/tr\/urun\/hl-200a-replaceable-sandwichmaker\/","title":{"rendered":"HL-200b \u00e7\u0131kar\u0131labilir sandvi\u00e7 \u00fcreticisi"},"content":{"rendered":"<p>\u00e7\u0131kar\u0131labilir sandvi\u00e7 \u00fcreticisi, rahatl\u0131k ve \u00e7ok y\u00f6nl\u00fcl\u00fck sunan devrimci bir mutfak cihaz\u0131d\u0131r. \u00e7e\u015fitli \u015fekil ve dokulara sahip \u00e7e\u015fitli sandvi\u00e7ler olu\u015fturmak i\u00e7in farkl\u0131 plaka tipleri aras\u0131nda kolayca ge\u00e7i\u015f yapman\u0131z\u0131 sa\u011flayan benzersiz bir de\u011fi\u015ftirilebilir plaka tasar\u0131m\u0131na sahiptir. plakalar \u00fczerindeki yap\u0131\u015fmaz kaplama, zahmetsiz g\u0131da sal\u0131n\u0131m\u0131 ve kolay temizlik sa\u011flar. ayarlanabilir s\u0131cakl\u0131k kontrol\u00fc ile, sandvi\u00e7leriniz i\u00e7in m\u00fckemmel k\u0131zartmay\u0131 elde etmek i\u00e7in \u0131s\u0131y\u0131 kesin olarak ayarlayabilirsiniz. kompakt ve ergonomik tasar\u0131m, onu herhangi bir mutfak tezgah\u0131 i\u00e7in uygun hale getirirken, sa\u011flam in\u015faat dayan\u0131kl\u0131l\u0131\u011f\u0131 ve uzun s\u00fcreli performans\u0131 garanti eder. i\u0307ster klasik bir \u0131zgara peynir ister bir gurme panini yap\u0131yor olun, bu de\u011fi\u015ftirilebilir sandvi\u00e7 \u00fcreticisi her seferinde lezzetli ve \u00f6zelle\u015ftirilmi\u015f sandvi\u00e7ler i\u00e7in tercihinizdir.<\/p>","protected":false},"excerpt":{"rendered":"<p>220-240V 50-60Hz 750W<br \/>\n120v 60hz 750w<br \/>\nCool touch handle<br \/>\nPower and ready light indicators<br \/>\nSafety thermostat and thermal fuse protection<br \/>\nAutomatic temperature control<br \/>\nNon-stick coating plates for easy cleaning<br \/>\nAutolock clip<br \/>\nCord-wrap and upright for storage<br \/>\nSS \u00fcst kapak dekorasyonu<br \/>\nSkid-resistant feet<\/p>\n<p>\u00fcr\u00fcn boyutu: 228*219*97<br \/>\nPlate size:215*125<br \/>\nhediye kutusu boyutu: 262*121*266<br \/>\nkarton boyutu: 381*275*552<br \/>\nmiktar\/karton: 6 adet<br \/>\nmiktar\/20 \u2032: 2904pcs<br \/>\nmiktar\/40 \u2032: 5916pcs<br \/>\nmiktar\/40'hq: 7056pcs<\/p>","protected":false},"featured_media":278,"comment_status":"open","ping_status":"closed","template":"","meta":[],"product_cat":[28],"product_tag":[75,74,78,77,72,73,76],"class_list":{"0":"post-276","1":"product","2":"type-product","3":"status-publish","4":"has-post-thumbnail","6":"product_cat-detachable-sandwich-maker","7":"product_tag-2-slices-removable-plates-panini-press","8":"product_tag-bread-toaster-sandwich-waffle-maker","9":"product_tag-detachable-household-waffle-maker-machine","10":"product_tag-electric-3-in-1-breakfast-machine","11":"product_tag-hot-sale-sandwich-maker","12":"product_tag-non-stick-sandwich-press","13":"product_tag-press-grill-machine-for-household","15":"first","16":"instock","17":"shipping-taxable","18":"product-type-simple"},"_links":{"self":[{"href":"https:\/\/www.nbhonglu.com\/tr\/wp-json\/wp\/v2\/product\/276","targetHints":{"allow":["GET"]}}],"collection":[{"href":"https:\/\/www.nbhonglu.com\/tr\/wp-json\/wp\/v2\/product"}],"about":[{"href":"https:\/\/www.nbhonglu.com\/tr\/wp-json\/wp\/v2\/types\/product"}],"replies":[{"embeddable":true,"href":"https:\/\/www.nbhonglu.com\/tr\/wp-json\/wp\/v2\/comments?post=276"}],"version-history":[{"count":5,"href":"https:\/\/www.nbhonglu.com\/tr\/wp-json\/wp\/v2\/product\/276\/revisions"}],"predecessor-version":[{"id":1027,"href":"https:\/\/www.nbhonglu.com\/tr\/wp-json\/wp\/v2\/product\/276\/revisions\/1027"}],"wp:featuredmedia":[{"embeddable":true,"href":"https:\/\/www.nbhonglu.com\/tr\/wp-json\/wp\/v2\/media\/278"}],"wp:attachment":[{"href":"https:\/\/www.nbhonglu.com\/tr\/wp-json\/wp\/v2\/media?parent=276"}],"wp:term":[{"taxonomy":"product_cat","embeddable":true,"href":"https:\/\/www.nbhonglu.com\/tr\/wp-json\/wp\/v2\/product_cat?post=276"},{"taxonomy":"product_tag","embeddable":true,"href":"https:\/\/www.nbhonglu.com\/tr\/wp-json\/wp\/v2\/product_tag?post=276"}],"curies":[{"name":"wp","href":"https:\/\/api.w.org\/{rel}","templated":true}]}}