{"id":273,"date":"2024-12-16T14:22:49","date_gmt":"2024-12-16T06:22:49","guid":{"rendered":"https:\/\/honglu.gg12.globaldeepsea.site\/?post_type=product&#038;p=273"},"modified":"2025-05-21T14:17:20","modified_gmt":"2025-05-21T06:17:20","slug":"hl-160-sandwich-maker","status":"publish","type":"product","link":"https:\/\/www.nbhonglu.com\/tr\/urun\/hl-160-sandwich-maker\/","title":{"rendered":"HL-160 sandvi\u00e7 \u00fcreticisi"},"content":{"rendered":"<p>\u00e7ok y\u00f6nl\u00fc sandvi\u00e7 yap\u0131mc\u0131m\u0131z, lezzetli olas\u0131l\u0131klar\u0131n bir d\u00fcnyas\u0131n\u0131n kilidini a\u00e7an bir mutfak g\u00fc\u00e7 merkezidir. basit ekmek dilimlerini klasik k\u0131zarm\u0131\u015f peynir sandvi\u00e7lerine zahmetsizce d\u00f6n\u00fc\u015ft\u00fcrebilir, peynir s\u0131cak, gevrek ekmek aras\u0131ndaki gooey m\u00fckemmelli\u011fine erimi\u015f. ayr\u0131ca, tuzlu jambonun cezbedici bir sear ald\u0131\u011f\u0131 ve peynirin lezzetle s\u0131zd\u0131\u011f\u0131 a\u011f\u0131z suland\u0131ran jambon ve peynir kombinasyonlar\u0131 da olu\u015fturabilirsiniz.<br \/>\ndaha sa\u011fl\u0131kl\u0131 bir se\u00e7enek i\u00e7in, en sevdi\u011finiz forma ile birlikte tutulan domates, salatal\u0131k ve marul gibi taze sebzeleri hafif\u00e7e \u0131s\u0131t\u0131rken ekme\u011fi k\u0131rarak sebze dolu sandvi\u00e7ler yapabilir. izgara tavuk sandvi\u00e7leri yapmak, tavu\u011fa lezzetli bir alt\u0131n-kahverengi kabuk vermek ve lezzetli bir lezzetle a\u015f\u0131lamak e\u015fit derecede beceriklidir. ve tatl\u0131 bir \u015fey i\u00e7in havas\u0131ndaysan\u0131z, s\u0131cak ve gooey bir nutella veya f\u0131st\u0131k ezmesi ve j\u00f6le sandvi\u00e7 yapmak i\u00e7in kullan\u0131n, dolgular \u00e7\u00f6kmekte olan bir tedavi olu\u015fturmak i\u00e7in do\u011fru erimiyor. bu sandvi\u00e7 \u00fcreticisi ile tek s\u0131n\u0131r hayal g\u00fcc\u00fcn\u00fczd\u00fcr ve herhangi bir \u00f6zlemi tatmin etmek i\u00e7in \u00e7ok \u00e7e\u015fitli \u015fahane sandvi\u00e7ler yaratmak i\u00e7in h\u0131zla gidecek cihaz\u0131n\u0131z olacak.<\/p>","protected":false},"excerpt":{"rendered":"<p>Cool touch handle<br \/>\nPower and ready light indicators<br \/>\nAutomatic temperature control<br \/>\nNon-stick coating plates for easy cleaning<br \/>\nAutolock clip<br \/>\nCord-wrap and upright for storage<br \/>\nSkid-resistant feet<br \/>\n220-240v 50-60hz 1500w<br \/>\n120V 60Hz 1200W<\/p>\n<p>\u00fcr\u00fcn boyutu: 252*312*99<br \/>\nplaka boyutu: 250*216<br \/>\nhediye kutusu boyutu: 284*118*344<br \/>\nkarton boyutu: 492*296*362<br \/>\nQuantity\/carton:4PCS<br \/>\nmiktar\/20 \u2032: 2124pcs<br \/>\nmiktar\/40 \u2032: 4324pcs<br \/>\nmiktar\/40'hq: 5160pcs<\/p>","protected":false},"featured_media":274,"comment_status":"open","ping_status":"closed","template":"","meta":[],"product_cat":[27],"product_tag":[66,67,29,70,69,68],"class_list":{"0":"post-273","1":"product","2":"type-product","3":"status-publish","4":"has-post-thumbnail","6":"product_cat-sandwich-maker","7":"product_tag-4-slice-electric-non-stick-bread-toaster","8":"product_tag-breakfast-machine","9":"product_tag-electric-contact-grill","10":"product_tag-electric-panini-maker","11":"product_tag-household-waffle-maker-machine","12":"product_tag-sandwich-maker","14":"first","15":"instock","16":"shipping-taxable","17":"product-type-simple"},"_links":{"self":[{"href":"https:\/\/www.nbhonglu.com\/tr\/wp-json\/wp\/v2\/product\/273","targetHints":{"allow":["GET"]}}],"collection":[{"href":"https:\/\/www.nbhonglu.com\/tr\/wp-json\/wp\/v2\/product"}],"about":[{"href":"https:\/\/www.nbhonglu.com\/tr\/wp-json\/wp\/v2\/types\/product"}],"replies":[{"embeddable":true,"href":"https:\/\/www.nbhonglu.com\/tr\/wp-json\/wp\/v2\/comments?post=273"}],"version-history":[{"count":2,"href":"https:\/\/www.nbhonglu.com\/tr\/wp-json\/wp\/v2\/product\/273\/revisions"}],"predecessor-version":[{"id":928,"href":"https:\/\/www.nbhonglu.com\/tr\/wp-json\/wp\/v2\/product\/273\/revisions\/928"}],"wp:featuredmedia":[{"embeddable":true,"href":"https:\/\/www.nbhonglu.com\/tr\/wp-json\/wp\/v2\/media\/274"}],"wp:attachment":[{"href":"https:\/\/www.nbhonglu.com\/tr\/wp-json\/wp\/v2\/media?parent=273"}],"wp:term":[{"taxonomy":"product_cat","embeddable":true,"href":"https:\/\/www.nbhonglu.com\/tr\/wp-json\/wp\/v2\/product_cat?post=273"},{"taxonomy":"product_tag","embeddable":true,"href":"https:\/\/www.nbhonglu.com\/tr\/wp-json\/wp\/v2\/product_tag?post=273"}],"curies":[{"name":"wp","href":"https:\/\/api.w.org\/{rel}","templated":true}]}}