{"id":257,"date":"2024-12-16T14:08:28","date_gmt":"2024-12-16T06:08:28","guid":{"rendered":"https:\/\/honglu.gg12.globaldeepsea.site\/?post_type=product&#038;p=257"},"modified":"2025-05-21T13:30:01","modified_gmt":"2025-05-21T05:30:01","slug":"hl-300-wafflemaker","status":"publish","type":"product","link":"https:\/\/www.nbhonglu.com\/tr\/urun\/hl-300-wafflemaker\/","title":{"rendered":"HL-300 Waffle Maker"},"content":{"rendered":"<p>Waffle Maker \u00dcr\u00fcn Giri\u015f<br \/>\nWaffle Maker'\u0131m\u0131z, masan\u0131za kolayl\u0131kla lezzetli, alt\u0131n-kahverengi waffle getirmek i\u00e7in tasarlanm\u0131\u015f y\u00fcksek kaliteli bir cihazd\u0131r.<br \/>\nWaffle'lar\u0131n\u0131z\u0131n zahmetsizce serbest b\u0131rak\u0131lmas\u0131n\u0131 ve temizlenmesi kolay olmas\u0131n\u0131 sa\u011flayan yap\u0131\u015fmaz bir pi\u015firme y\u00fczeyine sahiptir. Ayarlanabilir s\u0131cakl\u0131k kontrol\u00fc, Browning seviyesini, hafif ve kabar\u0131k bir waffle'dan gevrek olana kadar tercihinize g\u00f6re \u00f6zelle\u015ftirmenizi sa\u011flar.<br \/>\nKompakt ve sa\u011flam bir tasar\u0131mla, g\u00fcvenilir performans sa\u011flarken \u00e7ok fazla kar\u015f\u0131 alan almaz. G\u00f6sterge \u0131\u015f\u0131klar\u0131 sizi \u00f6nceden \u0131s\u0131tma ve pi\u015firme durumu hakk\u0131nda bilgilendirir, b\u00f6ylece waffle'lar\u0131n\u0131z\u0131n ne zaman haz\u0131r oldu\u011funu tam olarak bilirsiniz.<br \/>\nDayan\u0131kl\u0131 malzemelerden yap\u0131lm\u0131\u015f Waffle Maker, Waffle severler i\u00e7in herhangi bir mutfa\u011fa b\u00fcy\u00fck bir katk\u0131 sa\u011flayarak s\u00fcrecek \u015fekilde in\u015fa edilmi\u015ftir.<\/p>","protected":false},"excerpt":{"rendered":"<p>Cool touch handle<br \/>\nPower and ready light indicators<br \/>\nAutomatic temperature control<br \/>\nKolay temizlik i\u00e7in yap\u0131\u015fmaz kaplama plakalar\u0131<br \/>\nDepolama i\u00e7in kablo sar\u0131s\u0131<br \/>\nSkid-resistant feet<br \/>\n220-240V 50-60Hz 1000W<br \/>\n120V 60Hz 1000W<\/p>\n<p>\u00dcr\u00fcn Boyutu: 198*255*88<br \/>\nPlaka Boyutu: \u00a2 195<br \/>\nHediye Kutusu Boyutu: 229*116*288<br \/>\nKarton Boyutu: 484*241*596<br \/>\nQuantity\/carton:8PCS<br \/>\nMiktar\/20 \u2032: 3224pcs<br \/>\nMiktar\/40 \u2032: 6560pcs<br \/>\nQty\/40\u2019HQ:7824PCS<\/p>","protected":false},"featured_media":258,"comment_status":"open","ping_status":"closed","template":"","meta":[],"product_cat":[26],"product_tag":[47,46,44,45,49,48],"class_list":{"0":"post-257","1":"product","2":"type-product","3":"status-publish","4":"has-post-thumbnail","6":"product_cat-waffle-maker","7":"product_tag-belgian-waffle-maker","8":"product_tag-donut-maker","9":"product_tag-electric-waffle-iron","10":"product_tag-heart-waffle-maker","11":"product_tag-household-non-toxic-panini-press","12":"product_tag-mini-non-stick-waffle-maker","14":"first","15":"instock","16":"shipping-taxable","17":"product-type-simple"},"_links":{"self":[{"href":"https:\/\/www.nbhonglu.com\/tr\/wp-json\/wp\/v2\/product\/257","targetHints":{"allow":["GET"]}}],"collection":[{"href":"https:\/\/www.nbhonglu.com\/tr\/wp-json\/wp\/v2\/product"}],"about":[{"href":"https:\/\/www.nbhonglu.com\/tr\/wp-json\/wp\/v2\/types\/product"}],"replies":[{"embeddable":true,"href":"https:\/\/www.nbhonglu.com\/tr\/wp-json\/wp\/v2\/comments?post=257"}],"version-history":[{"count":2,"href":"https:\/\/www.nbhonglu.com\/tr\/wp-json\/wp\/v2\/product\/257\/revisions"}],"predecessor-version":[{"id":930,"href":"https:\/\/www.nbhonglu.com\/tr\/wp-json\/wp\/v2\/product\/257\/revisions\/930"}],"wp:featuredmedia":[{"embeddable":true,"href":"https:\/\/www.nbhonglu.com\/tr\/wp-json\/wp\/v2\/media\/258"}],"wp:attachment":[{"href":"https:\/\/www.nbhonglu.com\/tr\/wp-json\/wp\/v2\/media?parent=257"}],"wp:term":[{"taxonomy":"product_cat","embeddable":true,"href":"https:\/\/www.nbhonglu.com\/tr\/wp-json\/wp\/v2\/product_cat?post=257"},{"taxonomy":"product_tag","embeddable":true,"href":"https:\/\/www.nbhonglu.com\/tr\/wp-json\/wp\/v2\/product_tag?post=257"}],"curies":[{"name":"wp","href":"https:\/\/api.w.org\/{rel}","templated":true}]}}