{"id":253,"date":"2024-12-16T14:06:37","date_gmt":"2024-12-16T06:06:37","guid":{"rendered":"https:\/\/honglu.gg12.globaldeepsea.site\/?post_type=product&#038;p=253"},"modified":"2025-05-21T15:11:33","modified_gmt":"2025-05-21T07:11:33","slug":"hl-500a-contactgrill","status":"publish","type":"product","link":"https:\/\/www.nbhonglu.com\/tr\/urun\/hl-500a-contactgrill\/","title":{"rendered":"HL-500A \u0130leti\u015fim Izgaras\u0131"},"content":{"rendered":"<p>\u0130leti\u015fim Grill'imiz herhangi bir modern mutfak i\u00e7in \u00f6nemli bir cihazd\u0131r. Yap\u0131\u015fmaz pi\u015firme y\u00fczeyi sadece g\u0131da kullan\u0131m\u0131 basitle\u015ftirmekle kalmaz, ayn\u0131 zamanda kolay temizlik sa\u011flar. Ayarlanabilir s\u0131cakl\u0131k kontrol\u00fc, yumu\u015fak bir s\u0131caktan y\u00fcksek bir sear'a kadar de\u011fi\u015fir ve \u00e7e\u015fitli yemekler hassasiyetle haz\u0131rlaman\u0131za olanak tan\u0131r. Izgaran\u0131n kompakt form fakt\u00f6r\u00fc, hala geni\u015f bir \u0131zgara alan\u0131 sa\u011flarken, s\u0131n\u0131rl\u0131 alana sahip daireler veya mutfaklar i\u00e7in m\u00fckemmeldir. H\u0131zla \u0131s\u0131n\u0131r, \u00f6n \u0131s\u0131tma s\u00fcresini azalt\u0131r ve enerji korur. Y\u00fcksek kaliteli malzemelerle yap\u0131lan dayan\u0131kl\u0131 yap\u0131, s\u0131k kullan\u0131ma dayanabilir. Plakalar boyunca e\u015fit \u0131s\u0131 da\u011f\u0131l\u0131m\u0131, biftek, \u0131zgara sebze taba\u011f\u0131 veya k\u0131zarm\u0131\u015f bir sandvi\u00e7 olsun, her seferinde e\u015fit pi\u015fmi\u015f yiyecekleri garanti eder. Bu \u0130leti\u015fim Grill, t\u00fcm kapal\u0131 \u0131zgara gereksinimlerinizi kar\u015f\u0131lamak i\u00e7in i\u015flevselli\u011fi, rahatl\u0131\u011f\u0131 ve dayan\u0131kl\u0131l\u0131\u011f\u0131 birle\u015ftirir.<\/p>\n<p>&nbsp;<\/p>\n<p>&nbsp;<\/p>","protected":false},"excerpt":{"rendered":"<p>Serin dokunu\u015f g\u00fcvenli SS sap\u0131<br \/>\nY\u00fczen mente\u015fe sistemi<br \/>\nG\u00fc\u00e7 ve Haz\u0131r I\u015f\u0131k G\u00f6stergeleri<br \/>\n105 ve derece a\u00e7\u0131labilen \u0131zgara i\u015flevi<br \/>\nSkid-resistant feet<br \/>\nSS \u00fcst kapak dekorasyonu<br \/>\n220-240V 50-60Hz 1000W<br \/>\n120V 60Hz 1000W<\/p>\n<p>\u00dcr\u00fcn Boyutu: 266*221*85<br \/>\nPlaka Boyutu: 230*145<br \/>\nHediye Kutusu Boyutu: 300*117*260<br \/>\nKarton Boyutu: 488*312*540<br \/>\nQuantity\/carton:8PCS<br \/>\nMiktar\/20 \u2032: 2728pcs<br \/>\nMiktar\/40 \u2032: 5544pcs<br \/>\nQty\/40\u2019HQ:6616PCS<\/p>","protected":false},"featured_media":256,"comment_status":"open","ping_status":"closed","template":"","meta":[],"product_cat":[25],"product_tag":[80,79,82,81,85,84,83],"class_list":{"0":"post-253","1":"product","2":"type-product","3":"status-publish","4":"has-post-thumbnail","6":"product_cat-contact-grill","7":"product_tag-compact-portable-fast-cooking-contact-grill-for-outdoor-car-use","8":"product_tag-electric-indoor-grill","9":"product_tag-high-quality-electric-panini-press","10":"product_tag-household-press-grill","11":"product_tag-household-steak-contact-grill","12":"product_tag-non-stick-press-grill","13":"product_tag-smoke-free-sandwich-maker","15":"first","16":"instock","17":"shipping-taxable","18":"product-type-simple"},"_links":{"self":[{"href":"https:\/\/www.nbhonglu.com\/tr\/wp-json\/wp\/v2\/product\/253","targetHints":{"allow":["GET"]}}],"collection":[{"href":"https:\/\/www.nbhonglu.com\/tr\/wp-json\/wp\/v2\/product"}],"about":[{"href":"https:\/\/www.nbhonglu.com\/tr\/wp-json\/wp\/v2\/types\/product"}],"replies":[{"embeddable":true,"href":"https:\/\/www.nbhonglu.com\/tr\/wp-json\/wp\/v2\/comments?post=253"}],"version-history":[{"count":2,"href":"https:\/\/www.nbhonglu.com\/tr\/wp-json\/wp\/v2\/product\/253\/revisions"}],"predecessor-version":[{"id":933,"href":"https:\/\/www.nbhonglu.com\/tr\/wp-json\/wp\/v2\/product\/253\/revisions\/933"}],"wp:featuredmedia":[{"embeddable":true,"href":"https:\/\/www.nbhonglu.com\/tr\/wp-json\/wp\/v2\/media\/256"}],"wp:attachment":[{"href":"https:\/\/www.nbhonglu.com\/tr\/wp-json\/wp\/v2\/media?parent=253"}],"wp:term":[{"taxonomy":"product_cat","embeddable":true,"href":"https:\/\/www.nbhonglu.com\/tr\/wp-json\/wp\/v2\/product_cat?post=253"},{"taxonomy":"product_tag","embeddable":true,"href":"https:\/\/www.nbhonglu.com\/tr\/wp-json\/wp\/v2\/product_tag?post=253"}],"curies":[{"name":"wp","href":"https:\/\/api.w.org\/{rel}","templated":true}]}}