{"id":247,"date":"2024-12-16T14:02:33","date_gmt":"2024-12-16T06:02:33","guid":{"rendered":"https:\/\/honglu.gg12.globaldeepsea.site\/?post_type=product&#038;p=247"},"modified":"2025-05-21T15:10:57","modified_gmt":"2025-05-21T07:10:57","slug":"electric-contact-grill","status":"publish","type":"product","link":"https:\/\/www.nbhonglu.com\/tr\/urun\/electric-contact-grill\/","title":{"rendered":"HL-500 Contact Grill"},"content":{"rendered":"<p>The Contact Grill we offer is a remarkable addition to your kitchen arsenal. The premium non-stick plates are designed to prevent food from sticking, making the cooking process smooth and the aftermath cleaning a breeze. You have full control over the temperature with its wide-ranging adjustable settings, enabling you to sear meats at high heat or gently warm delicate items. Its space-saving design doesn\u2019t sacrifice cooking capacity, as it provides ample room to grill multiple items simultaneously. Thanks to its rapid heating element, you can start cooking in no time, saving precious minutes. Built to last, the grill is crafted from robust materials that endure the rigors of daily use. With consistent heat dispersion, you\u2019ll achieve uniformly cooked and delicious results, be it a sizzling steak, a medley of grilled veggies, or a crispy grilled cheese. This Contact Grill truly embodies innovation, practicality, and sturdiness for all your indoor grilling desires.<\/p>","protected":false},"excerpt":{"rendered":"<p>Serin dokunu\u015f g\u00fcvenli SS sap\u0131<br \/>\nY\u00fczen mente\u015fe sistemi<br \/>\nG\u00fc\u00e7 ve Haz\u0131r I\u015f\u0131k G\u00f6stergeleri<br \/>\nNon-stick coating plates for easy cleaning<br \/>\nSkid-resistant feet<br \/>\nSS \u00fcst kapak dekorasyonu<br \/>\n220-240V 50-60Hz 1000W<br \/>\n120V 60Hz 1000W<\/p>\n<p>\u00dcr\u00fcn Boyutu: 266*221*85<br \/>\nPlaka Boyutu: 230*145<br \/>\nHediye Kutusu Boyutu: 300*117*260<br \/>\nKarton Boyutu: 488*312*540<br \/>\nQuantity\/carton:8PCS<br \/>\nMiktar\/20 \u2032: 2728pcs<br \/>\nMiktar\/40 \u2032: 5544pcs<br \/>\nQty\/40\u2019HQ:6616PCS<\/p>","protected":false},"featured_media":250,"comment_status":"open","ping_status":"closed","template":"","meta":[],"product_cat":[25],"product_tag":[80,29,79,82,81,85,84,83],"class_list":{"0":"post-247","1":"product","2":"type-product","3":"status-publish","4":"has-post-thumbnail","6":"product_cat-contact-grill","7":"product_tag-compact-portable-fast-cooking-contact-grill-for-outdoor-car-use","8":"product_tag-electric-contact-grill","9":"product_tag-electric-indoor-grill","10":"product_tag-high-quality-electric-panini-press","11":"product_tag-household-press-grill","12":"product_tag-household-steak-contact-grill","13":"product_tag-non-stick-press-grill","14":"product_tag-smoke-free-sandwich-maker","16":"first","17":"instock","18":"shipping-taxable","19":"product-type-simple"},"_links":{"self":[{"href":"https:\/\/www.nbhonglu.com\/tr\/wp-json\/wp\/v2\/product\/247","targetHints":{"allow":["GET"]}}],"collection":[{"href":"https:\/\/www.nbhonglu.com\/tr\/wp-json\/wp\/v2\/product"}],"about":[{"href":"https:\/\/www.nbhonglu.com\/tr\/wp-json\/wp\/v2\/types\/product"}],"replies":[{"embeddable":true,"href":"https:\/\/www.nbhonglu.com\/tr\/wp-json\/wp\/v2\/comments?post=247"}],"version-history":[{"count":2,"href":"https:\/\/www.nbhonglu.com\/tr\/wp-json\/wp\/v2\/product\/247\/revisions"}],"predecessor-version":[{"id":932,"href":"https:\/\/www.nbhonglu.com\/tr\/wp-json\/wp\/v2\/product\/247\/revisions\/932"}],"wp:featuredmedia":[{"embeddable":true,"href":"https:\/\/www.nbhonglu.com\/tr\/wp-json\/wp\/v2\/media\/250"}],"wp:attachment":[{"href":"https:\/\/www.nbhonglu.com\/tr\/wp-json\/wp\/v2\/media?parent=247"}],"wp:term":[{"taxonomy":"product_cat","embeddable":true,"href":"https:\/\/www.nbhonglu.com\/tr\/wp-json\/wp\/v2\/product_cat?post=247"},{"taxonomy":"product_tag","embeddable":true,"href":"https:\/\/www.nbhonglu.com\/tr\/wp-json\/wp\/v2\/product_tag?post=247"}],"curies":[{"name":"wp","href":"https:\/\/api.w.org\/{rel}","templated":true}]}}