{"id":1496,"date":"2025-12-19T16:39:01","date_gmt":"2025-12-19T08:39:01","guid":{"rendered":"https:\/\/www.nbhonglu.com\/product\/hl-106-mini-electric-toaster-sandwich-maker-kebab-grill-hot-plate\/"},"modified":"2025-12-19T16:39:01","modified_gmt":"2025-12-19T08:39:01","slug":"hl-106-mini-electric-toaster-sandwich-maker-kebab-grill-hot-plate","status":"publish","type":"product","link":"https:\/\/www.nbhonglu.com\/tr\/urun\/hl-106-mini-electric-toaster-sandwich-maker-kebab-grill-hot-plate\/","title":{"rendered":"HL-106 Mini Elektrikli Ekmek K\u0131zartma Makinesi Sandvi\u00e7 Makinesi Kebap Izgara S\u0131cak Plaka"},"content":{"rendered":"<p style=\"color: #666666;font-family: Rubik, sans-serif;font-size: 16px;font-style: normal;font-weight: 400;letter-spacing: normal;text-align: start;text-indent: 0px;text-transform: none;white-space: normal;background-color: #ffffff\">Cool touch handle<br \/>Power and ready light indicators<br \/>Automatic temperature control<br \/>Non-stick coating plates for easy cleaning<br \/>Autolock clip<br \/>Cord-wrap and upright for storage<br \/>Skid-resistant feet<br \/>220-240V 50-60Hz 750W<br \/>120V 60Hz 750W<\/p>\n<p style=\"color: #666666;font-family: Rubik, sans-serif;font-size: 16px;font-style: normal;font-weight: 400;letter-spacing: normal;text-align: start;text-indent: 0px;text-transform: none;white-space: normal;background-color: #ffffff\">\u00dcr\u00fcn boyutu: 213*201*77<br \/>Plaka boyutu: 210*115<br \/>Hediye kutusu boyutu: 241*110*237<br \/>Karton boyutu: 460*253*494<br \/>Quantity\/carton:8PCS<br \/>Adet\/20\u2032:3896PCS<br \/>Adet\/40':7928CS<br \/>Qty\/40\u2019HQ:9464PCS<\/p>","protected":false},"excerpt":{"rendered":"<p>Temel Elektrikli Ekmek K\u0131zartma Makinesi Tost Makinesi Kebap Izgara S\u0131cak Plaka Barbek\u00fc Izgaralar\u0131<\/p>","protected":false},"featured_media":1490,"comment_status":"open","ping_status":"closed","template":"","meta":[],"product_cat":[25,27],"product_tag":[138],"class_list":{"0":"post-1496","1":"product","2":"type-product","3":"status-publish","4":"has-post-thumbnail","6":"product_cat-contact-grill","7":"product_cat-sandwich-maker","8":"product_tag-basic-electric-toaster-sandwich-maker-kebab-grill-hot-plate-bbq-grills","10":"first","11":"instock","12":"shipping-taxable","13":"product-type-simple"},"_links":{"self":[{"href":"https:\/\/www.nbhonglu.com\/tr\/wp-json\/wp\/v2\/product\/1496","targetHints":{"allow":["GET"]}}],"collection":[{"href":"https:\/\/www.nbhonglu.com\/tr\/wp-json\/wp\/v2\/product"}],"about":[{"href":"https:\/\/www.nbhonglu.com\/tr\/wp-json\/wp\/v2\/types\/product"}],"replies":[{"embeddable":true,"href":"https:\/\/www.nbhonglu.com\/tr\/wp-json\/wp\/v2\/comments?post=1496"}],"version-history":[{"count":1,"href":"https:\/\/www.nbhonglu.com\/tr\/wp-json\/wp\/v2\/product\/1496\/revisions"}],"predecessor-version":[{"id":1503,"href":"https:\/\/www.nbhonglu.com\/tr\/wp-json\/wp\/v2\/product\/1496\/revisions\/1503"}],"wp:featuredmedia":[{"embeddable":true,"href":"https:\/\/www.nbhonglu.com\/tr\/wp-json\/wp\/v2\/media\/1490"}],"wp:attachment":[{"href":"https:\/\/www.nbhonglu.com\/tr\/wp-json\/wp\/v2\/media?parent=1496"}],"wp:term":[{"taxonomy":"product_cat","embeddable":true,"href":"https:\/\/www.nbhonglu.com\/tr\/wp-json\/wp\/v2\/product_cat?post=1496"},{"taxonomy":"product_tag","embeddable":true,"href":"https:\/\/www.nbhonglu.com\/tr\/wp-json\/wp\/v2\/product_tag?post=1496"}],"curies":[{"name":"wp","href":"https:\/\/api.w.org\/{rel}","templated":true}]}}