{"id":1036,"date":"2025-04-25T14:27:51","date_gmt":"2025-04-25T06:27:51","guid":{"rendered":"https:\/\/honglu.gg12.globaldeepsea.site\/?post_type=product&#038;p=1036"},"modified":"2025-05-21T13:27:55","modified_gmt":"2025-05-21T05:27:55","slug":"hl-300a-1-waffle-maker","status":"publish","type":"product","link":"https:\/\/www.nbhonglu.com\/tr\/urun\/hl-300a-1-waffle-maker\/","title":{"rendered":"HL-300A-1 Waffle Maker"},"content":{"rendered":"<p>Waffle Maker \u00dcr\u00fcn Giri\u015f<br \/>\nTat tomurcuklar\u0131n\u0131z\u0131 memnun edecek \u015fahane waffle olu\u015fturmak i\u00e7in olmas\u0131 gereken bir cihaz olan Premium Waffle Maker'\u0131m\u0131z\u0131 tan\u0131tmak.<br \/>\nPi\u015firme plakalar\u0131 \u00fczerindeki yap\u0131\u015fmaz kaplama, waffle'lar\u0131n\u0131z\u0131n d\u00fczg\u00fcn bir \u015fekilde kaymas\u0131n\u0131 ve temizleme i\u015flemini basitle\u015ftirmesini garanti eder. S\u0131cakl\u0131k ayarlama fonksiyonu, ister yumu\u015fak ve havadar bir waffle ister gevrek bir dokuyu tercih edin, m\u00fckemmel bir dokuyu elde etmenizi sa\u011flar.<br \/>\nBu waffle \u00fcreticisi, dayan\u0131kl\u0131l\u0131\u011f\u0131 ve i\u015flevselli\u011finden \u00f6d\u00fcn vermeden minimal tezgah alan\u0131 i\u015fgal eden alan tasarrufu ve sa\u011flam bir yap\u0131 ile haz\u0131rlanm\u0131\u015ft\u0131r. Yerle\u015fik g\u00f6sterge \u0131\u015f\u0131klar\u0131, \u00f6n \u0131s\u0131tma ve pi\u015firme a\u015famalar\u0131 ile ilgili net g\u00f6rsel ipu\u00e7lar\u0131 sa\u011flar ve waffle'lar\u0131n\u0131z\u0131n haz\u0131rlanmas\u0131n\u0131 tam olarak zamanlaman\u0131za izin verir.<br \/>\nY\u00fcksek kaliteli ve uzun \u00f6m\u00fcrl\u00fc malzemelerden in\u015fa edilen Waffle Maker, herhangi bir mutfak i\u00e7in g\u00fcvenilir bir se\u00e7imdir ve merakl\u0131lar i\u00e7in y\u0131llarca s\u00fcren waffle yapma keyfi.<\/p>","protected":false},"excerpt":{"rendered":"<p>220-240V 50-60Hz 1000W<br \/>\n120V 60Hz 1000W<br \/>\nCool touch handle<br \/>\nPower and ready light indicators<br \/>\nAdjustable temperature control<br \/>\nKolay temizlik i\u00e7in yap\u0131\u015fmaz kaplama plakalar\u0131<br \/>\nDepolama i\u00e7in kablo sar\u0131s\u0131<br \/>\nSkid-resistant feet<\/p>\n<p>\u00dcr\u00fcn Boyutu: 198*255*102<br \/>\nPlaka Boyutu: \u00a2 195<br \/>\nHediye Kutusu Boyutu: 229*116*288<br \/>\nKarton Boyutu: 484*241*596<br \/>\nQuantity\/carton:8PCS<br \/>\nMiktar\/20 \u2032: 3224pcs<br \/>\nMiktar\/40 \u2032: 6560pcs<br \/>\nQty\/40\u2019HQ:7824PCS<\/p>","protected":false},"featured_media":1037,"comment_status":"open","ping_status":"closed","template":"","meta":[],"product_cat":[26],"product_tag":[47,46,44,45,49,48],"class_list":{"0":"post-1036","1":"product","2":"type-product","3":"status-publish","4":"has-post-thumbnail","6":"product_cat-waffle-maker","7":"product_tag-belgian-waffle-maker","8":"product_tag-donut-maker","9":"product_tag-electric-waffle-iron","10":"product_tag-heart-waffle-maker","11":"product_tag-household-non-toxic-panini-press","12":"product_tag-mini-non-stick-waffle-maker","14":"first","15":"instock","16":"shipping-taxable","17":"product-type-simple"},"_links":{"self":[{"href":"https:\/\/www.nbhonglu.com\/tr\/wp-json\/wp\/v2\/product\/1036","targetHints":{"allow":["GET"]}}],"collection":[{"href":"https:\/\/www.nbhonglu.com\/tr\/wp-json\/wp\/v2\/product"}],"about":[{"href":"https:\/\/www.nbhonglu.com\/tr\/wp-json\/wp\/v2\/types\/product"}],"replies":[{"embeddable":true,"href":"https:\/\/www.nbhonglu.com\/tr\/wp-json\/wp\/v2\/comments?post=1036"}],"version-history":[{"count":1,"href":"https:\/\/www.nbhonglu.com\/tr\/wp-json\/wp\/v2\/product\/1036\/revisions"}],"predecessor-version":[{"id":1039,"href":"https:\/\/www.nbhonglu.com\/tr\/wp-json\/wp\/v2\/product\/1036\/revisions\/1039"}],"wp:featuredmedia":[{"embeddable":true,"href":"https:\/\/www.nbhonglu.com\/tr\/wp-json\/wp\/v2\/media\/1037"}],"wp:attachment":[{"href":"https:\/\/www.nbhonglu.com\/tr\/wp-json\/wp\/v2\/media?parent=1036"}],"wp:term":[{"taxonomy":"product_cat","embeddable":true,"href":"https:\/\/www.nbhonglu.com\/tr\/wp-json\/wp\/v2\/product_cat?post=1036"},{"taxonomy":"product_tag","embeddable":true,"href":"https:\/\/www.nbhonglu.com\/tr\/wp-json\/wp\/v2\/product_tag?post=1036"}],"curies":[{"name":"wp","href":"https:\/\/api.w.org\/{rel}","templated":true}]}}