{"id":257,"date":"2024-12-16T14:08:28","date_gmt":"2024-12-16T06:08:28","guid":{"rendered":"https:\/\/honglu.gg12.globaldeepsea.site\/?post_type=product&#038;p=257"},"modified":"2025-05-21T13:30:01","modified_gmt":"2025-05-21T05:30:01","slug":"hl-300-wafflemaker","status":"publish","type":"product","link":"https:\/\/www.nbhonglu.com\/pt\/produto\/hl-300-wafflemaker\/","title":{"rendered":"HL-300 Waffle Maker"},"content":{"rendered":"<p>Introdu\u00e7\u00e3o ao produto do fabricante de waffle<br \/>\nNossa fabricante de waffles \u00e9 um aparelho de alta qualidade projetado para trazer waffles deliciosos e marrom dourados \u00e0 sua mesa com facilidade.<br \/>\nPossui uma superf\u00edcie de cozimento antiaderente, garantindo que seus waffles liberem sem esfor\u00e7o e sejam f\u00e1ceis de limpar. O controle de temperatura ajust\u00e1vel permite personalizar o n\u00edvel de escurecimento de acordo com sua prefer\u00eancia, de um waffle leve e macio a um crocante.<br \/>\nCom um design compacto e resistente, ele n\u00e3o ocupa muito espa\u00e7o de contador e ainda fornece desempenho confi\u00e1vel. As luzes indicadoras mant\u00eam voc\u00ea informado sobre o pr\u00e9 -aquecimento e o status de cozinha, para que voc\u00ea saiba exatamente quando seus waffles est\u00e3o prontos.<br \/>\nFeito de materiais dur\u00e1veis, nossa fabricante de waffles \u00e9 constru\u00edda para durar, tornando -o um \u00f3timo complemento para qualquer cozinha para os amantes de waffle.<\/p>","protected":false},"excerpt":{"rendered":"<p>Cool touch handle<br \/>\nPower and ready light indicators<br \/>\nAutomatic temperature control<br \/>\nPlacas de revestimento antiaderentes para facilitar a limpeza<br \/>\nBrilh\u00e3o de cord\u00e3o para armazenamento<br \/>\nSkid-resistant feet<br \/>\n220-240V 50-60Hz 1000W<br \/>\n120V 60Hz 1000W<\/p>\n<p>Tamanho do produto: 198*255*88<br \/>\nTamanho da placa: \u00a2 195<br \/>\nTamanho da caixa de presente: 229*116*288<br \/>\nTamanho da caixa: 484*241*596<br \/>\nQuantity\/carton:8PCS<br \/>\nQty\/20 \u2032: 3224pcs<br \/>\nQty\/40 \u2032: 6560pcs<br \/>\nQty\/40\u2019HQ:7824PCS<\/p>","protected":false},"featured_media":258,"comment_status":"open","ping_status":"closed","template":"","meta":[],"product_cat":[26],"product_tag":[47,46,44,45,49,48],"class_list":{"0":"post-257","1":"product","2":"type-product","3":"status-publish","4":"has-post-thumbnail","6":"product_cat-waffle-maker","7":"product_tag-belgian-waffle-maker","8":"product_tag-donut-maker","9":"product_tag-electric-waffle-iron","10":"product_tag-heart-waffle-maker","11":"product_tag-household-non-toxic-panini-press","12":"product_tag-mini-non-stick-waffle-maker","14":"first","15":"instock","16":"shipping-taxable","17":"product-type-simple"},"_links":{"self":[{"href":"https:\/\/www.nbhonglu.com\/pt\/wp-json\/wp\/v2\/product\/257","targetHints":{"allow":["GET"]}}],"collection":[{"href":"https:\/\/www.nbhonglu.com\/pt\/wp-json\/wp\/v2\/product"}],"about":[{"href":"https:\/\/www.nbhonglu.com\/pt\/wp-json\/wp\/v2\/types\/product"}],"replies":[{"embeddable":true,"href":"https:\/\/www.nbhonglu.com\/pt\/wp-json\/wp\/v2\/comments?post=257"}],"version-history":[{"count":2,"href":"https:\/\/www.nbhonglu.com\/pt\/wp-json\/wp\/v2\/product\/257\/revisions"}],"predecessor-version":[{"id":930,"href":"https:\/\/www.nbhonglu.com\/pt\/wp-json\/wp\/v2\/product\/257\/revisions\/930"}],"wp:featuredmedia":[{"embeddable":true,"href":"https:\/\/www.nbhonglu.com\/pt\/wp-json\/wp\/v2\/media\/258"}],"wp:attachment":[{"href":"https:\/\/www.nbhonglu.com\/pt\/wp-json\/wp\/v2\/media?parent=257"}],"wp:term":[{"taxonomy":"product_cat","embeddable":true,"href":"https:\/\/www.nbhonglu.com\/pt\/wp-json\/wp\/v2\/product_cat?post=257"},{"taxonomy":"product_tag","embeddable":true,"href":"https:\/\/www.nbhonglu.com\/pt\/wp-json\/wp\/v2\/product_tag?post=257"}],"curies":[{"name":"wp","href":"https:\/\/api.w.org\/{rel}","templated":true}]}}