{"id":986,"date":"2025-04-15T14:46:55","date_gmt":"2025-04-15T06:46:55","guid":{"rendered":"https:\/\/honglu.gg12.globaldeepsea.site\/?post_type=product&#038;p=986"},"modified":"2025-05-21T15:12:45","modified_gmt":"2025-05-21T07:12:45","slug":"hl-600a-contact-grill-2","status":"publish","type":"product","link":"https:\/\/www.nbhonglu.com\/pl\/produkt\/hl-600a-contact-grill-2\/","title":{"rendered":"HL-600A Grill kontaktowy"},"content":{"rendered":"<p>Nasz Grill Contact jest niezb\u0119dnym urz\u0105dzeniem dla ka\u017cdej nowoczesnej kuchni. Jego nieprzywieraj\u0105ca powierzchnia gotowania nie tylko upraszcza obs\u0142ug\u0119 \u017cywno\u015bci, ale tak\u017ce zapewnia \u0142atwe czyszczenie. Regulowana kontrola temperatury waha si\u0119 od delikatnego ciep\u0142a do wysokiego smoku, co pozwala przygotowa\u0107 r\u00f3\u017cnorodne posi\u0142ki z precyzj\u0105. Kompaktowa forma grilla jest idealna do mieszka\u0144 lub kuchni o ograniczonej przestrzeni, jednocze\u015bnie zapewniaj\u0105c przestronny obszar grillowania. Szybko nagrzewa si\u0119, skracaj\u0105c czas podgrzewania i oszcz\u0119dzaj\u0105c energi\u0119. Trwa\u0142a konstrukcja, wykonana z wysokiej jako\u015bci materia\u0142\u00f3w, mo\u017ce wytrzyma\u0107 cz\u0119ste stosowanie. R\u00f3wnomierny rozk\u0142ad ciep\u0142a na p\u0142ytkach gwarantuje r\u00f3wnomiernie gotowane jedzenie za ka\u017cdym razem, niezale\u017cnie od tego, czy jest to stek, grillowany talerz warzywny, czy piekaj\u0105ca kanapka. Ten Grill Contact \u0142\u0105czy funkcjonalno\u015b\u0107, wygod\u0119 i trwa\u0142o\u015b\u0107, aby spe\u0142ni\u0107 wszystkie wymagania dotycz\u0105ce grillowania.<\/p>\n<p>&nbsp;<\/p>\n<p>&nbsp;<\/p>","protected":false},"excerpt":{"rendered":"<p>Open flat up to 180\u02da<br \/>\nAdjustable temperature control<br \/>\nTimer for convenient cooking<br \/>\nFloating hinge system fit for any size of toaster<br \/>\nDrip tray for excess oil<br \/>\nNon-stick coated plates for easy cleaning<br \/>\nWska\u017aniki mocy i gotowych \u015bwiat\u0142a<br \/>\nSafety thermostat and thermal fuse protection<br \/>\nSkid-resistant feet<br \/>\n220-240V 50-60Hz 2000W<br \/>\n120V 60Hz 1200W<\/p>\n<p>Product size:358*328*135<br \/>\nPlate size:290*240<br \/>\nGiftbox size:359*151*364<br \/>\nCarton size:624*371*382<br \/>\nQuantity\/carton:4PCS<br \/>\nQty\/20\u2032:1268PCS<br \/>\nQty\/40\u2032:2580PCS<br \/>\nQty\/40\u2019HQ:3076PCS<\/p>","protected":false},"featured_media":976,"comment_status":"open","ping_status":"closed","template":"","meta":[],"product_cat":[25],"product_tag":[80,79,82,81,85,84,83],"class_list":{"0":"post-986","1":"product","2":"type-product","3":"status-publish","4":"has-post-thumbnail","6":"product_cat-contact-grill","7":"product_tag-compact-portable-fast-cooking-contact-grill-for-outdoor-car-use","8":"product_tag-electric-indoor-grill","9":"product_tag-high-quality-electric-panini-press","10":"product_tag-household-press-grill","11":"product_tag-household-steak-contact-grill","12":"product_tag-non-stick-press-grill","13":"product_tag-smoke-free-sandwich-maker","15":"first","16":"instock","17":"shipping-taxable","18":"product-type-simple"},"_links":{"self":[{"href":"https:\/\/www.nbhonglu.com\/pl\/wp-json\/wp\/v2\/product\/986","targetHints":{"allow":["GET"]}}],"collection":[{"href":"https:\/\/www.nbhonglu.com\/pl\/wp-json\/wp\/v2\/product"}],"about":[{"href":"https:\/\/www.nbhonglu.com\/pl\/wp-json\/wp\/v2\/types\/product"}],"replies":[{"embeddable":true,"href":"https:\/\/www.nbhonglu.com\/pl\/wp-json\/wp\/v2\/comments?post=986"}],"version-history":[{"count":2,"href":"https:\/\/www.nbhonglu.com\/pl\/wp-json\/wp\/v2\/product\/986\/revisions"}],"predecessor-version":[{"id":993,"href":"https:\/\/www.nbhonglu.com\/pl\/wp-json\/wp\/v2\/product\/986\/revisions\/993"}],"wp:featuredmedia":[{"embeddable":true,"href":"https:\/\/www.nbhonglu.com\/pl\/wp-json\/wp\/v2\/media\/976"}],"wp:attachment":[{"href":"https:\/\/www.nbhonglu.com\/pl\/wp-json\/wp\/v2\/media?parent=986"}],"wp:term":[{"taxonomy":"product_cat","embeddable":true,"href":"https:\/\/www.nbhonglu.com\/pl\/wp-json\/wp\/v2\/product_cat?post=986"},{"taxonomy":"product_tag","embeddable":true,"href":"https:\/\/www.nbhonglu.com\/pl\/wp-json\/wp\/v2\/product_tag?post=986"}],"curies":[{"name":"wp","href":"https:\/\/api.w.org\/{rel}","templated":true}]}}