{"id":279,"date":"2024-12-16T14:33:12","date_gmt":"2024-12-16T06:33:12","guid":{"rendered":"https:\/\/honglu.gg12.globaldeepsea.site\/?post_type=product&#038;p=279"},"modified":"2025-05-21T15:06:45","modified_gmt":"2025-05-21T07:06:45","slug":"hl-200-replaceable-sandwichmaker","status":"publish","type":"product","link":"https:\/\/www.nbhonglu.com\/pl\/produkt\/hl-200-replaceable-sandwichmaker\/","title":{"rendered":"HL-200 Detachable Sandwich Maker"},"content":{"rendered":"<p>nasz od\u0142\u0105czany producent kanapek wyr\u00f3\u017cnia si\u0119 jako innowacyjny i praktyczny dodatek do twojej kuchni. jego wyra\u017any wymienny system p\u0142yt umo\u017cliwia bez wysi\u0142ku przekszta\u0142cenie urz\u0105dzenia w celu wytwarzania kanapek o r\u00f3\u017cnych formach i sp\u00f3jno\u015bci.<br \/>\np\u0142ytki s\u0105 pokryte wysokiej jako\u015bci nietopeczkowym materia\u0142em, u\u0142atwiaj\u0105c usuwanie gotowanej \u017cywno\u015bci i upraszczaj\u0105c proces czyszczenia. temperatur\u0119 mo\u017cna regulowa\u0107 z precyzj\u0105, umo\u017cliwiaj\u0105c dostosowanie poziomu ciep\u0142a do okre\u015blonych potrzeb w zakresie kanapki, zapewniaj\u0105c nieskazitelny wynik opieki za ka\u017cdym razem. to urz\u0105dzenie zosta\u0142o zaprojektowane z kompaktowym i przyjaznym dla u\u017cytkownika wsp\u00f3\u0142czynnikiem formy, dopasowuj\u0105c si\u0119 do ka\u017cdej powierzchni kuchennej.<br \/>\njego solidna jako\u015b\u0107 wykonania zapewnia nie tylko jego trwa\u0142o\u015b\u0107, ale tak\u017ce obiecuje niezawodn\u0105 i konsekwentn\u0105 wydajno\u015b\u0107 w d\u0142u\u017cszym okresie. czy to prosta i tradycyjna kanapka, czy wyrafinowana i aromatyczna panini, nasz wymienny producent kanapek jest idealnym narz\u0119dziem do wytwarzania przepysznych i spersonalizowanych kanapek, aby zaspokoi\u0107 kubki smakowe.<\/p>","protected":false},"excerpt":{"rendered":"<p>Cool touch handle<br \/>\nPower and ready light indicators<br \/>\nAutomatic temperature control<br \/>\nNon-stick coating plates for easy cleaning<br \/>\nAutolock clip<br \/>\nCord-wrap and upright for storage<br \/>\nSS Top Cover Decoration<br \/>\nSkid-resistant feet<br \/>\n220-240V 50-60Hz 750W<br \/>\n120 V 60 Hz 750 W.<\/p>\n<p>Rozmiar produktu: 228*219*97<br \/>\nPlate size:215*125<br \/>\nRozmiar pola prezentowego: 262*121*266<br \/>\nRozmiar kartonu: 381*275*552<br \/>\nQuantity\/carton:6PCS<br \/>\nqty\/20 \u2032: 2904pcs<br \/>\nqty\/40 \u2032: 5916pcs<br \/>\nqty\/40'hq: 7056pcs<\/p>","protected":false},"featured_media":280,"comment_status":"open","ping_status":"closed","template":"","meta":[],"product_cat":[28],"product_tag":[75,74,78,77,72,73,76],"class_list":{"0":"post-279","1":"product","2":"type-product","3":"status-publish","4":"has-post-thumbnail","6":"product_cat-detachable-sandwich-maker","7":"product_tag-2-slices-removable-plates-panini-press","8":"product_tag-bread-toaster-sandwich-waffle-maker","9":"product_tag-detachable-household-waffle-maker-machine","10":"product_tag-electric-3-in-1-breakfast-machine","11":"product_tag-hot-sale-sandwich-maker","12":"product_tag-non-stick-sandwich-press","13":"product_tag-press-grill-machine-for-household","15":"first","16":"instock","17":"shipping-taxable","18":"product-type-simple"},"_links":{"self":[{"href":"https:\/\/www.nbhonglu.com\/pl\/wp-json\/wp\/v2\/product\/279","targetHints":{"allow":["GET"]}}],"collection":[{"href":"https:\/\/www.nbhonglu.com\/pl\/wp-json\/wp\/v2\/product"}],"about":[{"href":"https:\/\/www.nbhonglu.com\/pl\/wp-json\/wp\/v2\/types\/product"}],"replies":[{"embeddable":true,"href":"https:\/\/www.nbhonglu.com\/pl\/wp-json\/wp\/v2\/comments?post=279"}],"version-history":[{"count":4,"href":"https:\/\/www.nbhonglu.com\/pl\/wp-json\/wp\/v2\/product\/279\/revisions"}],"predecessor-version":[{"id":1026,"href":"https:\/\/www.nbhonglu.com\/pl\/wp-json\/wp\/v2\/product\/279\/revisions\/1026"}],"wp:featuredmedia":[{"embeddable":true,"href":"https:\/\/www.nbhonglu.com\/pl\/wp-json\/wp\/v2\/media\/280"}],"wp:attachment":[{"href":"https:\/\/www.nbhonglu.com\/pl\/wp-json\/wp\/v2\/media?parent=279"}],"wp:term":[{"taxonomy":"product_cat","embeddable":true,"href":"https:\/\/www.nbhonglu.com\/pl\/wp-json\/wp\/v2\/product_cat?post=279"},{"taxonomy":"product_tag","embeddable":true,"href":"https:\/\/www.nbhonglu.com\/pl\/wp-json\/wp\/v2\/product_tag?post=279"}],"curies":[{"name":"wp","href":"https:\/\/api.w.org\/{rel}","templated":true}]}}