{"id":257,"date":"2024-12-16T14:08:28","date_gmt":"2024-12-16T06:08:28","guid":{"rendered":"https:\/\/honglu.gg12.globaldeepsea.site\/?post_type=product&#038;p=257"},"modified":"2025-05-21T13:30:01","modified_gmt":"2025-05-21T05:30:01","slug":"hl-300-wafflemaker","status":"publish","type":"product","link":"https:\/\/www.nbhonglu.com\/pl\/produkt\/hl-300-wafflemaker\/","title":{"rendered":"HL-300 Waffle Maker"},"content":{"rendered":"<p>Waffle Maker Product Introduction<br \/>\nNasz Waffle Maker to wysokiej jako\u015bci urz\u0105dzenie zaprojektowane tak, aby z \u0142atwo\u015bci\u0105 wprowadzi\u0107 pyszne, z\u0142ote br\u0105zowe gofry.<br \/>\nPosiada nietoplow\u0105 powierzchni\u0119 gotowania, zapewniaj\u0105c, \u017ce Waffle bez wysi\u0142ku wydaj\u0105 si\u0119 i s\u0105 \u0142atwe do wyczyszczenia. Regulowana kontrola temperatury umo\u017cliwia dostosowanie poziomu br\u0105zowego zgodnie z preferencjami, od lekkiego i puszystego gofra do chrupi\u0105cego.<br \/>\nPrzy kompaktowym i solidnym designie nie zajmuje to zbyt du\u017cej przestrzeni, a jednocze\u015bnie zapewnia niezawodn\u0105 wydajno\u015b\u0107. \u015awiat\u0142a wska\u017anik\u00f3w informuj\u0105 Ci\u0119 o stanie podgrzewania i gotowania, wi\u0119c wiesz dok\u0142adnie, kiedy twoje gofry s\u0105 gotowe.<br \/>\nWykonany z trwa\u0142ych materia\u0142\u00f3w, nasz Waffle Maker jest zbudowany tak, aby by\u0142 doskona\u0142ym dodatkiem do ka\u017cdej kuchni dla mi\u0142o\u015bnik\u00f3w gofr\u00f3w.<\/p>","protected":false},"excerpt":{"rendered":"<p>Cool touch handle<br \/>\nPower and ready light indicators<br \/>\nAutomatic temperature control<br \/>\nNon-stick coatingplates for easy cleaning<br \/>\nCord-wrap for storage<br \/>\nSkid-resistant feet<br \/>\n220-240V 50-60 Hz 1000 W.<br \/>\n120 V 60 Hz 1000 W.<\/p>\n<p>Rozmiar produktu: 198*255*88<br \/>\nPlate size:\u00a2195<br \/>\nGiftbox size:229*116*288<br \/>\nCarton size:484*241*596<br \/>\nQuantity\/carton:8PCS<br \/>\nQty\/20\u2032:3224PCS<br \/>\nQty\/40\u2032:6560PCS<br \/>\nQty\/40\u2019HQ:7824PCS<\/p>","protected":false},"featured_media":258,"comment_status":"open","ping_status":"closed","template":"","meta":[],"product_cat":[26],"product_tag":[47,46,44,45,49,48],"class_list":{"0":"post-257","1":"product","2":"type-product","3":"status-publish","4":"has-post-thumbnail","6":"product_cat-waffle-maker","7":"product_tag-belgian-waffle-maker","8":"product_tag-donut-maker","9":"product_tag-electric-waffle-iron","10":"product_tag-heart-waffle-maker","11":"product_tag-household-non-toxic-panini-press","12":"product_tag-mini-non-stick-waffle-maker","14":"first","15":"instock","16":"shipping-taxable","17":"product-type-simple"},"_links":{"self":[{"href":"https:\/\/www.nbhonglu.com\/pl\/wp-json\/wp\/v2\/product\/257","targetHints":{"allow":["GET"]}}],"collection":[{"href":"https:\/\/www.nbhonglu.com\/pl\/wp-json\/wp\/v2\/product"}],"about":[{"href":"https:\/\/www.nbhonglu.com\/pl\/wp-json\/wp\/v2\/types\/product"}],"replies":[{"embeddable":true,"href":"https:\/\/www.nbhonglu.com\/pl\/wp-json\/wp\/v2\/comments?post=257"}],"version-history":[{"count":2,"href":"https:\/\/www.nbhonglu.com\/pl\/wp-json\/wp\/v2\/product\/257\/revisions"}],"predecessor-version":[{"id":930,"href":"https:\/\/www.nbhonglu.com\/pl\/wp-json\/wp\/v2\/product\/257\/revisions\/930"}],"wp:featuredmedia":[{"embeddable":true,"href":"https:\/\/www.nbhonglu.com\/pl\/wp-json\/wp\/v2\/media\/258"}],"wp:attachment":[{"href":"https:\/\/www.nbhonglu.com\/pl\/wp-json\/wp\/v2\/media?parent=257"}],"wp:term":[{"taxonomy":"product_cat","embeddable":true,"href":"https:\/\/www.nbhonglu.com\/pl\/wp-json\/wp\/v2\/product_cat?post=257"},{"taxonomy":"product_tag","embeddable":true,"href":"https:\/\/www.nbhonglu.com\/pl\/wp-json\/wp\/v2\/product_tag?post=257"}],"curies":[{"name":"wp","href":"https:\/\/api.w.org\/{rel}","templated":true}]}}