{"id":247,"date":"2024-12-16T14:02:33","date_gmt":"2024-12-16T06:02:33","guid":{"rendered":"https:\/\/honglu.gg12.globaldeepsea.site\/?post_type=product&#038;p=247"},"modified":"2025-05-21T15:10:57","modified_gmt":"2025-05-21T07:10:57","slug":"electric-contact-grill","status":"publish","type":"product","link":"https:\/\/www.nbhonglu.com\/pl\/produkt\/electric-contact-grill\/","title":{"rendered":"HL-500 Contact Grill"},"content":{"rendered":"<p>oferowany przez nas grill kontaktowy jest niezwyk\u0142ym dodatkiem do twojego arsena\u0142u kuchennego. premium nieprzywieraj\u0105ce p\u0142yty s\u0105 zaprojektowane tak, aby zapobiec przyklejeniu jedzenia, co sprawia, \u017ce \u200b\u200bproces gotowania jest g\u0142adki, a nast\u0119pstwa czyszcz\u0105ca. masz pe\u0142n\u0105 kontrol\u0119 nad temperatur\u0105 dzi\u0119ki szeroko zakrojonym regulowanemu ustawieniom, umo\u017cliwiaj\u0105c sma\u017c\u0105c mi\u0119so na wysokim ogniu lub delikatnie ciep\u0142o, delikatne przedmioty. jego oszcz\u0119dzanie przestrzeni nie po\u015bwi\u0119ca pojemno\u015bci gotowania, poniewa\u017c zapewnia du\u017co miejsca na grillowanie wielu przedmiot\u00f3w jednocze\u015bnie. dzi\u0119ki elementowi szybkiego ogrzewania mo\u017cesz zacz\u0105\u0107 gotowa\u0107 w mgnieniu oka, oszcz\u0119dzaj\u0105c cenne minuty. zbudowany do ko\u0144ca, grill jest wytwarzany z solidnych materia\u0142\u00f3w, kt\u00f3re znosz\u0105 rygor codziennego u\u017cytku. dzi\u0119ki konsekwentnej dyspersji ciep\u0142a osi\u0105gniesz jednolicie ugotowane i pyszne wyniki, czy to skwiercz\u0105cy stek, sk\u0142adanka grillowanych warzyw, czy chrupi\u0105cy grillowany ser. ten kontakt grill naprawd\u0119 uciele\u015bnia innowacje, praktyczno\u015b\u0107 i wytrzyma\u0142o\u015b\u0107 dla wszystkich twoich pragnie\u0144 grillowania.<\/p>","protected":false},"excerpt":{"rendered":"<p>Safe Safe SS Safe<br \/>\nP\u0142ywaj\u0105cy system zawias\u00f3w<br \/>\nWska\u017aniki mocy i gotowych \u015bwiat\u0142a<br \/>\nNon-stick coating plates for easy cleaning<br \/>\nSkid-resistant feet<br \/>\nSS Top Cover Decoration<br \/>\n220-240V 50-60 Hz 1000 W.<br \/>\n120 V 60 Hz 1000 W.<\/p>\n<p>Rozmiar produktu: 266*221*85<br \/>\nRozmiar p\u0142yty: 230*145<br \/>\nRozmiar pola prezentowego: 300*117*260<br \/>\nRozmiar kartonu: 488*312*540<br \/>\nQuantity\/carton:8PCS<br \/>\nQty\/20 \u2032: 2728pcs<br \/>\nQty\/40 \u2032: 5544pcs<br \/>\nQty\/40\u2019HQ:6616PCS<\/p>","protected":false},"featured_media":250,"comment_status":"open","ping_status":"closed","template":"","meta":[],"product_cat":[25],"product_tag":[80,29,79,82,81,85,84,83],"class_list":{"0":"post-247","1":"product","2":"type-product","3":"status-publish","4":"has-post-thumbnail","6":"product_cat-contact-grill","7":"product_tag-compact-portable-fast-cooking-contact-grill-for-outdoor-car-use","8":"product_tag-electric-contact-grill","9":"product_tag-electric-indoor-grill","10":"product_tag-high-quality-electric-panini-press","11":"product_tag-household-press-grill","12":"product_tag-household-steak-contact-grill","13":"product_tag-non-stick-press-grill","14":"product_tag-smoke-free-sandwich-maker","16":"first","17":"instock","18":"shipping-taxable","19":"product-type-simple"},"_links":{"self":[{"href":"https:\/\/www.nbhonglu.com\/pl\/wp-json\/wp\/v2\/product\/247","targetHints":{"allow":["GET"]}}],"collection":[{"href":"https:\/\/www.nbhonglu.com\/pl\/wp-json\/wp\/v2\/product"}],"about":[{"href":"https:\/\/www.nbhonglu.com\/pl\/wp-json\/wp\/v2\/types\/product"}],"replies":[{"embeddable":true,"href":"https:\/\/www.nbhonglu.com\/pl\/wp-json\/wp\/v2\/comments?post=247"}],"version-history":[{"count":2,"href":"https:\/\/www.nbhonglu.com\/pl\/wp-json\/wp\/v2\/product\/247\/revisions"}],"predecessor-version":[{"id":932,"href":"https:\/\/www.nbhonglu.com\/pl\/wp-json\/wp\/v2\/product\/247\/revisions\/932"}],"wp:featuredmedia":[{"embeddable":true,"href":"https:\/\/www.nbhonglu.com\/pl\/wp-json\/wp\/v2\/media\/250"}],"wp:attachment":[{"href":"https:\/\/www.nbhonglu.com\/pl\/wp-json\/wp\/v2\/media?parent=247"}],"wp:term":[{"taxonomy":"product_cat","embeddable":true,"href":"https:\/\/www.nbhonglu.com\/pl\/wp-json\/wp\/v2\/product_cat?post=247"},{"taxonomy":"product_tag","embeddable":true,"href":"https:\/\/www.nbhonglu.com\/pl\/wp-json\/wp\/v2\/product_tag?post=247"}],"curies":[{"name":"wp","href":"https:\/\/api.w.org\/{rel}","templated":true}]}}