{"id":109,"date":"2024-12-11T20:32:25","date_gmt":"2024-12-11T12:32:25","guid":{"rendered":"https:\/\/honglu.gg12.globaldeepsea.site\/?page_id=109"},"modified":"2025-12-18T16:40:17","modified_gmt":"2025-12-18T08:40:17","slug":"about","status":"publish","type":"page","link":"https:\/\/www.nbhonglu.com\/pl\/about\/","title":{"rendered":"o"},"content":{"rendered":"<div data-elementor-type=\"wp-page\" data-elementor-id=\"109\" class=\"elementor elementor-109\" data-elementor-post-type=\"page\">\n\t\t\t\t<div class=\"elementor-element elementor-element-0d8ca1c e-flex e-con-boxed e-con e-parent\" data-id=\"0d8ca1c\" data-element_type=\"container\" data-settings=\"{&quot;background_background&quot;:&quot;classic&quot;}\">\n\t\t\t\t\t<div class=\"e-con-inner\">\n\t\t<div class=\"elementor-element elementor-element-c12758e e-con-full animated-slow e-flex elementor-invisible e-con e-child\" data-id=\"c12758e\" data-element_type=\"container\" data-settings=\"{&quot;background_background&quot;:&quot;classic&quot;,&quot;animation&quot;:&quot;fadeInLeft&quot;}\">\n\t\t\t\t<div class=\"elementor-element elementor-element-b55ae4f elementor-widget elementor-widget-heading\" data-id=\"b55ae4f\" data-element_type=\"widget\" data-widget_type=\"heading.default\">\n\t\t\t\t<div class=\"elementor-widget-container\">\n\t\t\t<h2 class=\"elementor-heading-title elementor-size-default\">O nas<\/h2>\t\t<\/div>\n\t\t\t\t<\/div>\n\t\t\t\t<div class=\"elementor-element elementor-element-c4b8116 elementor-icon-list--layout-inline elementor-align-center elementor-list-item-link-full_width elementor-widget elementor-widget-icon-list\" data-id=\"c4b8116\" data-element_type=\"widget\" data-widget_type=\"icon-list.default\">\n\t\t\t\t<div class=\"elementor-widget-container\">\n\t\t\t\t\t<ul class=\"elementor-icon-list-items elementor-inline-items\">\n\t\t\t\t\t\t\t<li class=\"elementor-icon-list-item elementor-inline-item\">\n\t\t\t\t\t\t\t\t\t\t<span class=\"elementor-icon-list-text\">Dom<\/span>\n\t\t\t\t\t\t\t\t\t<\/li>\n\t\t\t\t\t\t\t\t<li class=\"elementor-icon-list-item elementor-inline-item\">\n\t\t\t\t\t\t\t\t\t\t\t<span class=\"elementor-icon-list-icon\">\n\t\t\t\t\t\t\t<svg aria-hidden=\"true\" class=\"e-font-icon-svg e-fas-chevron-right\" viewbox=\"0 0 320 512\" xmlns=\"http:\/\/www.w3.org\/2000\/svg\"><path d=\"M285.476 272.971L91.132 467.314c-9.373 9.373-24.569 9.373-33.941 0l-22.667-22.667c-9.357-9.357-9.375-24.522-.04-33.901L188.505 256 34.484 101.255c-9.335-9.379-9.317-24.544.04-33.901l22.667-22.667c9.373-9.373 24.569-9.373 33.941 0L285.475 239.03c9.373 9.372 9.373 24.568.001 33.941z\"><\/path><\/svg>\t\t\t\t\t\t<\/span>\n\t\t\t\t\t\t\t\t\t\t<span class=\"elementor-icon-list-text\">O<\/span>\n\t\t\t\t\t\t\t\t\t<\/li>\n\t\t\t\t\t\t<\/ul>\n\t\t\t\t<\/div>\n\t\t\t\t<\/div>\n\t\t\t\t<\/div>\n\t\t<div class=\"elementor-element elementor-element-e0eef72 e-con-full e-flex e-con e-child\" data-id=\"e0eef72\" data-element_type=\"container\" data-settings=\"{&quot;background_background&quot;:&quot;classic&quot;}\">\n\t\t\t\t<\/div>\n\t\t\t\t\t<\/div>\n\t\t\t\t<\/div>\n\t\t<div class=\"elementor-element elementor-element-6dde537 e-flex e-con-boxed e-con e-parent\" data-id=\"6dde537\" data-element_type=\"container\">\n\t\t\t\t\t<div class=\"e-con-inner\">\n\t\t<div class=\"elementor-element elementor-element-99f1ab9 e-con-full e-flex e-con e-child\" data-id=\"99f1ab9\" data-element_type=\"container\" data-settings=\"{&quot;background_background&quot;:&quot;classic&quot;}\">\n\t\t\t\t<div class=\"elementor-element elementor-element-158539c elementor-widget elementor-widget-spacer\" data-id=\"158539c\" data-element_type=\"widget\" data-widget_type=\"spacer.default\">\n\t\t\t\t<div class=\"elementor-widget-container\">\n\t\t\t\t\t<div class=\"elementor-spacer\">\n\t\t\t<div class=\"elementor-spacer-inner\"><\/div>\n\t\t<\/div>\n\t\t\t\t<\/div>\n\t\t\t\t<\/div>\n\t\t\t\t<\/div>\n\t\t<div class=\"elementor-element elementor-element-14dcdb3 animated-slow e-con-full e-flex elementor-invisible e-con e-child\" data-id=\"14dcdb3\" data-element_type=\"container\" data-settings=\"{&quot;animation&quot;:&quot;fadeInRight&quot;}\">\n\t\t<div class=\"elementor-element elementor-element-c765db8 e-con-full e-flex e-con e-child\" data-id=\"c765db8\" data-element_type=\"container\">\n\t\t\t\t<div class=\"elementor-element elementor-element-8d0330b elementor-widget elementor-widget-heading\" data-id=\"8d0330b\" data-element_type=\"widget\" data-widget_type=\"heading.default\">\n\t\t\t\t<div class=\"elementor-widget-container\">\n\t\t\t<h2 class=\"elementor-heading-title elementor-size-default\">Ningbo Honglu Intelligent Technology Co., Ltd.<\/h2>\t\t<\/div>\n\t\t\t\t<\/div>\n\t\t\t\t<\/div>\n\t\t\t\t<div class=\"elementor-element elementor-element-6902804 elementor-widget elementor-widget-text-editor\" data-id=\"6902804\" data-element_type=\"widget\" data-widget_type=\"text-editor.default\">\n\t\t\t\t<div class=\"elementor-widget-container\">\n\t\t\t\t\t\t\t<p>Za\u0142o\u017cona w 2024 r. Ningbo Honglu Intelligent Technology Co. , Ltd. Znajduje si\u0119 w Cixi City, Ningbo, jednej z baz produkcyjnych urz\u0105dze\u0144 domowych w Chinach.<\/p><p>Ningbo Honglu Intelligent Technology CO. , Ltd. Jest profesjonalnym badaniem badawczo -rozwojowym i produkcj\u0105 producenta kanapek, gril\u00f3w i innych urz\u0105dze\u0144 kuchennych gospodarstw domowych dla producent\u00f3w eksportowych. Nasze produkty przesz\u0142y wiele krajowych i mi\u0119dzynarodowych autorytatywnych certyfikat\u00f3w, w tym CCC, UL, GS, CE, ROHS, BSCI i ETL. \u015aci\u015ble przestrzegamy mi\u0119dzynarodowego systemu zarz\u0105dzania jako\u015bci\u0105 ISO9001-2015, zapewniaj\u0105c, \u017ce nasza jako\u015b\u0107 produktu spe\u0142nia mi\u0119dzynarodowe standardy.\u00a0<\/p>\t\t\t\t\t\t<\/div>\n\t\t\t\t<\/div>\n\t\t\t\t<\/div>\n\t\t\t\t\t<\/div>\n\t\t\t\t<\/div>\n\t\t<div class=\"elementor-element elementor-element-3f1d1d4 e-flex e-con-boxed e-con e-parent\" data-id=\"3f1d1d4\" data-element_type=\"container\">\n\t\t\t\t\t<div class=\"e-con-inner\">\n\t\t<div class=\"elementor-element elementor-element-7f6b1b3 animated-slow e-con-full e-flex elementor-invisible e-con e-child\" data-id=\"7f6b1b3\" data-element_type=\"container\" data-settings=\"{&quot;animation&quot;:&quot;fadeInUp&quot;}\">\n\t\t\t\t<div class=\"elementor-element elementor-element-32c914e elementor-widget elementor-widget-text-editor\" data-id=\"32c914e\" data-element_type=\"widget\" data-widget_type=\"text-editor.default\">\n\t\t\t\t<div class=\"elementor-widget-container\">\n\t\t\t\t\t\t\tJeste\u015bmy firm\u0105 zaanga\u017cowan\u0105 w innowacyjny sprz\u0119t AGD od chwili jej powstania, zawsze trzymaj\u0105c si\u0119 podstawowej koncepcji \u201etechnologia wyznacza przysz\u0142o\u015b\u0107, innowacja tworzy marzenia\u201d, aby zapewni\u0107 wydajne, bezpieczne i niezawodne us\u0142ugi tysi\u0105com gospodarstw domowych. Zapewnij klientom szereg niestandardowych rozwi\u0105za\u0144 w zakresie rozwoju produkt\u00f3w.\nFirma posiada silny zesp\u00f3\u0142 badawczo-rozwojowy oraz zaawansowan\u0105 platform\u0119 technologiczn\u0105 i stale bada nowe technologie i nowe metody, aby sprosta\u0107 zmieniaj\u0105cym si\u0119 potrzebom rynku. Wiemy, \u017ce zaufanie i wsparcie Klient\u00f3w jest podstaw\u0105 rozwoju firmy. Dlatego zawsze trzymamy si\u0119 koncepcji obs\u0142ugi \u201ezorientowanej na klienta\u201d.\nNingbo Honglu Intelligent Technology Co. z oo b\u0119dzie w dalszym ci\u0105gu podtrzymywa\u0107 ducha innowacyjno\u015bci, stale optymalizowa\u0107 produkty i us\u0142ugi oraz d\u0105\u017cy\u0107 do zostania liderem w bran\u017cy. Nie mo\u017cemy si\u0119 doczeka\u0107 wsp\u00f3\u0142pracy z wi\u0119ksz\u0105 liczb\u0105 klient\u00f3w, aby stworzy\u0107 wspania\u0142\u0105 przysz\u0142o\u015b\u0107.\t\t\t\t\t\t<\/div>\n\t\t\t\t<\/div>\n\t\t\t\t<\/div>\n\t\t\t\t<div class=\"elementor-element elementor-element-b29f8c2 elementor-widget elementor-widget-video\" data-id=\"b29f8c2\" data-element_type=\"widget\" data-settings=\"{&quot;youtube_url&quot;:&quot;www.youtube.com\\\/watch?v=IgzE0sjsgXg&quot;,&quot;video_type&quot;:&quot;youtube&quot;,&quot;controls&quot;:&quot;yes&quot;}\" data-widget_type=\"video.default\">\n\t\t\t\t<div class=\"elementor-widget-container\">\n\t\t\t\t\t<div class=\"elementor-wrapper elementor-open-inline\">\n\t\t\t<div class=\"elementor-video\"><\/div>\t\t<\/div>\n\t\t\t\t<\/div>\n\t\t\t\t<\/div>\n\t\t\t\t\t<\/div>\n\t\t\t\t<\/div>\n\t\t<div class=\"elementor-element elementor-element-64237ff e-flex e-con-boxed e-con e-parent\" data-id=\"64237ff\" data-element_type=\"container\" data-settings=\"{&quot;background_background&quot;:&quot;classic&quot;}\">\n\t\t\t\t\t<div class=\"e-con-inner\">\n\t\t<div class=\"elementor-element elementor-element-5b29ca9 animated-slow e-con-full e-flex elementor-invisible e-con e-child\" data-id=\"5b29ca9\" data-element_type=\"container\" data-settings=\"{&quot;animation&quot;:&quot;fadeInUp&quot;}\">\n\t\t<div class=\"elementor-element elementor-element-aa36b92 e-con-full e-flex e-con e-child\" data-id=\"aa36b92\" data-element_type=\"container\">\n\t\t\t\t<div class=\"elementor-element elementor-element-b1c4ea8 elementor-widget elementor-widget-heading\" data-id=\"b1c4ea8\" data-element_type=\"widget\" data-widget_type=\"heading.default\">\n\t\t\t\t<div class=\"elementor-widget-container\">\n\t\t\t<h2 class=\"elementor-heading-title elementor-size-default\">\u015awietne naczynia kuchenne, dla ka\u017cdej kuchni\u200b<\/h2>\t\t<\/div>\n\t\t\t\t<\/div>\n\t\t\t\t<\/div>\n\t\t<div class=\"elementor-element elementor-element-7e3aeec e-con-full e-flex e-con e-child\" data-id=\"7e3aeec\" data-element_type=\"container\">\n\t\t\t\t<div class=\"elementor-element elementor-element-37a845f elementor-widget elementor-widget-text-editor\" data-id=\"37a845f\" data-element_type=\"widget\" data-widget_type=\"text-editor.default\">\n\t\t\t\t<div class=\"elementor-widget-container\">\n\t\t\t\t\t\t\t<p>\u015awietne naczynia kuchenne do gotowania bez wysi\u0142ku - na ka\u017cd\u0105 kuchni\u0119! Skontaktuj si\u0119 z nami teraz<\/p>\t\t\t\t\t\t<\/div>\n\t\t\t\t<\/div>\n\t\t\t\t<\/div>\n\t\t\t\t<div class=\"elementor-element elementor-element-6cd2ee4 elementor-align-center elementor-widget__width-auto elementor-widget elementor-widget-button\" data-id=\"6cd2ee4\" data-element_type=\"widget\" data-widget_type=\"button.default\">\n\t\t\t\t<div class=\"elementor-widget-container\">\n\t\t\t\t\t\t\t<div class=\"elementor-button-wrapper\">\n\t\t\t\t\t<a class=\"elementor-button elementor-button-link elementor-size-sm elementor-animation-shrink\" href=\"https:\/\/www.nbhonglu.com\/pl\/inquiry\/\">\n\t\t\t\t\t\t<span class=\"elementor-button-content-wrapper\">\n\t\t\t\t\t\t\t\t\t<span class=\"elementor-button-text\">Poka\u017c teraz<\/span>\n\t\t\t\t\t<\/span>\n\t\t\t\t\t<\/a>\n\t\t\t\t<\/div>\n\t\t\t\t\t\t<\/div>\n\t\t\t\t<\/div>\n\t\t\t\t<\/div>\n\t\t\t\t\t<\/div>\n\t\t\t\t<\/div>\n\t\t\t\t<\/div>","protected":false},"excerpt":{"rendered":"<p>About Us Home About Ningbo Honglu Intelligent Technology Co., Ltd. Founded in 2024, Ningbo Honglu Intelligent Technology Co . , LTD. Is located in Cixi City, Ningbo, one of the home appliance manufacturing bases in China. Ningbo Honglu Intelligent Technology Co . , LTD.\u00a0Is a \u00a0professional R&amp;D and production of sandwich maker ,grills and other [\u2026]<\/p>","protected":false},"author":1,"featured_media":0,"parent":0,"menu_order":0,"comment_status":"closed","ping_status":"closed","template":"elementor_header_footer","meta":{"footnotes":""},"class_list":["post-109","page","type-page","status-publish","hentry"],"_links":{"self":[{"href":"https:\/\/www.nbhonglu.com\/pl\/wp-json\/wp\/v2\/pages\/109","targetHints":{"allow":["GET"]}}],"collection":[{"href":"https:\/\/www.nbhonglu.com\/pl\/wp-json\/wp\/v2\/pages"}],"about":[{"href":"https:\/\/www.nbhonglu.com\/pl\/wp-json\/wp\/v2\/types\/page"}],"author":[{"embeddable":true,"href":"https:\/\/www.nbhonglu.com\/pl\/wp-json\/wp\/v2\/users\/1"}],"replies":[{"embeddable":true,"href":"https:\/\/www.nbhonglu.com\/pl\/wp-json\/wp\/v2\/comments?post=109"}],"version-history":[{"count":61,"href":"https:\/\/www.nbhonglu.com\/pl\/wp-json\/wp\/v2\/pages\/109\/revisions"}],"predecessor-version":[{"id":1427,"href":"https:\/\/www.nbhonglu.com\/pl\/wp-json\/wp\/v2\/pages\/109\/revisions\/1427"}],"wp:attachment":[{"href":"https:\/\/www.nbhonglu.com\/pl\/wp-json\/wp\/v2\/media?parent=109"}],"curies":[{"name":"wp","href":"https:\/\/api.w.org\/{rel}","templated":true}]}}