{"id":276,"date":"2024-12-16T14:27:50","date_gmt":"2024-12-16T06:27:50","guid":{"rendered":"https:\/\/honglu.gg12.globaldeepsea.site\/?post_type=product&#038;p=276"},"modified":"2025-05-21T15:07:17","modified_gmt":"2025-05-21T07:07:17","slug":"hl-200a-replaceable-sandwichmaker","status":"publish","type":"product","link":"https:\/\/www.nbhonglu.com\/it\/prodotto\/hl-200a-replaceable-sandwichmaker\/","title":{"rendered":"HL-200b Sandwich Maker staccabile"},"content":{"rendered":"<p>Il maker sandwich staccabile \u00e8 un elettrodomestico rivoluzionario che offre comodit\u00e0 e versatilit\u00e0. \u00c8 dotato di un design di piastre sostituibile unico, che consente di passare facilmente tra i diversi tipi di piastre per creare una variet\u00e0 di sandwich con varie forme e trame. Il rivestimento antiaderente sui piatti garantisce un rilascio senza sforzo e una facile pulizia. Con il controllo della temperatura regolabile, \u00e8 possibile impostare con precisione il calore per ottenere il tostato perfetto per i tuoi sandwich. Il design compatto ed ergonomico lo rende adatto a qualsiasi piano di lavoro da cucina, mentre la costruzione robusta garantisce una durata e prestazioni di lunga durata. Che tu stia preparando un formaggio grigliato classico o un panini gourmet, questo produttore di sandwich sostituibile \u00e8 la tua scelta preferita per i panini deliziosi e personalizzati ogni volta.<\/p>","protected":false},"excerpt":{"rendered":"<p>220-240V 50-60Hz 750W<br \/>\n120V 60Hz 750W<br \/>\nCool touch handle<br \/>\nPower and ready light indicators<br \/>\nSafety thermostat and thermal fuse protection<br \/>\nAutomatic temperature control<br \/>\nNon-stick coating plates for easy cleaning<br \/>\nAutolock clip<br \/>\nCord-wrap and upright for storage<br \/>\nDecorazione della copertina<br \/>\npiedi resistenti al skid<\/p>\n<p>Dimensione del prodotto: 228*219*97<br \/>\nPlate size:215*125<br \/>\nDimensione della cassetta regalo: 262*121*266<br \/>\nDimensione del cartone: 381*275*552<br \/>\nQuantity\/carton:6PCS<br \/>\nQTY\/20 \u2032: 2904pcs<br \/>\nQTY\/40 \u2032: 5916pcs<br \/>\nQty\/40\u2019HQ:7056PCS<\/p>","protected":false},"featured_media":278,"comment_status":"open","ping_status":"closed","template":"","meta":[],"product_cat":[28],"product_tag":[75,74,78,77,72,73,76],"class_list":{"0":"post-276","1":"product","2":"type-product","3":"status-publish","4":"has-post-thumbnail","6":"product_cat-detachable-sandwich-maker","7":"product_tag-2-slices-removable-plates-panini-press","8":"product_tag-bread-toaster-sandwich-waffle-maker","9":"product_tag-detachable-household-waffle-maker-machine","10":"product_tag-electric-3-in-1-breakfast-machine","11":"product_tag-hot-sale-sandwich-maker","12":"product_tag-non-stick-sandwich-press","13":"product_tag-press-grill-machine-for-household","15":"first","16":"instock","17":"shipping-taxable","18":"product-type-simple"},"_links":{"self":[{"href":"https:\/\/www.nbhonglu.com\/it\/wp-json\/wp\/v2\/product\/276","targetHints":{"allow":["GET"]}}],"collection":[{"href":"https:\/\/www.nbhonglu.com\/it\/wp-json\/wp\/v2\/product"}],"about":[{"href":"https:\/\/www.nbhonglu.com\/it\/wp-json\/wp\/v2\/types\/product"}],"replies":[{"embeddable":true,"href":"https:\/\/www.nbhonglu.com\/it\/wp-json\/wp\/v2\/comments?post=276"}],"version-history":[{"count":5,"href":"https:\/\/www.nbhonglu.com\/it\/wp-json\/wp\/v2\/product\/276\/revisions"}],"predecessor-version":[{"id":1027,"href":"https:\/\/www.nbhonglu.com\/it\/wp-json\/wp\/v2\/product\/276\/revisions\/1027"}],"wp:featuredmedia":[{"embeddable":true,"href":"https:\/\/www.nbhonglu.com\/it\/wp-json\/wp\/v2\/media\/278"}],"wp:attachment":[{"href":"https:\/\/www.nbhonglu.com\/it\/wp-json\/wp\/v2\/media?parent=276"}],"wp:term":[{"taxonomy":"product_cat","embeddable":true,"href":"https:\/\/www.nbhonglu.com\/it\/wp-json\/wp\/v2\/product_cat?post=276"},{"taxonomy":"product_tag","embeddable":true,"href":"https:\/\/www.nbhonglu.com\/it\/wp-json\/wp\/v2\/product_tag?post=276"}],"curies":[{"name":"wp","href":"https:\/\/api.w.org\/{rel}","templated":true}]}}