{"id":974,"date":"2025-04-15T10:46:13","date_gmt":"2025-04-15T02:46:13","guid":{"rendered":"https:\/\/honglu.gg12.globaldeepsea.site\/?post_type=product&#038;p=974"},"modified":"2025-05-21T15:13:17","modified_gmt":"2025-05-21T07:13:17","slug":"hl-600a-contact-grill","status":"publish","type":"product","link":"https:\/\/www.nbhonglu.com\/fr\/product\/hl-600a-contact-grill\/","title":{"rendered":"Grill de contact HL-600"},"content":{"rendered":"<p>Notre Contact Grill est un appareil essentiel pour toute cuisine moderne. Sa surface de cuisson antiadh\u00e9sive simplifie non seulement la manipulation des aliments, mais assure \u00e9galement un nettoyage facile. Le contr\u00f4le de temp\u00e9rature r\u00e9glable varie d'un doux chaud \u00e0 une saisie \u00e9lev\u00e9e, vous permettant de pr\u00e9parer divers repas avec pr\u00e9cision. Le facteur de forme compact du gril est parfait pour les appartements ou les cuisines avec un espace limit\u00e9, tout en offrant une zone de grillade spacieuse. Il se r\u00e9chauffe rapidement, r\u00e9duisant le temps de pr\u00e9chauffage et conservant l'\u00e9nergie. La construction durable, faite de mat\u00e9riaux de haute qualit\u00e9, peut r\u00e9sister \u00e0 une utilisation fr\u00e9quente. La distribution de la chaleur uniforme \u00e0 travers les assiettes garantit \u00e0 chaque fois les aliments cuits uniform\u00e9ment, qu'il s'agisse d'un steak, d'un plateau de l\u00e9gumes grill\u00e9 ou d'un sandwich grill\u00e9. Ce Contact Grill combine les fonctionnalit\u00e9s, la commodit\u00e9 et la durabilit\u00e9 pour r\u00e9pondre \u00e0 toutes vos exigences de grillades int\u00e9rieures.<\/p>\n<p>&nbsp;<\/p>\n<p>&nbsp;<\/p>","protected":false},"excerpt":{"rendered":"<p>Ouvert \u00e0 plat jusqu'\u00e0 180 \u00b0<br \/>\nLe syst\u00e8me de charni\u00e8re flottante ajust\u00e9 pour n'importe quelle taille de grille-pain<br \/>\nPlateau goutte \u00e0 goutte pour exc\u00e8s d'huile<br \/>\nAssiettes \u00e0 rev\u00eatement antiadh\u00e9sives pour un nettoyage facile<br \/>\nIndicateurs de puissance et de lumi\u00e8re pr\u00eate<br \/>\nThermostat de s\u00e9curit\u00e9 et protection contre les fusibles thermiques<br \/>\nPieds r\u00e9sistants au d\u00e9rapage<br \/>\n220-240V 50-60Hz 2000w<br \/>\n120V 60Hz 1200W<\/p>\n<p>Taille du produit: 325 * 328 * 117<br \/>\nTaille de la plaque: 290 * 240<br \/>\nTaille de la bo\u00eete-cadeau: 359 * 151 * 364<br \/>\nTaille du carton: 624 * 371 * 382<br \/>\nQuantity\/carton:4PCS<br \/>\nQt\u00e9 \/ 20 ': 1268pcs<br \/>\nQt\u00e9 \/ 40 ': 2580pcs<br \/>\nQty\/40\u2019HQ:3076PCS<\/p>","protected":false},"featured_media":981,"comment_status":"open","ping_status":"closed","template":"","meta":[],"product_cat":[25],"product_tag":[80,79,82,81,85,84,83],"class_list":{"0":"post-974","1":"product","2":"type-product","3":"status-publish","4":"has-post-thumbnail","6":"product_cat-contact-grill","7":"product_tag-compact-portable-fast-cooking-contact-grill-for-outdoor-car-use","8":"product_tag-electric-indoor-grill","9":"product_tag-high-quality-electric-panini-press","10":"product_tag-household-press-grill","11":"product_tag-household-steak-contact-grill","12":"product_tag-non-stick-press-grill","13":"product_tag-smoke-free-sandwich-maker","15":"first","16":"instock","17":"shipping-taxable","18":"product-type-simple"},"_links":{"self":[{"href":"https:\/\/www.nbhonglu.com\/fr\/wp-json\/wp\/v2\/product\/974","targetHints":{"allow":["GET"]}}],"collection":[{"href":"https:\/\/www.nbhonglu.com\/fr\/wp-json\/wp\/v2\/product"}],"about":[{"href":"https:\/\/www.nbhonglu.com\/fr\/wp-json\/wp\/v2\/types\/product"}],"replies":[{"embeddable":true,"href":"https:\/\/www.nbhonglu.com\/fr\/wp-json\/wp\/v2\/comments?post=974"}],"version-history":[{"count":3,"href":"https:\/\/www.nbhonglu.com\/fr\/wp-json\/wp\/v2\/product\/974\/revisions"}],"predecessor-version":[{"id":982,"href":"https:\/\/www.nbhonglu.com\/fr\/wp-json\/wp\/v2\/product\/974\/revisions\/982"}],"wp:featuredmedia":[{"embeddable":true,"href":"https:\/\/www.nbhonglu.com\/fr\/wp-json\/wp\/v2\/media\/981"}],"wp:attachment":[{"href":"https:\/\/www.nbhonglu.com\/fr\/wp-json\/wp\/v2\/media?parent=974"}],"wp:term":[{"taxonomy":"product_cat","embeddable":true,"href":"https:\/\/www.nbhonglu.com\/fr\/wp-json\/wp\/v2\/product_cat?post=974"},{"taxonomy":"product_tag","embeddable":true,"href":"https:\/\/www.nbhonglu.com\/fr\/wp-json\/wp\/v2\/product_tag?post=974"}],"curies":[{"name":"wp","href":"https:\/\/api.w.org\/{rel}","templated":true}]}}