{"id":279,"date":"2024-12-16T14:33:12","date_gmt":"2024-12-16T06:33:12","guid":{"rendered":"https:\/\/honglu.gg12.globaldeepsea.site\/?post_type=product&#038;p=279"},"modified":"2025-05-21T15:06:45","modified_gmt":"2025-05-21T07:06:45","slug":"hl-200-replaceable-sandwichmaker","status":"publish","type":"product","link":"https:\/\/www.nbhonglu.com\/fr\/product\/hl-200-replaceable-sandwichmaker\/","title":{"rendered":"HL-200 Sandwich d\u00e9tachable Maker"},"content":{"rendered":"<p>Notre fabricant de sandwich amovible se d\u00e9marque comme un ajout innovant et pratique \u00e0 votre cuisine. Son syst\u00e8me de plaque rempla\u00e7able distinct vous permet de transformer sans effort l'appareil pour produire des sandwichs de formes et de consistances diverses.<br \/>\nLes assiettes sont recouvertes d'un mat\u00e9riau antiadh\u00e9sif de haute qualit\u00e9, facilitant l'\u00e9limination des aliments cuits et simplifiant le processus de nettoyage. La temp\u00e9rature peut \u00eatre ajust\u00e9e avec pr\u00e9cision, vous permettant d'adapter le niveau de chaleur \u00e0 vos besoins sp\u00e9cifiques de fabrication de sandwich, garantissant un r\u00e9sultat de grillage sans faille \u00e0 chaque fois. Cet appareil est con\u00e7u avec un facteur de forme compact et convivial, s'adaptant parfaitement sur toute surface de la cuisine.<br \/>\nSa qualit\u00e9 de construction robuste garantit non seulement sa durabilit\u00e9, mais promet \u00e9galement des performances fiables et coh\u00e9rentes sur une p\u00e9riode prolong\u00e9e. Que ce soit un sandwich simple et traditionnel ou un panini sophistiqu\u00e9 et savoureux, notre fabricant de sandwich rempla\u00e7able est l'outil id\u00e9al pour fabriquer des sandwichs all\u00e9chants et personnalis\u00e9s pour satisfaire vos papilles.<\/p>","protected":false},"excerpt":{"rendered":"<p>Poign\u00e9e cool<br \/>\nIndicateurs de puissance et de lumi\u00e8re pr\u00eate<br \/>\nContr\u00f4le automatique de la temp\u00e9rature<br \/>\nPlaques de rev\u00eatement antiadh\u00e9sives pour un nettoyage facile<br \/>\nClip automatique<br \/>\nCordage et vertical pour le stockage<br \/>\nD\u00e9coration de la couverture sup\u00e9rieure SS<br \/>\nPieds r\u00e9sistants au d\u00e9rapage<br \/>\n220-240V 50-60Hz 750W<br \/>\n120V 60Hz 750W<\/p>\n<p>Taille du produit: 228 * 219 * 97<br \/>\nTaille de la plaque: 215 * 125<br \/>\nTaille de la bo\u00eete-cadeau: 262 * 121 * 266<br \/>\nTaille du carton: 381 * 275 * 552<br \/>\nQuantity\/carton:6PCS<br \/>\nQt\u00e9 \/ 20 ': 2904pcs<br \/>\nQt\u00e9 \/ 40 ': 5916pcs<br \/>\nQty\/40\u2019HQ:7056PCS<\/p>","protected":false},"featured_media":280,"comment_status":"open","ping_status":"closed","template":"","meta":[],"product_cat":[28],"product_tag":[75,74,78,77,72,73,76],"class_list":{"0":"post-279","1":"product","2":"type-product","3":"status-publish","4":"has-post-thumbnail","6":"product_cat-detachable-sandwich-maker","7":"product_tag-2-slices-removable-plates-panini-press","8":"product_tag-bread-toaster-sandwich-waffle-maker","9":"product_tag-detachable-household-waffle-maker-machine","10":"product_tag-electric-3-in-1-breakfast-machine","11":"product_tag-hot-sale-sandwich-maker","12":"product_tag-non-stick-sandwich-press","13":"product_tag-press-grill-machine-for-household","15":"first","16":"instock","17":"shipping-taxable","18":"product-type-simple"},"_links":{"self":[{"href":"https:\/\/www.nbhonglu.com\/fr\/wp-json\/wp\/v2\/product\/279","targetHints":{"allow":["GET"]}}],"collection":[{"href":"https:\/\/www.nbhonglu.com\/fr\/wp-json\/wp\/v2\/product"}],"about":[{"href":"https:\/\/www.nbhonglu.com\/fr\/wp-json\/wp\/v2\/types\/product"}],"replies":[{"embeddable":true,"href":"https:\/\/www.nbhonglu.com\/fr\/wp-json\/wp\/v2\/comments?post=279"}],"version-history":[{"count":4,"href":"https:\/\/www.nbhonglu.com\/fr\/wp-json\/wp\/v2\/product\/279\/revisions"}],"predecessor-version":[{"id":1026,"href":"https:\/\/www.nbhonglu.com\/fr\/wp-json\/wp\/v2\/product\/279\/revisions\/1026"}],"wp:featuredmedia":[{"embeddable":true,"href":"https:\/\/www.nbhonglu.com\/fr\/wp-json\/wp\/v2\/media\/280"}],"wp:attachment":[{"href":"https:\/\/www.nbhonglu.com\/fr\/wp-json\/wp\/v2\/media?parent=279"}],"wp:term":[{"taxonomy":"product_cat","embeddable":true,"href":"https:\/\/www.nbhonglu.com\/fr\/wp-json\/wp\/v2\/product_cat?post=279"},{"taxonomy":"product_tag","embeddable":true,"href":"https:\/\/www.nbhonglu.com\/fr\/wp-json\/wp\/v2\/product_tag?post=279"}],"curies":[{"name":"wp","href":"https:\/\/api.w.org\/{rel}","templated":true}]}}