{"id":273,"date":"2024-12-16T14:22:49","date_gmt":"2024-12-16T06:22:49","guid":{"rendered":"https:\/\/honglu.gg12.globaldeepsea.site\/?post_type=product&#038;p=273"},"modified":"2025-05-21T14:17:20","modified_gmt":"2025-05-21T06:17:20","slug":"hl-160-sandwich-maker","status":"publish","type":"product","link":"https:\/\/www.nbhonglu.com\/fr\/product\/hl-160-sandwich-maker\/","title":{"rendered":"HL-160 Sandwich Maker"},"content":{"rendered":"<p>Notre fabricant de sandwichs polyvalents est une centrale culinaire qui d\u00e9bloque un monde de d\u00e9licieuses possibilit\u00e9s. Il peut transformer sans effort des tranches de pain simples en sandwichs au fromage grill\u00e9 classiques, avec le fromage fondant en perfection gluante entre le pain chaud et croustillant. Vous pouvez \u00e9galement cr\u00e9er des combinaisons de jambon et de fromage all\u00e9chant, o\u00f9 le jambon sal\u00e9 re\u00e7oit une saisie all\u00e9chante, et le fromage suinte de saveur.<br \/>\nPour une option plus saine, il peut faire des sandwichs pleins de l\u00e9gumes, en train de croire le pain tout en r\u00e9chauffant doucement les l\u00e9gumes frais tels que les tomates, les concombres et la laitue, tous maintenus avec votre propagation pr\u00e9f\u00e9r\u00e9e. Il est \u00e9galement apte \u00e0 faire des sandwichs au poulet grill\u00e9s, donnant au poulet une d\u00e9licieuse cro\u00fbte brun dor\u00e9e et en les insufflant avec une saveur savoureuse. Et si vous \u00eates d'humeur pour quelque chose de sucr\u00e9, utilisez-le pour faire un sandwich au beurre et \u00e0 la gel\u00e9e chauds et gluants, avec les garnitures qui fondent juste pour cr\u00e9er un r\u00e9gal d\u00e9cadent. Avec ce fabricant de sandwichs, la seule limite est votre imagination, et elle deviendra rapidement votre appliance incontournable pour cr\u00e9er une grande vari\u00e9t\u00e9 de sandwichs succulents pour satisfaire toute envie.<\/p>","protected":false},"excerpt":{"rendered":"<p>Poign\u00e9e cool<br \/>\nIndicateurs de puissance et de lumi\u00e8re pr\u00eate<br \/>\nContr\u00f4le automatique de la temp\u00e9rature<br \/>\nPlaques de rev\u00eatement antiadh\u00e9sives pour un nettoyage facile<br \/>\nClip automatique<br \/>\nCordage et vertical pour le stockage<br \/>\nPieds r\u00e9sistants au d\u00e9rapage<br \/>\n220-240V 50-60Hz 1500W<br \/>\n120V 60Hz 1200W<\/p>\n<p>Taille du produit: 252 * 312 * 99<br \/>\nTaille de la plaque: 250 * 216<br \/>\nTaille de la bo\u00eete-cadeau: 284 * 118 * 344<br \/>\nTaille du carton: 492 * 296 * 362<br \/>\nQuantity\/carton:4PCS<br \/>\nQt\u00e9 \/ 20 ': 2124pcs<br \/>\nQt\u00e9 \/ 40 ': 4324pcs<br \/>\nQty\/40\u2019HQ:5160PCS<\/p>","protected":false},"featured_media":274,"comment_status":"open","ping_status":"closed","template":"","meta":[],"product_cat":[27],"product_tag":[66,67,29,70,69,68],"class_list":{"0":"post-273","1":"product","2":"type-product","3":"status-publish","4":"has-post-thumbnail","6":"product_cat-sandwich-maker","7":"product_tag-4-slice-electric-non-stick-bread-toaster","8":"product_tag-breakfast-machine","9":"product_tag-electric-contact-grill","10":"product_tag-electric-panini-maker","11":"product_tag-household-waffle-maker-machine","12":"product_tag-sandwich-maker","14":"first","15":"instock","16":"shipping-taxable","17":"product-type-simple"},"_links":{"self":[{"href":"https:\/\/www.nbhonglu.com\/fr\/wp-json\/wp\/v2\/product\/273","targetHints":{"allow":["GET"]}}],"collection":[{"href":"https:\/\/www.nbhonglu.com\/fr\/wp-json\/wp\/v2\/product"}],"about":[{"href":"https:\/\/www.nbhonglu.com\/fr\/wp-json\/wp\/v2\/types\/product"}],"replies":[{"embeddable":true,"href":"https:\/\/www.nbhonglu.com\/fr\/wp-json\/wp\/v2\/comments?post=273"}],"version-history":[{"count":2,"href":"https:\/\/www.nbhonglu.com\/fr\/wp-json\/wp\/v2\/product\/273\/revisions"}],"predecessor-version":[{"id":928,"href":"https:\/\/www.nbhonglu.com\/fr\/wp-json\/wp\/v2\/product\/273\/revisions\/928"}],"wp:featuredmedia":[{"embeddable":true,"href":"https:\/\/www.nbhonglu.com\/fr\/wp-json\/wp\/v2\/media\/274"}],"wp:attachment":[{"href":"https:\/\/www.nbhonglu.com\/fr\/wp-json\/wp\/v2\/media?parent=273"}],"wp:term":[{"taxonomy":"product_cat","embeddable":true,"href":"https:\/\/www.nbhonglu.com\/fr\/wp-json\/wp\/v2\/product_cat?post=273"},{"taxonomy":"product_tag","embeddable":true,"href":"https:\/\/www.nbhonglu.com\/fr\/wp-json\/wp\/v2\/product_tag?post=273"}],"curies":[{"name":"wp","href":"https:\/\/api.w.org\/{rel}","templated":true}]}}