{"id":270,"date":"2024-12-16T14:18:03","date_gmt":"2024-12-16T06:18:03","guid":{"rendered":"https:\/\/honglu.gg12.globaldeepsea.site\/?post_type=product&#038;p=270"},"modified":"2025-05-21T14:06:04","modified_gmt":"2025-05-21T06:06:04","slug":"hl-101-sandwich-maker","status":"publish","type":"product","link":"https:\/\/www.nbhonglu.com\/fr\/product\/hl-101-sandwich-maker\/","title":{"rendered":"HL-101 Sandwich Maker"},"content":{"rendered":"<p>Notre fabricant de sandwich \u00e0 la pointe de la technologie est con\u00e7u pour r\u00e9volutionner votre exp\u00e9rience de fabrication de sandwich. Le rev\u00eatement antiadh\u00e9sif haut de gamme sur les assiettes de cuisson fait non seulement un nettoyage, mais garantit \u00e9galement que vos sandwichs glissent sans effort, intacts et uniform\u00e9ment cuits. Son syst\u00e8me de r\u00e9gulation avanc\u00e9e de la temp\u00e9rature offre une large gamme de r\u00e9glages de chaleur, vous permettant d'atteindre le niveau id\u00e9al de croustillant pour votre pain et la fonte parfaite pour votre fromage ou d'autres garnitures, s'adressant \u00e0 diverses palais.<br \/>\nCet appareil pr\u00e9sente un design \u00e9l\u00e9gant et \u00e9conome en espace, s'installant parfaitement dans n'importe quel comptoir de cuisine sans encombrer l'espace de travail. Le panneau de commande intuitif, accompagn\u00e9 de voyants clairs et lumineux, simplifie l'op\u00e9ration, fournissant des mises \u00e0 jour en temps r\u00e9el sur les phases de pr\u00e9chauffage et de cuisson. La qualit\u00e9 de construction robuste, fabriqu\u00e9e \u00e0 partir de mat\u00e9riaux de haute qualit\u00e9, assure une r\u00e9sistance \u00e0 l'usure, des ann\u00e9es prometteuses de service fiable.<\/p>","protected":false},"excerpt":{"rendered":"<p>Poign\u00e9e cool<br \/>\nIndicateurs de puissance et de lumi\u00e8re pr\u00eate<br \/>\nContr\u00f4le automatique de la temp\u00e9rature<br \/>\nPlaques de rev\u00eatement antiadh\u00e9sives pour un nettoyage facile<br \/>\nClip automatique<br \/>\nCordage et vertical pour le stockage<br \/>\nPieds r\u00e9sistants au d\u00e9rapage<br \/>\n220-240V 50-60Hz 750W<br \/>\n120V 60Hz 750W<\/p>\n<p>Taille du produit: 217 * 213 * 81<br \/>\nTaille de la plaque: 215 * 125<br \/>\nTaille de la bo\u00eete-cadeau: 251 * 102 * 250<br \/>\nTaille du carton: 428 * 263 * 520<br \/>\nQuantity\/carton:8PCS<br \/>\nQt\u00e9 \/ 20 ': 3840pcs<br \/>\nQt\u00e9 \/ 40 ': 7824pcs<br \/>\nQty\/40\u2019HQ:9328PCS<\/p>","protected":false},"featured_media":271,"comment_status":"open","ping_status":"closed","template":"","meta":[],"product_cat":[27],"product_tag":[63,62,64,56,65,58,61,59,60,57],"class_list":{"0":"post-270","1":"product","2":"type-product","3":"status-publish","4":"has-post-thumbnail","6":"product_cat-sandwich-maker","7":"product_tag-4w1h-sandwich-maker","8":"product_tag-best-sandwich-maker","9":"product_tag-grill-sandwich-maker","10":"product_tag-grilled-cheese-maker","11":"product_tag-jaffle-iron","12":"product_tag-panini-press-grill","13":"product_tag-sandwich-maker-3-in-1","14":"product_tag-sandwich-press-grill","15":"product_tag-toaster-grill","16":"product_tag-toastie-machine","18":"first","19":"instock","20":"shipping-taxable","21":"product-type-simple"},"_links":{"self":[{"href":"https:\/\/www.nbhonglu.com\/fr\/wp-json\/wp\/v2\/product\/270","targetHints":{"allow":["GET"]}}],"collection":[{"href":"https:\/\/www.nbhonglu.com\/fr\/wp-json\/wp\/v2\/product"}],"about":[{"href":"https:\/\/www.nbhonglu.com\/fr\/wp-json\/wp\/v2\/types\/product"}],"replies":[{"embeddable":true,"href":"https:\/\/www.nbhonglu.com\/fr\/wp-json\/wp\/v2\/comments?post=270"}],"version-history":[{"count":2,"href":"https:\/\/www.nbhonglu.com\/fr\/wp-json\/wp\/v2\/product\/270\/revisions"}],"predecessor-version":[{"id":927,"href":"https:\/\/www.nbhonglu.com\/fr\/wp-json\/wp\/v2\/product\/270\/revisions\/927"}],"wp:featuredmedia":[{"embeddable":true,"href":"https:\/\/www.nbhonglu.com\/fr\/wp-json\/wp\/v2\/media\/271"}],"wp:attachment":[{"href":"https:\/\/www.nbhonglu.com\/fr\/wp-json\/wp\/v2\/media?parent=270"}],"wp:term":[{"taxonomy":"product_cat","embeddable":true,"href":"https:\/\/www.nbhonglu.com\/fr\/wp-json\/wp\/v2\/product_cat?post=270"},{"taxonomy":"product_tag","embeddable":true,"href":"https:\/\/www.nbhonglu.com\/fr\/wp-json\/wp\/v2\/product_tag?post=270"}],"curies":[{"name":"wp","href":"https:\/\/api.w.org\/{rel}","templated":true}]}}