{"id":262,"date":"2024-12-16T14:13:16","date_gmt":"2024-12-16T06:13:16","guid":{"rendered":"https:\/\/honglu.gg12.globaldeepsea.site\/?post_type=product&#038;p=262"},"modified":"2025-05-21T13:30:59","modified_gmt":"2025-05-21T05:30:59","slug":"hl-300a-wafflemaker","status":"publish","type":"product","link":"https:\/\/www.nbhonglu.com\/fr\/product\/hl-300a-wafflemaker\/","title":{"rendered":"HL-300A Waffle Maker"},"content":{"rendered":"<p>Introduction du produit Waffle Maker<br \/>\nPr\u00e9sentation de notre fabricant de gaufres haut de gamme, un appareil incontournable pour cr\u00e9er des gaufres succulentes qui raviront vos papilles.<br \/>\nLe rev\u00eatement antiadh\u00e9sif sur les assiettes de cuisson garantit que vos gaufres glissent en douceur, simplifiant le processus de nettoyage. Sa fonction de r\u00e9glage de la temp\u00e9rature vous permet d'obtenir la texture parfaite, que vous pr\u00e9f\u00e9riez une gaufre douce et a\u00e9r\u00e9e ou croquante.<br \/>\nCe fabricant de gaufres est fabriqu\u00e9 avec une construction \u00e0 \u00e9conomie d'espace et robuste, occupant une zone de comptoir minimale sans compromettre sa durabilit\u00e9 et sa fonctionnalit\u00e9. Les voyants d'indicateur int\u00e9gr\u00e9s fournissent des indices visuels clairs concernant les phases de pr\u00e9chauffage et de cuisson, vous permettant de chronom\u00e9trer pr\u00e9cis\u00e9ment la pr\u00e9paration de vos gaufres.<br \/>\nConstruit \u00e0 partir de mat\u00e9riaux de haute qualit\u00e9 et durables, notre fabricant de gaufres est un choix fiable pour toute cuisine, des ann\u00e9es prometteuses de plaisir de faire des gaufres pour les passionn\u00e9s.<\/p>","protected":false},"excerpt":{"rendered":"<p>Poign\u00e9e cool<br \/>\nIndicateurs de puissance et de lumi\u00e8re pr\u00eate<br \/>\nContr\u00f4le de temp\u00e9rature r\u00e9glable<br \/>\nPlaques de rev\u00eatement antiadh\u00e9sives pour un nettoyage facile<br \/>\nCordon pour le stockage<br \/>\nPieds r\u00e9sistants au d\u00e9rapage<br \/>\n220-240V 50-60Hz 1000W<br \/>\n120V 60Hz 1000W<\/p>\n<p>Taille du produit: 198 * 255 * 102<br \/>\nTaille de la plaque: \u00a2 195<br \/>\nTaille de la bo\u00eete-cadeau: 229 * 116 * 288<br \/>\nTaille du carton: 484 * 241 * 596<br \/>\nQuantity\/carton:8PCS<br \/>\nQt\u00e9 \/ 20 ': 3224pcs<br \/>\nQt\u00e9 \/ 40 ': 6560pcs<br \/>\nQty\/40\u2019HQ:7824PCS<\/p>","protected":false},"featured_media":263,"comment_status":"open","ping_status":"closed","template":"","meta":[],"product_cat":[26],"product_tag":[47,46,44,45,49,48],"class_list":{"0":"post-262","1":"product","2":"type-product","3":"status-publish","4":"has-post-thumbnail","6":"product_cat-waffle-maker","7":"product_tag-belgian-waffle-maker","8":"product_tag-donut-maker","9":"product_tag-electric-waffle-iron","10":"product_tag-heart-waffle-maker","11":"product_tag-household-non-toxic-panini-press","12":"product_tag-mini-non-stick-waffle-maker","14":"first","15":"instock","16":"shipping-taxable","17":"product-type-simple"},"_links":{"self":[{"href":"https:\/\/www.nbhonglu.com\/fr\/wp-json\/wp\/v2\/product\/262","targetHints":{"allow":["GET"]}}],"collection":[{"href":"https:\/\/www.nbhonglu.com\/fr\/wp-json\/wp\/v2\/product"}],"about":[{"href":"https:\/\/www.nbhonglu.com\/fr\/wp-json\/wp\/v2\/types\/product"}],"replies":[{"embeddable":true,"href":"https:\/\/www.nbhonglu.com\/fr\/wp-json\/wp\/v2\/comments?post=262"}],"version-history":[{"count":2,"href":"https:\/\/www.nbhonglu.com\/fr\/wp-json\/wp\/v2\/product\/262\/revisions"}],"predecessor-version":[{"id":931,"href":"https:\/\/www.nbhonglu.com\/fr\/wp-json\/wp\/v2\/product\/262\/revisions\/931"}],"wp:featuredmedia":[{"embeddable":true,"href":"https:\/\/www.nbhonglu.com\/fr\/wp-json\/wp\/v2\/media\/263"}],"wp:attachment":[{"href":"https:\/\/www.nbhonglu.com\/fr\/wp-json\/wp\/v2\/media?parent=262"}],"wp:term":[{"taxonomy":"product_cat","embeddable":true,"href":"https:\/\/www.nbhonglu.com\/fr\/wp-json\/wp\/v2\/product_cat?post=262"},{"taxonomy":"product_tag","embeddable":true,"href":"https:\/\/www.nbhonglu.com\/fr\/wp-json\/wp\/v2\/product_tag?post=262"}],"curies":[{"name":"wp","href":"https:\/\/api.w.org\/{rel}","templated":true}]}}