{"id":257,"date":"2024-12-16T14:08:28","date_gmt":"2024-12-16T06:08:28","guid":{"rendered":"https:\/\/honglu.gg12.globaldeepsea.site\/?post_type=product&#038;p=257"},"modified":"2025-05-21T13:30:01","modified_gmt":"2025-05-21T05:30:01","slug":"hl-300-wafflemaker","status":"publish","type":"product","link":"https:\/\/www.nbhonglu.com\/fr\/product\/hl-300-wafflemaker\/","title":{"rendered":"HL-300 Waffle Maker"},"content":{"rendered":"<p>Introduction du produit Waffle Maker<br \/>\nNotre Waffle Maker est un appareil de haute qualit\u00e9 con\u00e7u pour apporter facilement des gaufres d\u00e9licieuses et bruns dor\u00e9es \u00e0 votre table.<br \/>\nIl dispose d'une surface de cuisson antiadh\u00e9sive, garantissant que vos gaufres se lib\u00e9rent sans effort et sont faciles \u00e0 nettoyer. Le contr\u00f4le de temp\u00e9rature r\u00e9glable vous permet de personnaliser le niveau de brunissement en fonction de votre pr\u00e9f\u00e9rence, d'une gaufre l\u00e9g\u00e8re et moelleuse \u00e0 une gaufre croustillante.<br \/>\nAvec une conception compacte et robuste, il ne prend pas beaucoup de contre-espace tout en offrant des performances fiables. Les voyants vous tiennent inform\u00e9s de l'\u00e9tat de pr\u00e9chauffage et de cuisson, vous savez donc exactement quand vos gaufres sont pr\u00eates.<br \/>\nFabriqu\u00e9 \u00e0 partir de mat\u00e9riaux durables, notre Waffle Maker est construit pour durer, ce qui en fait un excellent ajout \u00e0 toute cuisine pour les amateurs de gaufres.<\/p>","protected":false},"excerpt":{"rendered":"<p>Poign\u00e9e cool<br \/>\nIndicateurs de puissance et de lumi\u00e8re pr\u00eate<br \/>\nContr\u00f4le automatique de la temp\u00e9rature<br \/>\nPlaques de rev\u00eatement antiadh\u00e9sives pour un nettoyage facile<br \/>\nCordon pour le stockage<br \/>\nPieds r\u00e9sistants au d\u00e9rapage<br \/>\n220-240V 50-60Hz 1000W<br \/>\n120V 60Hz 1000W<\/p>\n<p>Taille du produit: 198 * 255 * 88<br \/>\nTaille de la plaque: \u00a2 195<br \/>\nTaille de la bo\u00eete-cadeau: 229 * 116 * 288<br \/>\nTaille du carton: 484 * 241 * 596<br \/>\nQuantity\/carton:8PCS<br \/>\nQt\u00e9 \/ 20 ': 3224pcs<br \/>\nQt\u00e9 \/ 40 ': 6560pcs<br \/>\nQty\/40\u2019HQ:7824PCS<\/p>","protected":false},"featured_media":258,"comment_status":"open","ping_status":"closed","template":"","meta":[],"product_cat":[26],"product_tag":[47,46,44,45,49,48],"class_list":{"0":"post-257","1":"product","2":"type-product","3":"status-publish","4":"has-post-thumbnail","6":"product_cat-waffle-maker","7":"product_tag-belgian-waffle-maker","8":"product_tag-donut-maker","9":"product_tag-electric-waffle-iron","10":"product_tag-heart-waffle-maker","11":"product_tag-household-non-toxic-panini-press","12":"product_tag-mini-non-stick-waffle-maker","14":"first","15":"instock","16":"shipping-taxable","17":"product-type-simple"},"_links":{"self":[{"href":"https:\/\/www.nbhonglu.com\/fr\/wp-json\/wp\/v2\/product\/257","targetHints":{"allow":["GET"]}}],"collection":[{"href":"https:\/\/www.nbhonglu.com\/fr\/wp-json\/wp\/v2\/product"}],"about":[{"href":"https:\/\/www.nbhonglu.com\/fr\/wp-json\/wp\/v2\/types\/product"}],"replies":[{"embeddable":true,"href":"https:\/\/www.nbhonglu.com\/fr\/wp-json\/wp\/v2\/comments?post=257"}],"version-history":[{"count":2,"href":"https:\/\/www.nbhonglu.com\/fr\/wp-json\/wp\/v2\/product\/257\/revisions"}],"predecessor-version":[{"id":930,"href":"https:\/\/www.nbhonglu.com\/fr\/wp-json\/wp\/v2\/product\/257\/revisions\/930"}],"wp:featuredmedia":[{"embeddable":true,"href":"https:\/\/www.nbhonglu.com\/fr\/wp-json\/wp\/v2\/media\/258"}],"wp:attachment":[{"href":"https:\/\/www.nbhonglu.com\/fr\/wp-json\/wp\/v2\/media?parent=257"}],"wp:term":[{"taxonomy":"product_cat","embeddable":true,"href":"https:\/\/www.nbhonglu.com\/fr\/wp-json\/wp\/v2\/product_cat?post=257"},{"taxonomy":"product_tag","embeddable":true,"href":"https:\/\/www.nbhonglu.com\/fr\/wp-json\/wp\/v2\/product_tag?post=257"}],"curies":[{"name":"wp","href":"https:\/\/api.w.org\/{rel}","templated":true}]}}