{"id":247,"date":"2024-12-16T14:02:33","date_gmt":"2024-12-16T06:02:33","guid":{"rendered":"https:\/\/honglu.gg12.globaldeepsea.site\/?post_type=product&#038;p=247"},"modified":"2025-05-21T15:10:57","modified_gmt":"2025-05-21T07:10:57","slug":"electric-contact-grill","status":"publish","type":"product","link":"https:\/\/www.nbhonglu.com\/fr\/product\/electric-contact-grill\/","title":{"rendered":"Grill de contact HL-500"},"content":{"rendered":"<p>Le gril de contact que nous proposons est un ajout remarquable \u00e0 l'arsenal de votre cuisine. Les assiettes antiadh\u00e9sives premium sont con\u00e7ues pour emp\u00eacher les aliments de coller, ce qui rend le processus de cuisson lisse et le nettoyage des cons\u00e9quences. Vous avez un contr\u00f4le total sur la temp\u00e9rature avec ses param\u00e8tres r\u00e9glables de grande envergure, vous permettant de saisir les viandes \u00e0 feu vif ou des articles d\u00e9licats doucement chauds. Sa conception d'\u00e9conomie d'espace ne sacrifie pas la capacit\u00e9 de cuisson, car elle offre une place ample pour griller plusieurs articles simultan\u00e9ment. Gr\u00e2ce \u00e0 son \u00e9l\u00e9ment de chauffage rapide, vous pouvez commencer \u00e0 cuisiner en un rien de temps, en \u00e9conomisant des minutes pr\u00e9cieuses. Construit pour durer, le gril est fabriqu\u00e9 \u00e0 partir de mat\u00e9riaux robustes qui supportent les rigueurs de l'utilisation quotidienne. Avec une dispersion de chaleur coh\u00e9rente, vous obtiendrez des r\u00e9sultats uniform\u00e9ment cuits et d\u00e9licieux, que ce soit un steak gr\u00e9sillant, un m\u00e9lange de l\u00e9gumes grill\u00e9s ou un fromage grill\u00e9 croustillant. Ce Contact Grill incarne vraiment l'innovation, la praticit\u00e9 et la robustesse de tous vos d\u00e9sirs de grillades int\u00e9rieurs.<\/p>","protected":false},"excerpt":{"rendered":"<p>Poign\u00e9e cool-touch ss ss<br \/>\nSysteme \u00e0 charni\u00e8re flottante<br \/>\nIndicateurs de puissance et de lumi\u00e8re pr\u00eate<br \/>\nPlaques de rev\u00eatement antiadh\u00e9sives pour un nettoyage facile<br \/>\nPieds r\u00e9sistants au d\u00e9rapage<br \/>\nD\u00e9coration de la couverture sup\u00e9rieure SS<br \/>\n220-240V 50-60Hz 1000W<br \/>\n120V 60Hz 1000W<\/p>\n<p>Taille du produit: 266 * 221 * 85<br \/>\nTaille de la plaque: 230 * 145<br \/>\nTaille de la bo\u00eete-cadeau: 300 * 117 * 260<br \/>\nTaille du carton: 488 * 312 * 540<br \/>\nQuantity\/carton:8PCS<br \/>\nQt\u00e9 \/ 20 ': 2728pcs<br \/>\nQt\u00e9 \/ 40 ': 5544pcs<br \/>\nQty\/40\u2019HQ:6616PCS<\/p>","protected":false},"featured_media":250,"comment_status":"open","ping_status":"closed","template":"","meta":[],"product_cat":[25],"product_tag":[80,29,79,82,81,85,84,83],"class_list":{"0":"post-247","1":"product","2":"type-product","3":"status-publish","4":"has-post-thumbnail","6":"product_cat-contact-grill","7":"product_tag-compact-portable-fast-cooking-contact-grill-for-outdoor-car-use","8":"product_tag-electric-contact-grill","9":"product_tag-electric-indoor-grill","10":"product_tag-high-quality-electric-panini-press","11":"product_tag-household-press-grill","12":"product_tag-household-steak-contact-grill","13":"product_tag-non-stick-press-grill","14":"product_tag-smoke-free-sandwich-maker","16":"first","17":"instock","18":"shipping-taxable","19":"product-type-simple"},"_links":{"self":[{"href":"https:\/\/www.nbhonglu.com\/fr\/wp-json\/wp\/v2\/product\/247","targetHints":{"allow":["GET"]}}],"collection":[{"href":"https:\/\/www.nbhonglu.com\/fr\/wp-json\/wp\/v2\/product"}],"about":[{"href":"https:\/\/www.nbhonglu.com\/fr\/wp-json\/wp\/v2\/types\/product"}],"replies":[{"embeddable":true,"href":"https:\/\/www.nbhonglu.com\/fr\/wp-json\/wp\/v2\/comments?post=247"}],"version-history":[{"count":2,"href":"https:\/\/www.nbhonglu.com\/fr\/wp-json\/wp\/v2\/product\/247\/revisions"}],"predecessor-version":[{"id":932,"href":"https:\/\/www.nbhonglu.com\/fr\/wp-json\/wp\/v2\/product\/247\/revisions\/932"}],"wp:featuredmedia":[{"embeddable":true,"href":"https:\/\/www.nbhonglu.com\/fr\/wp-json\/wp\/v2\/media\/250"}],"wp:attachment":[{"href":"https:\/\/www.nbhonglu.com\/fr\/wp-json\/wp\/v2\/media?parent=247"}],"wp:term":[{"taxonomy":"product_cat","embeddable":true,"href":"https:\/\/www.nbhonglu.com\/fr\/wp-json\/wp\/v2\/product_cat?post=247"},{"taxonomy":"product_tag","embeddable":true,"href":"https:\/\/www.nbhonglu.com\/fr\/wp-json\/wp\/v2\/product_tag?post=247"}],"curies":[{"name":"wp","href":"https:\/\/api.w.org\/{rel}","templated":true}]}}