{"id":109,"date":"2024-12-11T20:32:25","date_gmt":"2024-12-11T12:32:25","guid":{"rendered":"https:\/\/honglu.gg12.globaldeepsea.site\/?page_id=109"},"modified":"2026-05-06T13:34:43","modified_gmt":"2026-05-06T05:34:43","slug":"about","status":"publish","type":"page","link":"https:\/\/www.nbhonglu.com\/fr\/about\/","title":{"rendered":"\u00e0 propos"},"content":{"rendered":"<div data-elementor-type=\"wp-page\" data-elementor-id=\"109\" class=\"elementor elementor-109\" data-elementor-post-type=\"page\">\n\t\t\t\t<div class=\"elementor-element elementor-element-0d8ca1c e-flex e-con-boxed e-con e-parent\" data-id=\"0d8ca1c\" data-element_type=\"container\" data-settings=\"{&quot;background_background&quot;:&quot;classic&quot;}\">\n\t\t\t\t\t<div class=\"e-con-inner\">\n\t\t<div class=\"elementor-element elementor-element-c12758e e-con-full animated-slow e-flex elementor-invisible e-con e-child\" data-id=\"c12758e\" data-element_type=\"container\" data-settings=\"{&quot;background_background&quot;:&quot;classic&quot;,&quot;animation&quot;:&quot;fadeInLeft&quot;}\">\n\t\t\t\t<div class=\"elementor-element elementor-element-b55ae4f elementor-widget elementor-widget-heading\" data-id=\"b55ae4f\" data-element_type=\"widget\" data-widget_type=\"heading.default\">\n\t\t\t\t<div class=\"elementor-widget-container\">\n\t\t\t<h2 class=\"elementor-heading-title elementor-size-default\">\u00c0 propos de nous<\/h2>\t\t<\/div>\n\t\t\t\t<\/div>\n\t\t\t\t<div class=\"elementor-element elementor-element-c4b8116 elementor-icon-list--layout-inline elementor-align-center elementor-list-item-link-full_width elementor-widget elementor-widget-icon-list\" data-id=\"c4b8116\" data-element_type=\"widget\" data-widget_type=\"icon-list.default\">\n\t\t\t\t<div class=\"elementor-widget-container\">\n\t\t\t\t\t<ul class=\"elementor-icon-list-items elementor-inline-items\">\n\t\t\t\t\t\t\t<li class=\"elementor-icon-list-item elementor-inline-item\">\n\t\t\t\t\t\t\t\t\t\t<span class=\"elementor-icon-list-text\">Maison<\/span>\n\t\t\t\t\t\t\t\t\t<\/li>\n\t\t\t\t\t\t\t\t<li class=\"elementor-icon-list-item elementor-inline-item\">\n\t\t\t\t\t\t\t\t\t\t\t<span class=\"elementor-icon-list-icon\">\n\t\t\t\t\t\t\t<svg aria-hidden=\"true\" class=\"e-font-icon-svg e-fas-chevron-right\" viewbox=\"0 0 320 512\" xmlns=\"http:\/\/www.w3.org\/2000\/svg\"><path d=\"M285.476 272.971L91.132 467.314c-9.373 9.373-24.569 9.373-33.941 0l-22.667-22.667c-9.357-9.357-9.375-24.522-.04-33.901L188.505 256 34.484 101.255c-9.335-9.379-9.317-24.544.04-33.901l22.667-22.667c9.373-9.373 24.569-9.373 33.941 0L285.475 239.03c9.373 9.372 9.373 24.568.001 33.941z\"><\/path><\/svg>\t\t\t\t\t\t<\/span>\n\t\t\t\t\t\t\t\t\t\t<span class=\"elementor-icon-list-text\">\u00c0 propos<\/span>\n\t\t\t\t\t\t\t\t\t<\/li>\n\t\t\t\t\t\t<\/ul>\n\t\t\t\t<\/div>\n\t\t\t\t<\/div>\n\t\t\t\t<\/div>\n\t\t<div class=\"elementor-element elementor-element-e0eef72 e-con-full e-flex e-con e-child\" data-id=\"e0eef72\" data-element_type=\"container\" data-settings=\"{&quot;background_background&quot;:&quot;classic&quot;}\">\n\t\t\t\t<\/div>\n\t\t\t\t\t<\/div>\n\t\t\t\t<\/div>\n\t\t<div class=\"elementor-element elementor-element-6dde537 e-flex e-con-boxed e-con e-parent\" data-id=\"6dde537\" data-element_type=\"container\">\n\t\t\t\t\t<div class=\"e-con-inner\">\n\t\t<div class=\"elementor-element elementor-element-99f1ab9 e-con-full e-flex e-con e-child\" data-id=\"99f1ab9\" data-element_type=\"container\" data-settings=\"{&quot;background_background&quot;:&quot;classic&quot;}\">\n\t\t\t\t<div class=\"elementor-element elementor-element-158539c elementor-widget elementor-widget-spacer\" data-id=\"158539c\" data-element_type=\"widget\" data-widget_type=\"spacer.default\">\n\t\t\t\t<div class=\"elementor-widget-container\">\n\t\t\t\t\t<div class=\"elementor-spacer\">\n\t\t\t<div class=\"elementor-spacer-inner\"><\/div>\n\t\t<\/div>\n\t\t\t\t<\/div>\n\t\t\t\t<\/div>\n\t\t\t\t<\/div>\n\t\t<div class=\"elementor-element elementor-element-14dcdb3 animated-slow e-con-full e-flex elementor-invisible e-con e-child\" data-id=\"14dcdb3\" data-element_type=\"container\" data-settings=\"{&quot;animation&quot;:&quot;fadeInRight&quot;}\">\n\t\t<div class=\"elementor-element elementor-element-c765db8 e-con-full e-flex e-con e-child\" data-id=\"c765db8\" data-element_type=\"container\">\n\t\t\t\t<div class=\"elementor-element elementor-element-8d0330b elementor-widget elementor-widget-heading\" data-id=\"8d0330b\" data-element_type=\"widget\" data-widget_type=\"heading.default\">\n\t\t\t\t<div class=\"elementor-widget-container\">\n\t\t\t<h2 class=\"elementor-heading-title elementor-size-default\">Ningbo Honglu Intelligent Technology Co., Ltd.<\/h2>\t\t<\/div>\n\t\t\t\t<\/div>\n\t\t\t\t<\/div>\n\t\t\t\t<div class=\"elementor-element elementor-element-6902804 elementor-widget elementor-widget-text-editor\" data-id=\"6902804\" data-element_type=\"widget\" data-widget_type=\"text-editor.default\">\n\t\t\t\t<div class=\"elementor-widget-container\">\n\t\t\t\t\t\t\t<p>Fond\u00e9e en 2024, Ningbo Honglu Intelligent Technology co. , Ltd. Est situ\u00e9 \u00e0 Cixi City, Ningbo, l'une des bases de fabrication de l'appareil domestique en Chine.<\/p><p>Ningbo Honglu Intelligent Technology co. , Ltd. Est une R&amp;D professionnelle et une production de sandwich, des grillades et d'autres appareils de cuisine m\u00e9nagers de barbecue pour les fabricants d'exportations. Nos produits ont pass\u00e9 de nombreuses certifications faisant autorit\u00e9 nationales et internationales, notamment CCC, UL, GS, CE, ROHS, BSCI et ETL. Nous suivons strictement le syst\u00e8me de gestion internationale de la qualit\u00e9 ISO9001-2015, garantissant que la qualit\u00e9 de nos produits r\u00e9pond aux normes internationales.\u00a0<\/p>\t\t\t\t\t\t<\/div>\n\t\t\t\t<\/div>\n\t\t\t\t<\/div>\n\t\t\t\t\t<\/div>\n\t\t\t\t<\/div>\n\t\t<div class=\"elementor-element elementor-element-3f1d1d4 e-flex e-con-boxed e-con e-parent\" data-id=\"3f1d1d4\" data-element_type=\"container\">\n\t\t\t\t\t<div class=\"e-con-inner\">\n\t\t<div class=\"elementor-element elementor-element-7f6b1b3 animated-slow e-con-full e-flex elementor-invisible e-con e-child\" data-id=\"7f6b1b3\" data-element_type=\"container\" data-settings=\"{&quot;animation&quot;:&quot;fadeInUp&quot;}\">\n\t\t\t\t<div class=\"elementor-element elementor-element-32c914e elementor-widget elementor-widget-text-editor\" data-id=\"32c914e\" data-element_type=\"widget\" data-widget_type=\"text-editor.default\">\n\t\t\t\t<div class=\"elementor-widget-container\">\n\t\t\t\t\t\t\tNous sommes une entreprise engag\u00e9e dans les appareils \u00e9lectrom\u00e9nagers innovants depuis sa cr\u00e9ation, adh\u00e9rant toujours au concept de base de \u00ab la technologie m\u00e8ne l'avenir, l'innovation fait les r\u00eaves \u00bb, pour fournir des services efficaces, s\u00fbrs et fiables \u00e0 des milliers de foyers. Fournir aux clients une s\u00e9rie de solutions de d\u00e9veloppement de produits personnalis\u00e9es.\nLa soci\u00e9t\u00e9 dispose d'une solide \u00e9quipe de recherche et d\u00e9veloppement et d'une plate-forme technologique avanc\u00e9e, et explore constamment de nouvelles technologies et de nouvelles m\u00e9thodes pour r\u00e9pondre aux besoins changeants du march\u00e9. Nous savons que la confiance et le soutien des clients sont la pierre angulaire du d\u00e9veloppement de l'entreprise. Par cons\u00e9quent, nous adh\u00e9rons toujours au concept de service \u00ab centr\u00e9 sur le client \u00bb.\nNingbo Honglu Intelligent Technology Co. , Ltd. continuera \u00e0 d\u00e9fendre l'esprit d'innovation, \u00e0 optimiser constamment ses produits et services et \u00e0 s'efforcer de devenir un leader dans l'industrie. Nous sommes impatients de travailler avec plus de clients pour cr\u00e9er un avenir brillant.\t\t\t\t\t\t<\/div>\n\t\t\t\t<\/div>\n\t\t\t\t<\/div>\n\t\t\t\t<div class=\"elementor-element elementor-element-b29f8c2 elementor-widget elementor-widget-video\" data-id=\"b29f8c2\" data-element_type=\"widget\" data-settings=\"{&quot;youtube_url&quot;:&quot;www.youtube.com\\\/watch?v=IgzE0sjsgXg&quot;,&quot;video_type&quot;:&quot;youtube&quot;,&quot;controls&quot;:&quot;yes&quot;}\" data-widget_type=\"video.default\">\n\t\t\t\t<div class=\"elementor-widget-container\">\n\t\t\t\t\t<div class=\"elementor-wrapper elementor-open-inline\">\n\t\t\t<div class=\"elementor-video\"><\/div>\t\t<\/div>\n\t\t\t\t<\/div>\n\t\t\t\t<\/div>\n\t\t\t\t\t<\/div>\n\t\t\t\t<\/div>\n\t\t<div class=\"elementor-element elementor-element-64237ff e-flex e-con-boxed e-con e-parent\" data-id=\"64237ff\" data-element_type=\"container\" data-settings=\"{&quot;background_background&quot;:&quot;classic&quot;}\">\n\t\t\t\t\t<div class=\"e-con-inner\">\n\t\t<div class=\"elementor-element elementor-element-5b29ca9 animated-slow e-con-full e-flex elementor-invisible e-con e-child\" data-id=\"5b29ca9\" data-element_type=\"container\" data-settings=\"{&quot;animation&quot;:&quot;fadeInUp&quot;}\">\n\t\t<div class=\"elementor-element elementor-element-aa36b92 e-con-full e-flex e-con e-child\" data-id=\"aa36b92\" data-element_type=\"container\">\n\t\t\t\t<div class=\"elementor-element elementor-element-b1c4ea8 elementor-widget elementor-widget-heading\" data-id=\"b1c4ea8\" data-element_type=\"widget\" data-widget_type=\"heading.default\">\n\t\t\t\t<div class=\"elementor-widget-container\">\n\t\t\t<h2 class=\"elementor-heading-title elementor-size-default\">Super ustensiles de cuisine, pour n'importe quelle cuisine<\/h2>\t\t<\/div>\n\t\t\t\t<\/div>\n\t\t\t\t<\/div>\n\t\t<div class=\"elementor-element elementor-element-7e3aeec e-con-full e-flex e-con e-child\" data-id=\"7e3aeec\" data-element_type=\"container\">\n\t\t\t\t<div class=\"elementor-element elementor-element-37a845f elementor-widget elementor-widget-text-editor\" data-id=\"37a845f\" data-element_type=\"widget\" data-widget_type=\"text-editor.default\">\n\t\t\t\t<div class=\"elementor-widget-container\">\n\t\t\t\t\t\t\t<p>Excellents ustensiles de cuisine pour la cuisine sans effort - pour n'importe quelle cuisine! Contactez-nous maintenant<\/p>\t\t\t\t\t\t<\/div>\n\t\t\t\t<\/div>\n\t\t\t\t<\/div>\n\t\t\t\t<div class=\"elementor-element elementor-element-6cd2ee4 elementor-align-center elementor-widget__width-auto elementor-widget elementor-widget-button\" data-id=\"6cd2ee4\" data-element_type=\"widget\" data-widget_type=\"button.default\">\n\t\t\t\t<div class=\"elementor-widget-container\">\n\t\t\t\t\t\t\t<div class=\"elementor-button-wrapper\">\n\t\t\t\t\t<a class=\"elementor-button elementor-button-link elementor-size-sm elementor-animation-shrink\" href=\"https:\/\/www.nbhonglu.com\/fr\/inquiry\/\">\n\t\t\t\t\t\t<span class=\"elementor-button-content-wrapper\">\n\t\t\t\t\t\t\t\t\t<span class=\"elementor-button-text\">Montrer maintenant<\/span>\n\t\t\t\t\t<\/span>\n\t\t\t\t\t<\/a>\n\t\t\t\t<\/div>\n\t\t\t\t\t\t<\/div>\n\t\t\t\t<\/div>\n\t\t\t\t<\/div>\n\t\t\t\t\t<\/div>\n\t\t\t\t<\/div>\n\t\t\t\t<\/div>","protected":false},"excerpt":{"rendered":"<p>\u00c0 propos des \u00c9tats-Unis \u00e0 propos de Ningbo Honglu Intelligent Technology Co., Ltd. fond\u00e9e en 2024, Ningbo Honglu Intelligent Technology Co. , Ltd. Est situ\u00e9 \u00e0 Cixi City, Ningbo, l'une des bases de fabrication de l'appareil domestique en Chine. Ningbo Honglu Intelligent Technology co. , Ltd. Est une R&amp;D professionnelle et une production de sandwich, des grils et autres [\u2026]<\/p>","protected":false},"author":1,"featured_media":0,"parent":0,"menu_order":0,"comment_status":"closed","ping_status":"closed","template":"elementor_header_footer","meta":{"seo_title":"About Honglu \u2013 Sandwich Maker & Grill Manufacturer","seo_desc":"Ningbo Honglu Intelligent Technology is a sandwich maker and grill manufacturer. R&D, production of barbecue kitchen appliances for export. CCC, UL, CE, ROHS, BSCI, ETL. ISO9001-2015. OEM\/ODM. Cixi, Ningbo, China.","seo_keywords":"","footnotes":""},"class_list":["post-109","page","type-page","status-publish","hentry"],"_links":{"self":[{"href":"https:\/\/www.nbhonglu.com\/fr\/wp-json\/wp\/v2\/pages\/109","targetHints":{"allow":["GET"]}}],"collection":[{"href":"https:\/\/www.nbhonglu.com\/fr\/wp-json\/wp\/v2\/pages"}],"about":[{"href":"https:\/\/www.nbhonglu.com\/fr\/wp-json\/wp\/v2\/types\/page"}],"author":[{"embeddable":true,"href":"https:\/\/www.nbhonglu.com\/fr\/wp-json\/wp\/v2\/users\/1"}],"replies":[{"embeddable":true,"href":"https:\/\/www.nbhonglu.com\/fr\/wp-json\/wp\/v2\/comments?post=109"}],"version-history":[{"count":61,"href":"https:\/\/www.nbhonglu.com\/fr\/wp-json\/wp\/v2\/pages\/109\/revisions"}],"predecessor-version":[{"id":1427,"href":"https:\/\/www.nbhonglu.com\/fr\/wp-json\/wp\/v2\/pages\/109\/revisions\/1427"}],"wp:attachment":[{"href":"https:\/\/www.nbhonglu.com\/fr\/wp-json\/wp\/v2\/media?parent=109"}],"curies":[{"name":"wp","href":"https:\/\/api.w.org\/{rel}","templated":true}]}}