{"id":279,"date":"2024-12-16T14:33:12","date_gmt":"2024-12-16T06:33:12","guid":{"rendered":"https:\/\/honglu.gg12.globaldeepsea.site\/?post_type=product&#038;p=279"},"modified":"2025-05-21T15:06:45","modified_gmt":"2025-05-21T07:06:45","slug":"hl-200-replaceable-sandwichmaker","status":"publish","type":"product","link":"https:\/\/www.nbhonglu.com\/es_es\/producto\/hl-200-replaceable-sandwichmaker\/","title":{"rendered":"Creador de s\u00e1ndwiches desmontables HL-200"},"content":{"rendered":"<p>nuestro fabricante de s\u00e1ndwiches desmontables se destaca como una adici\u00f3n innovadora y pr\u00e1ctica a su cocina. su distinto sistema de placas reemplazable le permite transformar sin esfuerzo el dispositivo para producir s\u00e1ndwiches de diversas formas y consistencias.<br \/>\nlas placas est\u00e1n recubiertas con un material antiadherente de alta calidad, facilitando la eliminaci\u00f3n de alimentos cocidos y simplificando el proceso de limpieza. la temperatura se puede ajustar con precisi\u00f3n, lo que lo capacita para adaptar el nivel de calor a sus necesidades espec\u00edficas para hacer s\u00e1ndwiches, asegurando un resultado tostado impecable cada vez. este aparato est\u00e1 dise\u00f1ado con un factor de forma compacto y f\u00e1cil de usar, ajustado c\u00f3modo en cualquier superficie de la cocina.<br \/>\nsu s\u00f3lida calidad de construcci\u00f3n no solo garantiza su durabilidad, sino que tambi\u00e9n promete un rendimiento confiable y consistente durante un per\u00edodo prolongado. ya sea un s\u00e1ndwich simple y tradicional o un panini sofisticado y sabroso, nuestro creador de s\u00e1ndwiches reemplazable es la herramienta ideal para crear deliciosos s\u00e1ndwiches personalizados para satisfacer sus papilas gustativas.<\/p>","protected":false},"excerpt":{"rendered":"<p>Mango t\u00e1ctil fr\u00edo<br \/>\nIndicadores de luz de potencia y listos<br \/>\nControl autom\u00e1tico de temperatura<br \/>\nPlacas de recubrimiento antiadherentes para una f\u00e1cil limpieza<br \/>\nClip de autolock<br \/>\nEnvoltura de cord\u00f3n y erguido para el almacenamiento<br \/>\ndecoraci\u00f3n de la cubierta superior de las ss<br \/>\nPies resistentes a la patina<br \/>\n220-240V 50-60Hz 750W<br \/>\n120v 60hz 750w<\/p>\n<p>tama\u00f1o del producto: 228*219*97<br \/>\nTama\u00f1o de la placa: 215*125<br \/>\ntama\u00f1o de la caja de regalo: 262*121*266<br \/>\ntama\u00f1o de cart\u00f3n: 381*275*552<br \/>\ncantidad\/cart\u00f3n: 6pcs<br \/>\ncantidad\/20 \u2032: 2904pcs<br \/>\ncantidad\/40 ': 5916pcs<br \/>\ncantidad\/40'hq: 7056pcs<\/p>","protected":false},"featured_media":280,"comment_status":"open","ping_status":"closed","template":"","meta":[],"product_cat":[28],"product_tag":[75,74,78,77,72,73,76],"class_list":{"0":"post-279","1":"product","2":"type-product","3":"status-publish","4":"has-post-thumbnail","6":"product_cat-detachable-sandwich-maker","7":"product_tag-2-slices-removable-plates-panini-press","8":"product_tag-bread-toaster-sandwich-waffle-maker","9":"product_tag-detachable-household-waffle-maker-machine","10":"product_tag-electric-3-in-1-breakfast-machine","11":"product_tag-hot-sale-sandwich-maker","12":"product_tag-non-stick-sandwich-press","13":"product_tag-press-grill-machine-for-household","15":"first","16":"instock","17":"shipping-taxable","18":"product-type-simple"},"_links":{"self":[{"href":"https:\/\/www.nbhonglu.com\/es_es\/wp-json\/wp\/v2\/product\/279","targetHints":{"allow":["GET"]}}],"collection":[{"href":"https:\/\/www.nbhonglu.com\/es_es\/wp-json\/wp\/v2\/product"}],"about":[{"href":"https:\/\/www.nbhonglu.com\/es_es\/wp-json\/wp\/v2\/types\/product"}],"replies":[{"embeddable":true,"href":"https:\/\/www.nbhonglu.com\/es_es\/wp-json\/wp\/v2\/comments?post=279"}],"version-history":[{"count":4,"href":"https:\/\/www.nbhonglu.com\/es_es\/wp-json\/wp\/v2\/product\/279\/revisions"}],"predecessor-version":[{"id":1026,"href":"https:\/\/www.nbhonglu.com\/es_es\/wp-json\/wp\/v2\/product\/279\/revisions\/1026"}],"wp:featuredmedia":[{"embeddable":true,"href":"https:\/\/www.nbhonglu.com\/es_es\/wp-json\/wp\/v2\/media\/280"}],"wp:attachment":[{"href":"https:\/\/www.nbhonglu.com\/es_es\/wp-json\/wp\/v2\/media?parent=279"}],"wp:term":[{"taxonomy":"product_cat","embeddable":true,"href":"https:\/\/www.nbhonglu.com\/es_es\/wp-json\/wp\/v2\/product_cat?post=279"},{"taxonomy":"product_tag","embeddable":true,"href":"https:\/\/www.nbhonglu.com\/es_es\/wp-json\/wp\/v2\/product_tag?post=279"}],"curies":[{"name":"wp","href":"https:\/\/api.w.org\/{rel}","templated":true}]}}