{"id":1020,"date":"2025-04-25T13:58:59","date_gmt":"2025-04-25T05:58:59","guid":{"rendered":"https:\/\/honglu.gg12.globaldeepsea.site\/?post_type=product&#038;p=1020"},"modified":"2025-05-21T15:05:37","modified_gmt":"2025-05-21T07:05:37","slug":"hl-200a-detachable-sandwich-maker","status":"publish","type":"product","link":"https:\/\/www.nbhonglu.com\/es_es\/producto\/hl-200a-detachable-sandwich-maker\/","title":{"rendered":"HL-200A Detachable Sandwich Maker"},"content":{"rendered":"<p>el fabricante de s\u00e1ndwiches desmontables es un aparato de cocina revolucionario que ofrece conveniencia y versatilidad. cuenta con un dise\u00f1o de placa reemplazable \u00fanico, lo que le permite cambiar f\u00e1cilmente entre diferentes tipos de placas para crear una variedad de s\u00e1ndwiches con varias formas y texturas. el recubrimiento antiadherente en las placas garantiza la liberaci\u00f3n de alimentos sin esfuerzo y una f\u00e1cil limpieza. con un control de temperatura ajustable, puede establecer con precisi\u00f3n el calor para lograr la tostada perfecta para sus s\u00e1ndwiches. el dise\u00f1o compacto y ergon\u00f3mico lo hace adecuado para cualquier encimera de cocina, mientras que la construcci\u00f3n resistente garantiza durabilidad y un rendimiento duradero. ya sea que est\u00e9 haciendo un queso cl\u00e1sico a la parrilla o un panini gourmet, este fabricante de s\u00e1ndwiches reemplazable es su opci\u00f3n para s\u00e1ndwiches deliciosos y personalizados cada vez.<\/p>","protected":false},"excerpt":{"rendered":"<p>220-240V 50-60Hz 750W<br \/>\n120v 60hz 750w<br \/>\nMango t\u00e1ctil fr\u00edo<br \/>\nIndicadores de luz de potencia y listos<br \/>\nControl autom\u00e1tico de temperatura<br \/>\nPlacas de recubrimiento antiadherentes para una f\u00e1cil limpieza<br \/>\nClip de autolock<br \/>\nEnvoltura de cord\u00f3n y erguido para el almacenamiento<br \/>\ndecoraci\u00f3n de la cubierta superior de las ss<br \/>\nPies resistentes a la patina<\/p>\n<p>tama\u00f1o del producto: 228*219*97<br \/>\nTama\u00f1o de la placa: 215*125<br \/>\ntama\u00f1o de la caja de regalo: 262*121*266<br \/>\ntama\u00f1o de cart\u00f3n: 381*275*552<br \/>\ncantidad\/cart\u00f3n: 6pcs<br \/>\ncantidad\/20 \u2032: 2904pcs<br \/>\ncantidad\/40 ': 5916pcs<br \/>\ncantidad\/40'hq: 7056pcs<\/p>","protected":false},"featured_media":1022,"comment_status":"open","ping_status":"closed","template":"","meta":[],"product_cat":[28],"product_tag":[75,74,78,77,72,73,76],"class_list":{"0":"post-1020","1":"product","2":"type-product","3":"status-publish","4":"has-post-thumbnail","6":"product_cat-detachable-sandwich-maker","7":"product_tag-2-slices-removable-plates-panini-press","8":"product_tag-bread-toaster-sandwich-waffle-maker","9":"product_tag-detachable-household-waffle-maker-machine","10":"product_tag-electric-3-in-1-breakfast-machine","11":"product_tag-hot-sale-sandwich-maker","12":"product_tag-non-stick-sandwich-press","13":"product_tag-press-grill-machine-for-household","15":"first","16":"instock","17":"shipping-taxable","18":"product-type-simple"},"_links":{"self":[{"href":"https:\/\/www.nbhonglu.com\/es_es\/wp-json\/wp\/v2\/product\/1020","targetHints":{"allow":["GET"]}}],"collection":[{"href":"https:\/\/www.nbhonglu.com\/es_es\/wp-json\/wp\/v2\/product"}],"about":[{"href":"https:\/\/www.nbhonglu.com\/es_es\/wp-json\/wp\/v2\/types\/product"}],"replies":[{"embeddable":true,"href":"https:\/\/www.nbhonglu.com\/es_es\/wp-json\/wp\/v2\/comments?post=1020"}],"version-history":[{"count":1,"href":"https:\/\/www.nbhonglu.com\/es_es\/wp-json\/wp\/v2\/product\/1020\/revisions"}],"predecessor-version":[{"id":1024,"href":"https:\/\/www.nbhonglu.com\/es_es\/wp-json\/wp\/v2\/product\/1020\/revisions\/1024"}],"wp:featuredmedia":[{"embeddable":true,"href":"https:\/\/www.nbhonglu.com\/es_es\/wp-json\/wp\/v2\/media\/1022"}],"wp:attachment":[{"href":"https:\/\/www.nbhonglu.com\/es_es\/wp-json\/wp\/v2\/media?parent=1020"}],"wp:term":[{"taxonomy":"product_cat","embeddable":true,"href":"https:\/\/www.nbhonglu.com\/es_es\/wp-json\/wp\/v2\/product_cat?post=1020"},{"taxonomy":"product_tag","embeddable":true,"href":"https:\/\/www.nbhonglu.com\/es_es\/wp-json\/wp\/v2\/product_tag?post=1020"}],"curies":[{"name":"wp","href":"https:\/\/api.w.org\/{rel}","templated":true}]}}