{"id":986,"date":"2025-04-15T14:46:55","date_gmt":"2025-04-15T06:46:55","guid":{"rendered":"https:\/\/honglu.gg12.globaldeepsea.site\/?post_type=product&#038;p=986"},"modified":"2025-05-21T15:12:45","modified_gmt":"2025-05-21T07:12:45","slug":"hl-600a-contact-grill-2","status":"publish","type":"product","link":"https:\/\/www.nbhonglu.com\/es\/product\/hl-600a-contact-grill-2\/","title":{"rendered":"Grill de contacto HL-600A"},"content":{"rendered":"<p>Nuestra parrilla de contacto es un dispositivo esencial para cualquier cocina moderna. Su superficie de cocci\u00f3n antiadherente no solo simplifica el manejo de alimentos, sino que tambi\u00e9n garantiza una limpieza f\u00e1cil. El control de temperatura ajustable var\u00eda de un suave c\u00e1lido a un alto y alto, lo que le permite preparar diversas comidas con precisi\u00f3n. El factor de forma compacto de la parrilla es perfecto para apartamentos o cocinas con espacio limitado, al tiempo que proporciona una espaciosa \u00e1rea de parrilla. Se calienta r\u00e1pidamente, reduciendo el tiempo de precalentamiento y la conservaci\u00f3n de la energ\u00eda. La construcci\u00f3n duradera, hecha con materiales de alta calidad, puede soportar un uso frecuente. La distribuci\u00f3n de calor uniforme en los platos garantiza alimentos cocinados uniformemente cada vez, ya sea un bistec, un plato de verduras a la parrilla o un s\u00e1ndwich tostado. Esta parrilla de contacto combina funcionalidad, conveniencia y durabilidad para cumplir con todos sus requisitos de parrilla interior.<\/p>\n<p>&nbsp;<\/p>\n<p>&nbsp;<\/p>","protected":false},"excerpt":{"rendered":"<p>Abra plano hasta 180\u02da<br \/>\nControl de temperatura ajustable<br \/>\nTemporizador para cocinar conveniente<br \/>\nSistema de bisagra flotante adecuada para cualquier tama\u00f1o de tostadora<br \/>\nBandeja de goteo para exceso de aceite<br \/>\nPlacas recubiertas antiadherentes para una f\u00e1cil limpieza<br \/>\nIndicadores de luz de potencia y listos<br \/>\nTermostato de seguridad y protecci\u00f3n de fusibles t\u00e9rmicos<br \/>\nSkid-resistant feet<br \/>\n220-240V 50-60Hz 2000W<br \/>\n120V 60Hz 1200W<\/p>\n<p>Tama\u00f1o del producto: 358*328*135<br \/>\nTama\u00f1o de la placa: 290*240<br \/>\nTama\u00f1o de la caja de regalo: 359*151*364<br \/>\nTama\u00f1o de cart\u00f3n: 624*371*382<br \/>\nQuantity\/carton:4PCS<br \/>\nCantidad\/20 ': 1268pcs<br \/>\nCantidad\/40 ': 2580pcs<br \/>\nQty\/40\u2019HQ:3076PCS<\/p>","protected":false},"featured_media":976,"comment_status":"open","ping_status":"closed","template":"","meta":[],"product_cat":[25],"product_tag":[80,79,82,81,85,84,83],"class_list":{"0":"post-986","1":"product","2":"type-product","3":"status-publish","4":"has-post-thumbnail","6":"product_cat-contact-grill","7":"product_tag-compact-portable-fast-cooking-contact-grill-for-outdoor-car-use","8":"product_tag-electric-indoor-grill","9":"product_tag-high-quality-electric-panini-press","10":"product_tag-household-press-grill","11":"product_tag-household-steak-contact-grill","12":"product_tag-non-stick-press-grill","13":"product_tag-smoke-free-sandwich-maker","15":"first","16":"instock","17":"shipping-taxable","18":"product-type-simple"},"_links":{"self":[{"href":"https:\/\/www.nbhonglu.com\/es\/wp-json\/wp\/v2\/product\/986","targetHints":{"allow":["GET"]}}],"collection":[{"href":"https:\/\/www.nbhonglu.com\/es\/wp-json\/wp\/v2\/product"}],"about":[{"href":"https:\/\/www.nbhonglu.com\/es\/wp-json\/wp\/v2\/types\/product"}],"replies":[{"embeddable":true,"href":"https:\/\/www.nbhonglu.com\/es\/wp-json\/wp\/v2\/comments?post=986"}],"version-history":[{"count":2,"href":"https:\/\/www.nbhonglu.com\/es\/wp-json\/wp\/v2\/product\/986\/revisions"}],"predecessor-version":[{"id":993,"href":"https:\/\/www.nbhonglu.com\/es\/wp-json\/wp\/v2\/product\/986\/revisions\/993"}],"wp:featuredmedia":[{"embeddable":true,"href":"https:\/\/www.nbhonglu.com\/es\/wp-json\/wp\/v2\/media\/976"}],"wp:attachment":[{"href":"https:\/\/www.nbhonglu.com\/es\/wp-json\/wp\/v2\/media?parent=986"}],"wp:term":[{"taxonomy":"product_cat","embeddable":true,"href":"https:\/\/www.nbhonglu.com\/es\/wp-json\/wp\/v2\/product_cat?post=986"},{"taxonomy":"product_tag","embeddable":true,"href":"https:\/\/www.nbhonglu.com\/es\/wp-json\/wp\/v2\/product_tag?post=986"}],"curies":[{"name":"wp","href":"https:\/\/api.w.org\/{rel}","templated":true}]}}