{"id":959,"date":"2025-04-08T09:23:19","date_gmt":"2025-04-08T01:23:19","guid":{"rendered":"https:\/\/honglu.gg12.globaldeepsea.site\/?post_type=product&#038;p=959"},"modified":"2025-05-21T14:06:50","modified_gmt":"2025-05-21T06:06:50","slug":"hl-101a-sandwich-maker","status":"publish","type":"product","link":"https:\/\/www.nbhonglu.com\/es\/product\/hl-101a-sandwich-maker\/","title":{"rendered":"Creador de s\u00e1ndwiches HL-101A"},"content":{"rendered":"<p>Nuestro fabricante de s\u00e1ndwiches de vanguardia est\u00e1 dise\u00f1ado para revolucionar su experiencia de fabricaci\u00f3n de s\u00e1ndwiches. El recubrimiento antiadherente premium en las placas de cocina no solo hace que la limpieza sea muy f\u00e1cil, sino que tambi\u00e9n garantiza que sus s\u00e1ndwiches se deslicen sin esfuerzo, intacto y cocinado uniformemente. Su sistema de regulaci\u00f3n de temperatura avanzada ofrece una amplia gama de configuraciones de calor, lo que le permite alcanzar el nivel ideal de n\u00edtidos para su pan y el fusi\u00f3n perfecta para su queso u otros rellenos, atendiendo a diversos paladares.<br \/>\nEste aparato muestra un dise\u00f1o elegante y que ahorra espacio, que se ajusta perfectamente a cualquier encimera de cocina sin abarrotar el espacio de trabajo. El panel de control intuitivo, acompa\u00f1ado de luces indicadoras claras y brillantes, simplifica la operaci\u00f3n, proporcionando actualizaciones en tiempo real en las fases de precalentamiento y cocci\u00f3n. La s\u00f3lida calidad de construcci\u00f3n, elaborada por materiales de alto grado, garantiza la resistencia al desgaste, prometedores a\u00f1os de servicio confiable.<\/p>","protected":false},"excerpt":{"rendered":"<p>Cool touch handle<br \/>\nPower and ready light indicators<br \/>\nAutomatic temperature control<br \/>\nNon-stick coating plates for easy cleaning<br \/>\nAutolock clip<br \/>\nCord-wrap and upright for storage<br \/>\nSkid-resistant feet<br \/>\n220-240V 50-60Hz 750W<br \/>\n120V 60Hz 750W<\/p>\n<p>Tama\u00f1o del producto: 217*213*81<br \/>\nPlate size:215*125<br \/>\nTama\u00f1o de la caja de regalo: 251*102*250<br \/>\nTama\u00f1o de cart\u00f3n: 428*263*520<br \/>\nQuantity\/carton:8PCS<br \/>\nCantidad\/20 ': 3840pcs<br \/>\nCantidad\/40 \u2032: 7824pcs<br \/>\nQty\/40\u2019HQ:9328PCS<\/p>","protected":false},"featured_media":961,"comment_status":"open","ping_status":"closed","template":"","meta":[],"product_cat":[27],"product_tag":[63,62,64,56,65,58,61,59,60,57],"class_list":{"0":"post-959","1":"product","2":"type-product","3":"status-publish","4":"has-post-thumbnail","6":"product_cat-sandwich-maker","7":"product_tag-4w1h-sandwich-maker","8":"product_tag-best-sandwich-maker","9":"product_tag-grill-sandwich-maker","10":"product_tag-grilled-cheese-maker","11":"product_tag-jaffle-iron","12":"product_tag-panini-press-grill","13":"product_tag-sandwich-maker-3-in-1","14":"product_tag-sandwich-press-grill","15":"product_tag-toaster-grill","16":"product_tag-toastie-machine","18":"first","19":"instock","20":"shipping-taxable","21":"product-type-simple"},"_links":{"self":[{"href":"https:\/\/www.nbhonglu.com\/es\/wp-json\/wp\/v2\/product\/959","targetHints":{"allow":["GET"]}}],"collection":[{"href":"https:\/\/www.nbhonglu.com\/es\/wp-json\/wp\/v2\/product"}],"about":[{"href":"https:\/\/www.nbhonglu.com\/es\/wp-json\/wp\/v2\/types\/product"}],"replies":[{"embeddable":true,"href":"https:\/\/www.nbhonglu.com\/es\/wp-json\/wp\/v2\/comments?post=959"}],"version-history":[{"count":1,"href":"https:\/\/www.nbhonglu.com\/es\/wp-json\/wp\/v2\/product\/959\/revisions"}],"predecessor-version":[{"id":963,"href":"https:\/\/www.nbhonglu.com\/es\/wp-json\/wp\/v2\/product\/959\/revisions\/963"}],"wp:featuredmedia":[{"embeddable":true,"href":"https:\/\/www.nbhonglu.com\/es\/wp-json\/wp\/v2\/media\/961"}],"wp:attachment":[{"href":"https:\/\/www.nbhonglu.com\/es\/wp-json\/wp\/v2\/media?parent=959"}],"wp:term":[{"taxonomy":"product_cat","embeddable":true,"href":"https:\/\/www.nbhonglu.com\/es\/wp-json\/wp\/v2\/product_cat?post=959"},{"taxonomy":"product_tag","embeddable":true,"href":"https:\/\/www.nbhonglu.com\/es\/wp-json\/wp\/v2\/product_tag?post=959"}],"curies":[{"name":"wp","href":"https:\/\/api.w.org\/{rel}","templated":true}]}}