{"id":273,"date":"2024-12-16T14:22:49","date_gmt":"2024-12-16T06:22:49","guid":{"rendered":"https:\/\/honglu.gg12.globaldeepsea.site\/?post_type=product&#038;p=273"},"modified":"2025-05-21T14:17:20","modified_gmt":"2025-05-21T06:17:20","slug":"hl-160-sandwich-maker","status":"publish","type":"product","link":"https:\/\/www.nbhonglu.com\/es\/product\/hl-160-sandwich-maker\/","title":{"rendered":"Creador de s\u00e1ndwiches HL-160"},"content":{"rendered":"<p>nuestro vers\u00e1til fabricante de s\u00e1ndwiches es una potencia culinaria que desbloquea un mundo de deliciosas posibilidades. puede transformar sin esfuerzo por rodajas simples de pan en s\u00e1ndwiches de queso tostados cl\u00e1sicos, con el queso derretirse a una perfecci\u00f3n pegajosa entre el pan c\u00e1lido y crujiente. tambi\u00e9n puede crear combinaciones de jam\u00f3n y queso deliciosos, donde el jam\u00f3n salado obtiene un tentador sear, y el queso rezuma sabor.<br \/>\npara una opci\u00f3n m\u00e1s saludable, puede hacer s\u00e1ndwiches llenos de verduras, arrugando el pan mientras calienta suavemente las verduras frescas como tomates, pepinos y lechuga, todo unido con su propagaci\u00f3n favorita. es igualmente experto en hacer s\u00e1ndwiches de pollo a la parrilla, darle al pollo una deliciosa corteza de color marr\u00f3n dorado e infundirlo con un sabor sabroso. y si est\u00e1s de humor para algo dulce, \u00fasalo para hacer un s\u00e1ndwich c\u00e1lido y pegajoso de nutella o mantequilla de man\u00ed y mermelada, con los rellenos que se derriten bien para crear un regalo decadente. con este fabricante de s\u00e1ndwich, el \u00fanico l\u00edmite es su imaginaci\u00f3n, y se convertir\u00e1 r\u00e1pidamente en su aparato para crear una amplia variedad de s\u00e1ndwiches deliciosos para satisfacer cualquier antojo.<\/p>","protected":false},"excerpt":{"rendered":"<p>Cool touch handle<br \/>\nPower and ready light indicators<br \/>\nAutomatic temperature control<br \/>\nNon-stick coating plates for easy cleaning<br \/>\nAutolock clip<br \/>\nCord-wrap and upright for storage<br \/>\nSkid-resistant feet<br \/>\n220-240v 50-60hz 1500w<br \/>\n120V 60Hz 1200W<\/p>\n<p>tama\u00f1o del producto: 252*312*99<br \/>\ntama\u00f1o de la placa: 250*216<br \/>\ntama\u00f1o de la caja de regalo: 284*118*344<br \/>\ntama\u00f1o de cart\u00f3n: 492*296*362<br \/>\nQuantity\/carton:4PCS<br \/>\ncantidad\/20 ': 2124pcs<br \/>\ncantidad\/40 \u2032: 4324pcs<br \/>\ncantidad\/40'hq: 5160pcs<\/p>","protected":false},"featured_media":274,"comment_status":"open","ping_status":"closed","template":"","meta":[],"product_cat":[27],"product_tag":[66,67,29,70,69,68],"class_list":{"0":"post-273","1":"product","2":"type-product","3":"status-publish","4":"has-post-thumbnail","6":"product_cat-sandwich-maker","7":"product_tag-4-slice-electric-non-stick-bread-toaster","8":"product_tag-breakfast-machine","9":"product_tag-electric-contact-grill","10":"product_tag-electric-panini-maker","11":"product_tag-household-waffle-maker-machine","12":"product_tag-sandwich-maker","14":"first","15":"instock","16":"shipping-taxable","17":"product-type-simple"},"_links":{"self":[{"href":"https:\/\/www.nbhonglu.com\/es\/wp-json\/wp\/v2\/product\/273","targetHints":{"allow":["GET"]}}],"collection":[{"href":"https:\/\/www.nbhonglu.com\/es\/wp-json\/wp\/v2\/product"}],"about":[{"href":"https:\/\/www.nbhonglu.com\/es\/wp-json\/wp\/v2\/types\/product"}],"replies":[{"embeddable":true,"href":"https:\/\/www.nbhonglu.com\/es\/wp-json\/wp\/v2\/comments?post=273"}],"version-history":[{"count":2,"href":"https:\/\/www.nbhonglu.com\/es\/wp-json\/wp\/v2\/product\/273\/revisions"}],"predecessor-version":[{"id":928,"href":"https:\/\/www.nbhonglu.com\/es\/wp-json\/wp\/v2\/product\/273\/revisions\/928"}],"wp:featuredmedia":[{"embeddable":true,"href":"https:\/\/www.nbhonglu.com\/es\/wp-json\/wp\/v2\/media\/274"}],"wp:attachment":[{"href":"https:\/\/www.nbhonglu.com\/es\/wp-json\/wp\/v2\/media?parent=273"}],"wp:term":[{"taxonomy":"product_cat","embeddable":true,"href":"https:\/\/www.nbhonglu.com\/es\/wp-json\/wp\/v2\/product_cat?post=273"},{"taxonomy":"product_tag","embeddable":true,"href":"https:\/\/www.nbhonglu.com\/es\/wp-json\/wp\/v2\/product_tag?post=273"}],"curies":[{"name":"wp","href":"https:\/\/api.w.org\/{rel}","templated":true}]}}