{"id":267,"date":"2024-12-16T14:16:03","date_gmt":"2024-12-16T06:16:03","guid":{"rendered":"https:\/\/honglu.gg12.globaldeepsea.site\/?post_type=product&#038;p=267"},"modified":"2025-05-21T14:05:13","modified_gmt":"2025-05-21T06:05:13","slug":"hl-100-sandwich-maker","status":"publish","type":"product","link":"https:\/\/www.nbhonglu.com\/es\/product\/hl-100-sandwich-maker\/","title":{"rendered":"Creador de s\u00e1ndwiches HL-100"},"content":{"rendered":"<p>nuestro fabricante de s\u00e1ndwiches es un electrodom\u00e9stico imprescindible para los amantes del s\u00e1ndwich. cuenta con una superficie de cocci\u00f3n antiadherente, lo que permite una f\u00e1cil limpieza y evita que los s\u00e1ndwiches se peguen, asegurando resultados perfectos cada vez. el control de temperatura ajustable le permite personalizar el calor de acuerdo con los diferentes ingredientes y sus preferencias de sabor personal, ya sea que le guste una textura crujiente o m\u00e1s suave.<br \/>\ncon un dise\u00f1o compacto y ergon\u00f3mico, ocupa un espacio de mostrador m\u00ednimo al tiempo que proporciona la m\u00e1xima conveniencia. las luces indicadoras lo mantienen informado sobre el estado de precalentamiento y cocci\u00f3n, por lo que puede monitorear f\u00e1cilmente el progreso. la s\u00f3lida construcci\u00f3n y los materiales de alta calidad aseguran la durabilidad y el rendimiento duradero, por lo que es una elecci\u00f3n confiable para sus necesidades diarias para hacer s\u00e1ndwiches.<\/p>","protected":false},"excerpt":{"rendered":"<p>Cool touch handle<br \/>\nPower and ready light indicators<br \/>\nAutomatic temperature control<br \/>\nNon-stick coating plates for easy cleaning<br \/>\nAutolock clip<br \/>\nCord-wrap and upright for storage<br \/>\nSkid-resistant feet<br \/>\n220-240V 50-60Hz 750W<br \/>\n120V 60Hz 750W<\/p>\n<p>tama\u00f1o del producto: 217*220*77<br \/>\nPlate size:215*125<br \/>\ntama\u00f1o de la caja de regalo: 241*95*246<br \/>\ntama\u00f1o de cart\u00f3n: 400*253*512<br \/>\nQuantity\/carton:8PCS<br \/>\ncantidad\/20 ': 4320pcs<br \/>\ncantidad\/40 ': 8800pcs<br \/>\ncantidad\/40'hq: 10496pcs<\/p>","protected":false},"featured_media":268,"comment_status":"open","ping_status":"closed","template":"","meta":[],"product_cat":[27],"product_tag":[63,62,64,56,65,58,61,59,60,57],"class_list":{"0":"post-267","1":"product","2":"type-product","3":"status-publish","4":"has-post-thumbnail","6":"product_cat-sandwich-maker","7":"product_tag-4w1h-sandwich-maker","8":"product_tag-best-sandwich-maker","9":"product_tag-grill-sandwich-maker","10":"product_tag-grilled-cheese-maker","11":"product_tag-jaffle-iron","12":"product_tag-panini-press-grill","13":"product_tag-sandwich-maker-3-in-1","14":"product_tag-sandwich-press-grill","15":"product_tag-toaster-grill","16":"product_tag-toastie-machine","18":"first","19":"instock","20":"shipping-taxable","21":"product-type-simple"},"_links":{"self":[{"href":"https:\/\/www.nbhonglu.com\/es\/wp-json\/wp\/v2\/product\/267","targetHints":{"allow":["GET"]}}],"collection":[{"href":"https:\/\/www.nbhonglu.com\/es\/wp-json\/wp\/v2\/product"}],"about":[{"href":"https:\/\/www.nbhonglu.com\/es\/wp-json\/wp\/v2\/types\/product"}],"replies":[{"embeddable":true,"href":"https:\/\/www.nbhonglu.com\/es\/wp-json\/wp\/v2\/comments?post=267"}],"version-history":[{"count":2,"href":"https:\/\/www.nbhonglu.com\/es\/wp-json\/wp\/v2\/product\/267\/revisions"}],"predecessor-version":[{"id":1103,"href":"https:\/\/www.nbhonglu.com\/es\/wp-json\/wp\/v2\/product\/267\/revisions\/1103"}],"wp:featuredmedia":[{"embeddable":true,"href":"https:\/\/www.nbhonglu.com\/es\/wp-json\/wp\/v2\/media\/268"}],"wp:attachment":[{"href":"https:\/\/www.nbhonglu.com\/es\/wp-json\/wp\/v2\/media?parent=267"}],"wp:term":[{"taxonomy":"product_cat","embeddable":true,"href":"https:\/\/www.nbhonglu.com\/es\/wp-json\/wp\/v2\/product_cat?post=267"},{"taxonomy":"product_tag","embeddable":true,"href":"https:\/\/www.nbhonglu.com\/es\/wp-json\/wp\/v2\/product_tag?post=267"}],"curies":[{"name":"wp","href":"https:\/\/api.w.org\/{rel}","templated":true}]}}