{"id":262,"date":"2024-12-16T14:13:16","date_gmt":"2024-12-16T06:13:16","guid":{"rendered":"https:\/\/honglu.gg12.globaldeepsea.site\/?post_type=product&#038;p=262"},"modified":"2025-05-21T13:30:59","modified_gmt":"2025-05-21T05:30:59","slug":"hl-300a-wafflemaker","status":"publish","type":"product","link":"https:\/\/www.nbhonglu.com\/es\/product\/hl-300a-wafflemaker\/","title":{"rendered":"Fabricante de gofres HL-300A"},"content":{"rendered":"<p>Introducci\u00f3n al producto para fabricantes de waffle<br \/>\nPresentamos nuestro fabricante de gofres premium, un dispositivo imprescindible para crear gofres deliciosos que deleitar\u00e1n sus papilas gustativas.<br \/>\nEl recubrimiento antiadherente en las placas de cocci\u00f3n garantiza que sus gofres se deslicen suavemente, simplificando el proceso de limpieza. Su funci\u00f3n de ajuste de temperatura le permite lograr la textura perfecta, ya sea que prefiera un gofre suave y aireado o uno crujiente.<br \/>\nEste fabricante de gofres est\u00e1 dise\u00f1ado con una construcci\u00f3n de ahorro de espacio y robusta, que ocupa un \u00e1rea de encimera m\u00ednima sin comprometer su durabilidad y funcionalidad. Las luces indicadoras incorporadas proporcionan se\u00f1ales visuales claras con respecto a las fases de precalentamiento y cocci\u00f3n, lo que le permite cronometrar precisamente la preparaci\u00f3n de sus waffles.<br \/>\nConstruido con materiales de alta calidad y duraderos, nuestro fabricante de gofres es una opci\u00f3n confiable para cualquier cocina, a\u00f1os prometedores de disfrute de los entusiastas.<\/p>","protected":false},"excerpt":{"rendered":"<p>Cool touch handle<br \/>\nPower and ready light indicators<br \/>\nControl de temperatura ajustable<br \/>\nPlacas de recubrimiento antiadherentes para una f\u00e1cil limpieza<br \/>\nEnvoltura de cable para el almacenamiento<br \/>\nSkid-resistant feet<br \/>\n220-240V 50-60Hz 1000W<br \/>\n120V 60Hz 1000W<\/p>\n<p>Tama\u00f1o del producto: 198*255*102<br \/>\nTama\u00f1o de la placa: \u00a2 195<br \/>\nTama\u00f1o de la caja de regalo: 229*116*288<br \/>\nTama\u00f1o de cart\u00f3n: 484*241*596<br \/>\nQuantity\/carton:8PCS<br \/>\nCantidad\/20 ': 3224pcs<br \/>\nCantidad\/40 \u2032: 6560pcs<br \/>\nQty\/40\u2019HQ:7824PCS<\/p>","protected":false},"featured_media":263,"comment_status":"open","ping_status":"closed","template":"","meta":[],"product_cat":[26],"product_tag":[47,46,44,45,49,48],"class_list":{"0":"post-262","1":"product","2":"type-product","3":"status-publish","4":"has-post-thumbnail","6":"product_cat-waffle-maker","7":"product_tag-belgian-waffle-maker","8":"product_tag-donut-maker","9":"product_tag-electric-waffle-iron","10":"product_tag-heart-waffle-maker","11":"product_tag-household-non-toxic-panini-press","12":"product_tag-mini-non-stick-waffle-maker","14":"first","15":"instock","16":"shipping-taxable","17":"product-type-simple"},"_links":{"self":[{"href":"https:\/\/www.nbhonglu.com\/es\/wp-json\/wp\/v2\/product\/262","targetHints":{"allow":["GET"]}}],"collection":[{"href":"https:\/\/www.nbhonglu.com\/es\/wp-json\/wp\/v2\/product"}],"about":[{"href":"https:\/\/www.nbhonglu.com\/es\/wp-json\/wp\/v2\/types\/product"}],"replies":[{"embeddable":true,"href":"https:\/\/www.nbhonglu.com\/es\/wp-json\/wp\/v2\/comments?post=262"}],"version-history":[{"count":2,"href":"https:\/\/www.nbhonglu.com\/es\/wp-json\/wp\/v2\/product\/262\/revisions"}],"predecessor-version":[{"id":931,"href":"https:\/\/www.nbhonglu.com\/es\/wp-json\/wp\/v2\/product\/262\/revisions\/931"}],"wp:featuredmedia":[{"embeddable":true,"href":"https:\/\/www.nbhonglu.com\/es\/wp-json\/wp\/v2\/media\/263"}],"wp:attachment":[{"href":"https:\/\/www.nbhonglu.com\/es\/wp-json\/wp\/v2\/media?parent=262"}],"wp:term":[{"taxonomy":"product_cat","embeddable":true,"href":"https:\/\/www.nbhonglu.com\/es\/wp-json\/wp\/v2\/product_cat?post=262"},{"taxonomy":"product_tag","embeddable":true,"href":"https:\/\/www.nbhonglu.com\/es\/wp-json\/wp\/v2\/product_tag?post=262"}],"curies":[{"name":"wp","href":"https:\/\/api.w.org\/{rel}","templated":true}]}}