{"id":257,"date":"2024-12-16T14:08:28","date_gmt":"2024-12-16T06:08:28","guid":{"rendered":"https:\/\/honglu.gg12.globaldeepsea.site\/?post_type=product&#038;p=257"},"modified":"2025-05-21T13:30:01","modified_gmt":"2025-05-21T05:30:01","slug":"hl-300-wafflemaker","status":"publish","type":"product","link":"https:\/\/www.nbhonglu.com\/es\/product\/hl-300-wafflemaker\/","title":{"rendered":"HL-300 Waffle Maker"},"content":{"rendered":"<p>Introducci\u00f3n al producto para fabricantes de waffle<br \/>\nnuestro fabricante de waffle es un dispositivo de alta calidad dise\u00f1ado para traer deliciosos waffles de color marr\u00f3n dorado a su mesa con facilidad.<br \/>\ncuenta con una superficie de cocci\u00f3n antiadherente, asegurando que sus waffles se liberen sin esfuerzo y sean f\u00e1ciles de limpiar. el control de temperatura ajustable le permite personalizar el nivel de dorado de acuerdo con su preferencia, desde un gofre ligero y esponjoso hasta uno crujiente.<br \/>\ncon un dise\u00f1o compacto y resistente, no ocupa mucho espacio en el mostrador y al mismo tiempo proporciona un rendimiento confiable. las luces indicadoras lo mantienen informado sobre el estado de precalentamiento y cocci\u00f3n, para que sepa exactamente cu\u00e1ndo sus waffles est\u00e1n listos.<br \/>\nhecho de materiales duraderos, nuestro fabricante de gofres est\u00e1 construido para durar, por lo que es una gran adici\u00f3n a cualquier cocina para los amantes de los waffle.<\/p>","protected":false},"excerpt":{"rendered":"<p>Cool touch handle<br \/>\nPower and ready light indicators<br \/>\nAutomatic temperature control<br \/>\nPlacas de recubrimiento antiadherentes para una f\u00e1cil limpieza<br \/>\nEnvoltura de cable para el almacenamiento<br \/>\nSkid-resistant feet<br \/>\n220-240V 50-60Hz 1000W<br \/>\n120V 60Hz 1000W<\/p>\n<p>tama\u00f1o del producto: 198*255*88<br \/>\nTama\u00f1o de la placa: \u00a2 195<br \/>\nTama\u00f1o de la caja de regalo: 229*116*288<br \/>\nTama\u00f1o de cart\u00f3n: 484*241*596<br \/>\nQuantity\/carton:8PCS<br \/>\nCantidad\/20 ': 3224pcs<br \/>\nCantidad\/40 \u2032: 6560pcs<br \/>\nQty\/40\u2019HQ:7824PCS<\/p>","protected":false},"featured_media":258,"comment_status":"open","ping_status":"closed","template":"","meta":[],"product_cat":[26],"product_tag":[47,46,44,45,49,48],"class_list":{"0":"post-257","1":"product","2":"type-product","3":"status-publish","4":"has-post-thumbnail","6":"product_cat-waffle-maker","7":"product_tag-belgian-waffle-maker","8":"product_tag-donut-maker","9":"product_tag-electric-waffle-iron","10":"product_tag-heart-waffle-maker","11":"product_tag-household-non-toxic-panini-press","12":"product_tag-mini-non-stick-waffle-maker","14":"first","15":"instock","16":"shipping-taxable","17":"product-type-simple"},"_links":{"self":[{"href":"https:\/\/www.nbhonglu.com\/es\/wp-json\/wp\/v2\/product\/257","targetHints":{"allow":["GET"]}}],"collection":[{"href":"https:\/\/www.nbhonglu.com\/es\/wp-json\/wp\/v2\/product"}],"about":[{"href":"https:\/\/www.nbhonglu.com\/es\/wp-json\/wp\/v2\/types\/product"}],"replies":[{"embeddable":true,"href":"https:\/\/www.nbhonglu.com\/es\/wp-json\/wp\/v2\/comments?post=257"}],"version-history":[{"count":2,"href":"https:\/\/www.nbhonglu.com\/es\/wp-json\/wp\/v2\/product\/257\/revisions"}],"predecessor-version":[{"id":930,"href":"https:\/\/www.nbhonglu.com\/es\/wp-json\/wp\/v2\/product\/257\/revisions\/930"}],"wp:featuredmedia":[{"embeddable":true,"href":"https:\/\/www.nbhonglu.com\/es\/wp-json\/wp\/v2\/media\/258"}],"wp:attachment":[{"href":"https:\/\/www.nbhonglu.com\/es\/wp-json\/wp\/v2\/media?parent=257"}],"wp:term":[{"taxonomy":"product_cat","embeddable":true,"href":"https:\/\/www.nbhonglu.com\/es\/wp-json\/wp\/v2\/product_cat?post=257"},{"taxonomy":"product_tag","embeddable":true,"href":"https:\/\/www.nbhonglu.com\/es\/wp-json\/wp\/v2\/product_tag?post=257"}],"curies":[{"name":"wp","href":"https:\/\/api.w.org\/{rel}","templated":true}]}}