{"id":247,"date":"2024-12-16T14:02:33","date_gmt":"2024-12-16T06:02:33","guid":{"rendered":"https:\/\/honglu.gg12.globaldeepsea.site\/?post_type=product&#038;p=247"},"modified":"2025-05-21T15:10:57","modified_gmt":"2025-05-21T07:10:57","slug":"electric-contact-grill","status":"publish","type":"product","link":"https:\/\/www.nbhonglu.com\/es\/product\/electric-contact-grill\/","title":{"rendered":"Grill de contacto HL-500"},"content":{"rendered":"<p>La parrilla de contacto que ofrecemos es una adici\u00f3n notable al arsenal de su cocina. Las placas premium antiadherentes est\u00e1n dise\u00f1adas para evitar que los alimentos se peguen, lo que hace que el proceso de cocci\u00f3n sea suave y las secuelas de limpieza. Tiene un control total sobre la temperatura con su amplia configuraci\u00f3n ajustable, lo que le permite armar las carnes a altas altas calles o en art\u00edculos delicados suavemente calientes. Su dise\u00f1o de ahorro de espacio no sacrifica la capacidad de cocci\u00f3n, ya que proporciona espacio amplio para asar m\u00faltiples art\u00edculos simult\u00e1neamente. Gracias a su elemento de calentamiento r\u00e1pido, puede comenzar a cocinar en poco tiempo, ahorrando minutos preciosos. Construido para durar, la parrilla est\u00e1 hecha a partir de materiales robustos que soportan los rigores del uso diario. Con una dispersi\u00f3n de calor constante, lograr\u00e1 resultados uniformemente cocidos y deliciosos, ya sea un bistec chispeante, una mezcla de verduras a la parrilla o un crujiente queso a la parrilla. Esta parrilla de contacto realmente encarna la innovaci\u00f3n, la practicidad y la resistencia para todos sus deseos de parrilla interior.<\/p>","protected":false},"excerpt":{"rendered":"<p>mango ss seguro<br \/>\nsysteme de bisagra flotante<br \/>\nIndicadores de luz de potencia y listos<br \/>\nNon-stick coating plates for easy cleaning<br \/>\nSkid-resistant feet<br \/>\nSS top cover decoration<br \/>\n220-240V 50-60Hz 1000W<br \/>\n120V 60Hz 1000W<\/p>\n<p>tama\u00f1o del producto: 266*221*85<br \/>\ntama\u00f1o de la placa: 230*145<br \/>\ntama\u00f1o de la caja de regalo: 300*117*260<br \/>\ntama\u00f1o de cart\u00f3n: 488*312*540<br \/>\nQuantity\/carton:8PCS<br \/>\ncantidad\/20 ': 2728pcs<br \/>\ncantidad\/40 ': 5544pcs<br \/>\ncantidad\/40'hq: 6616pcs<\/p>","protected":false},"featured_media":250,"comment_status":"open","ping_status":"closed","template":"","meta":[],"product_cat":[25],"product_tag":[80,29,79,82,81,85,84,83],"class_list":{"0":"post-247","1":"product","2":"type-product","3":"status-publish","4":"has-post-thumbnail","6":"product_cat-contact-grill","7":"product_tag-compact-portable-fast-cooking-contact-grill-for-outdoor-car-use","8":"product_tag-electric-contact-grill","9":"product_tag-electric-indoor-grill","10":"product_tag-high-quality-electric-panini-press","11":"product_tag-household-press-grill","12":"product_tag-household-steak-contact-grill","13":"product_tag-non-stick-press-grill","14":"product_tag-smoke-free-sandwich-maker","16":"first","17":"instock","18":"shipping-taxable","19":"product-type-simple"},"_links":{"self":[{"href":"https:\/\/www.nbhonglu.com\/es\/wp-json\/wp\/v2\/product\/247","targetHints":{"allow":["GET"]}}],"collection":[{"href":"https:\/\/www.nbhonglu.com\/es\/wp-json\/wp\/v2\/product"}],"about":[{"href":"https:\/\/www.nbhonglu.com\/es\/wp-json\/wp\/v2\/types\/product"}],"replies":[{"embeddable":true,"href":"https:\/\/www.nbhonglu.com\/es\/wp-json\/wp\/v2\/comments?post=247"}],"version-history":[{"count":2,"href":"https:\/\/www.nbhonglu.com\/es\/wp-json\/wp\/v2\/product\/247\/revisions"}],"predecessor-version":[{"id":932,"href":"https:\/\/www.nbhonglu.com\/es\/wp-json\/wp\/v2\/product\/247\/revisions\/932"}],"wp:featuredmedia":[{"embeddable":true,"href":"https:\/\/www.nbhonglu.com\/es\/wp-json\/wp\/v2\/media\/250"}],"wp:attachment":[{"href":"https:\/\/www.nbhonglu.com\/es\/wp-json\/wp\/v2\/media?parent=247"}],"wp:term":[{"taxonomy":"product_cat","embeddable":true,"href":"https:\/\/www.nbhonglu.com\/es\/wp-json\/wp\/v2\/product_cat?post=247"},{"taxonomy":"product_tag","embeddable":true,"href":"https:\/\/www.nbhonglu.com\/es\/wp-json\/wp\/v2\/product_tag?post=247"}],"curies":[{"name":"wp","href":"https:\/\/api.w.org\/{rel}","templated":true}]}}