{"id":974,"date":"2025-04-15T10:46:13","date_gmt":"2025-04-15T02:46:13","guid":{"rendered":"https:\/\/honglu.gg12.globaldeepsea.site\/?post_type=product&#038;p=974"},"modified":"2025-05-21T15:13:17","modified_gmt":"2025-05-21T07:13:17","slug":"hl-600a-contact-grill","status":"publish","type":"product","link":"https:\/\/www.nbhonglu.com\/de\/product\/hl-600a-contact-grill\/","title":{"rendered":"HL-600 Kontaktgrill"},"content":{"rendered":"<p>Unser Kontaktgrill ist ein wesentliches Ger\u00e4t f\u00fcr jede moderne K\u00fcche. Die Kochoberfl\u00e4che mit Nicht-Schicht vereinfacht nicht nur das Umgang mit Lebensmitteln, sondern sorgt auch f\u00fcr eine einfache Reinigung. Die einstellbare Temperaturregelung reicht von einem sanften warm bis zu einem hohen Sear, sodass Sie verschiedene Mahlzeiten mit Pr\u00e4zision zubereiten k\u00f6nnen. Der kompakte Formfaktor des Grills ist perfekt f\u00fcr Wohnungen oder K\u00fcchen mit begrenztem Platz und bietet dennoch einen ger\u00e4umigen Grillbereich. Es erw\u00e4rmt sich schnell, verk\u00fcrzt die Vorheizungszeit und spart Energie. Die langlebige Konstruktion, die aus hochwertigen Materialien hergestellt wird, kann h\u00e4ufiger Verwendung standhalten. Die gleichm\u00e4\u00dfige W\u00e4rmeverteilung \u00fcber die Teller garantiert jedes Mal gleichm\u00e4\u00dfig gekochtes Essen, egal ob es sich um ein Steak, eine gegrillte Gem\u00fcseplatte oder ein ger\u00f6stetes Sandwich handelt. Dieser Kontaktgrill kombiniert Funktionen, Bequemlichkeit und Haltbarkeit, um alle Anforderungen an den Innengrill zu erf\u00fcllen.<\/p>\n<p>&nbsp;<\/p>\n<p>&nbsp;<\/p>","protected":false},"excerpt":{"rendered":"<p>Offene Wohnung bis zu 180 \u00b0<br \/>\nSchwimmendes Scharniersystem passend f\u00fcr jede Gr\u00f6\u00dfe des Toaster<br \/>\nTropfschale f\u00fcr \u00fcbersch\u00fcssiges \u00d6l<br \/>\nNicht-Stick-beschichtete Platten zur einfachen Reinigung<br \/>\nKraft- und Bereitschaftsanzeige -Indikatoren<br \/>\nSicherheitsthermostat und thermischer Sicherungsschutz<br \/>\nSkid-resistente F\u00fc\u00dfe<br \/>\n220-240V 50-60Hz 2000W<br \/>\n120 V 60 Hz 1200W<\/p>\n<p>Produktgr\u00f6\u00dfe: 325*328*117<br \/>\nPlattengr\u00f6\u00dfe: 290*240<br \/>\nGeschenkbox Gr\u00f6\u00dfe: 359*151*364<br \/>\nKartongr\u00f6\u00dfe: 624*371*382<br \/>\nQuantity\/carton:4PCS<br \/>\nQty\/20 ': 1268pcs<br \/>\nQty\/40 ': 2580pcs<br \/>\nQty\/40\u2019HQ:3076PCS<\/p>","protected":false},"featured_media":981,"comment_status":"open","ping_status":"closed","template":"","meta":[],"product_cat":[25],"product_tag":[80,79,82,81,85,84,83],"class_list":{"0":"post-974","1":"product","2":"type-product","3":"status-publish","4":"has-post-thumbnail","6":"product_cat-contact-grill","7":"product_tag-compact-portable-fast-cooking-contact-grill-for-outdoor-car-use","8":"product_tag-electric-indoor-grill","9":"product_tag-high-quality-electric-panini-press","10":"product_tag-household-press-grill","11":"product_tag-household-steak-contact-grill","12":"product_tag-non-stick-press-grill","13":"product_tag-smoke-free-sandwich-maker","15":"first","16":"instock","17":"shipping-taxable","18":"product-type-simple"},"_links":{"self":[{"href":"https:\/\/www.nbhonglu.com\/de\/wp-json\/wp\/v2\/product\/974","targetHints":{"allow":["GET"]}}],"collection":[{"href":"https:\/\/www.nbhonglu.com\/de\/wp-json\/wp\/v2\/product"}],"about":[{"href":"https:\/\/www.nbhonglu.com\/de\/wp-json\/wp\/v2\/types\/product"}],"replies":[{"embeddable":true,"href":"https:\/\/www.nbhonglu.com\/de\/wp-json\/wp\/v2\/comments?post=974"}],"version-history":[{"count":3,"href":"https:\/\/www.nbhonglu.com\/de\/wp-json\/wp\/v2\/product\/974\/revisions"}],"predecessor-version":[{"id":982,"href":"https:\/\/www.nbhonglu.com\/de\/wp-json\/wp\/v2\/product\/974\/revisions\/982"}],"wp:featuredmedia":[{"embeddable":true,"href":"https:\/\/www.nbhonglu.com\/de\/wp-json\/wp\/v2\/media\/981"}],"wp:attachment":[{"href":"https:\/\/www.nbhonglu.com\/de\/wp-json\/wp\/v2\/media?parent=974"}],"wp:term":[{"taxonomy":"product_cat","embeddable":true,"href":"https:\/\/www.nbhonglu.com\/de\/wp-json\/wp\/v2\/product_cat?post=974"},{"taxonomy":"product_tag","embeddable":true,"href":"https:\/\/www.nbhonglu.com\/de\/wp-json\/wp\/v2\/product_tag?post=974"}],"curies":[{"name":"wp","href":"https:\/\/api.w.org\/{rel}","templated":true}]}}