{"id":959,"date":"2025-04-08T09:23:19","date_gmt":"2025-04-08T01:23:19","guid":{"rendered":"https:\/\/honglu.gg12.globaldeepsea.site\/?post_type=product&#038;p=959"},"modified":"2025-05-21T14:06:50","modified_gmt":"2025-05-21T06:06:50","slug":"hl-101a-sandwich-maker","status":"publish","type":"product","link":"https:\/\/www.nbhonglu.com\/de\/product\/hl-101a-sandwich-maker\/","title":{"rendered":"HL-101A-Sandwichhersteller"},"content":{"rendered":"<p>Unser hochmoderner Sandwichhersteller wurde entwickelt, um Ihre Erfahrung mit Sandwichherstellung zu revolutionieren. Die Premium-Nicht-Schicht-\u00dcberbeschichtung auf den Kochtellern macht nicht nur das Aufr\u00e4umen zum Kinderspiel, sondern garantiert auch, dass Ihre Sandwiches m\u00fchelos, intakt und gleichm\u00e4\u00dfig gekocht werden. Das System f\u00fcr fortschrittliche Temperaturregulierung bietet eine breite Palette von W\u00e4rmeeinstellungen, sodass Sie das ideale Grad an Knusprigkeit f\u00fcr Ihr Brot und die perfekte Schmelze f\u00fcr Ihren K\u00e4se oder andere F\u00fcllungen erreichen k\u00f6nnen, die sich f\u00fcr verschiedene Gaumen befassen.<br \/>\nDieses Ger\u00e4t zeigt ein elegantes und platzsparendes Design, das sich in jeder K\u00fcchenarbeitsplatte befindet, ohne den Arbeitsbereich zu \u00fcberf\u00fcllen. Das intuitive Bedienfeld, begleitet von klaren und hellen Indikatorlichtern, vereinfacht den Betrieb und bietet Echtzeit-Aktualisierungen der Vorheizungs- und Kochphasen. Die robuste Verarbeitungsqualit\u00e4t, die aus hochwertigen Materialien hergestellt wird, sorgt daf\u00fcr, dass die Widerstand gegen Abnutzung und -riss und die jahrelangen zuverl\u00e4ssigen Dienstleistungen zug\u00e4nglich ist.<\/p>","protected":false},"excerpt":{"rendered":"<p>Cooler Touch -Griff<br \/>\nKraft- und Bereitschaftsanzeige -Indikatoren<br \/>\nAutomatische Temperaturregelung<br \/>\nNicht-Stick-Beschichtungsplatten zur einfachen Reinigung<br \/>\nAutolock -Clip<br \/>\nKabelschreibe und aufrecht zur Lagerung<br \/>\nSkid-resistente F\u00fc\u00dfe<br \/>\n220-240V 50-60Hz 750W<br \/>\n120 V 60 Hz 750W<\/p>\n<p>Produktgr\u00f6\u00dfe: 217*213*81<br \/>\nPlattengr\u00f6\u00dfe: 215*125<br \/>\nGeschenkbox Gr\u00f6\u00dfe: 251*102*250<br \/>\nKartongr\u00f6\u00dfe: 428*263*520<br \/>\nQuantity\/carton:8PCS<br \/>\nQty\/20 ': 3840pcs<br \/>\nQty\/40 ': 7824pcs<br \/>\nQty\/40\u2019HQ:9328PCS<\/p>","protected":false},"featured_media":961,"comment_status":"open","ping_status":"closed","template":"","meta":[],"product_cat":[27],"product_tag":[63,62,64,56,65,58,61,59,60,57],"class_list":{"0":"post-959","1":"product","2":"type-product","3":"status-publish","4":"has-post-thumbnail","6":"product_cat-sandwich-maker","7":"product_tag-4w1h-sandwich-maker","8":"product_tag-best-sandwich-maker","9":"product_tag-grill-sandwich-maker","10":"product_tag-grilled-cheese-maker","11":"product_tag-jaffle-iron","12":"product_tag-panini-press-grill","13":"product_tag-sandwich-maker-3-in-1","14":"product_tag-sandwich-press-grill","15":"product_tag-toaster-grill","16":"product_tag-toastie-machine","18":"first","19":"instock","20":"shipping-taxable","21":"product-type-simple"},"_links":{"self":[{"href":"https:\/\/www.nbhonglu.com\/de\/wp-json\/wp\/v2\/product\/959","targetHints":{"allow":["GET"]}}],"collection":[{"href":"https:\/\/www.nbhonglu.com\/de\/wp-json\/wp\/v2\/product"}],"about":[{"href":"https:\/\/www.nbhonglu.com\/de\/wp-json\/wp\/v2\/types\/product"}],"replies":[{"embeddable":true,"href":"https:\/\/www.nbhonglu.com\/de\/wp-json\/wp\/v2\/comments?post=959"}],"version-history":[{"count":1,"href":"https:\/\/www.nbhonglu.com\/de\/wp-json\/wp\/v2\/product\/959\/revisions"}],"predecessor-version":[{"id":963,"href":"https:\/\/www.nbhonglu.com\/de\/wp-json\/wp\/v2\/product\/959\/revisions\/963"}],"wp:featuredmedia":[{"embeddable":true,"href":"https:\/\/www.nbhonglu.com\/de\/wp-json\/wp\/v2\/media\/961"}],"wp:attachment":[{"href":"https:\/\/www.nbhonglu.com\/de\/wp-json\/wp\/v2\/media?parent=959"}],"wp:term":[{"taxonomy":"product_cat","embeddable":true,"href":"https:\/\/www.nbhonglu.com\/de\/wp-json\/wp\/v2\/product_cat?post=959"},{"taxonomy":"product_tag","embeddable":true,"href":"https:\/\/www.nbhonglu.com\/de\/wp-json\/wp\/v2\/product_tag?post=959"}],"curies":[{"name":"wp","href":"https:\/\/api.w.org\/{rel}","templated":true}]}}