{"id":273,"date":"2024-12-16T14:22:49","date_gmt":"2024-12-16T06:22:49","guid":{"rendered":"https:\/\/honglu.gg12.globaldeepsea.site\/?post_type=product&#038;p=273"},"modified":"2025-05-21T14:17:20","modified_gmt":"2025-05-21T06:17:20","slug":"hl-160-sandwich-maker","status":"publish","type":"product","link":"https:\/\/www.nbhonglu.com\/de\/product\/hl-160-sandwich-maker\/","title":{"rendered":"HL-160-Sandwichhersteller"},"content":{"rendered":"<p>Unser vielseitiger Sandwichhersteller ist ein kulinarisches Kraftpaket, das eine Welt k\u00f6stlicher M\u00f6glichkeiten freischaltet. Es kann m\u00fchelos einfache Brotscheiben in klassische, ger\u00f6stete K\u00e4se -Sandwiches verwandeln, wobei der K\u00e4se zwischen dem warmen, knusprigen Brot zu einer klebrigen Perfektion schmilzt. Sie k\u00f6nnen auch k\u00f6stliche Schinken- und K\u00e4sekombinationen kreieren, in denen der herzhafte Schinken einen verlockenden Sear bekommt und der K\u00e4se mit Geschmack sickert.<br \/>\nF\u00fcr eine ges\u00fcndere Option kann es vegetarische Sandwiches herstellen, das Brot kritzelt, w\u00e4hrend das frische Gem\u00fcse wie Tomaten, Gurken und Salat sanft erw\u00e4rmt wird, die alle mit Ihrem Lieblingsaufstrich zusammengehalten werden. Es ist ebenso geschickt darin, gegrillte H\u00fchnchen-Sandwiches herzustellen, dem Huhn eine k\u00f6stliche goldbraune Kruste zu verleihen und es mit einem herzhaften Geschmack zu verleihen. Und wenn Sie Lust auf etwas S\u00fc\u00dfes haben, verwenden Sie es, um eine warme und klebrige Nutella- oder Erdnussbutter -Jelly -Sandwich zu machen. Mit diesem Sandwichhersteller ist die einzige Grenze Ihre Fantasie, und es wird schnell zu Ihrem Ger\u00e4t, um eine Vielzahl von leckeren Sandwiches zu erstellen, um jegliches Verlangen zu befriedigen.<\/p>","protected":false},"excerpt":{"rendered":"<p>Cooler Touch -Griff<br \/>\nKraft- und Bereitschaftsanzeige -Indikatoren<br \/>\nAutomatische Temperaturregelung<br \/>\nNicht-Stick-Beschichtungsplatten zur einfachen Reinigung<br \/>\nAutolock -Clip<br \/>\nKabelschreibe und aufrecht zur Lagerung<br \/>\nSkid-resistente F\u00fc\u00dfe<br \/>\n220-240V 50-60Hz 1500W<br \/>\n120 V 60 Hz 1200W<\/p>\n<p>Produktgr\u00f6\u00dfe: 252*312*99<br \/>\nPlattengr\u00f6\u00dfe: 250*216<br \/>\nGeschenkbox Gr\u00f6\u00dfe: 284*118*344<br \/>\nKartongr\u00f6\u00dfe: 492*296*362<br \/>\nQuantity\/carton:4PCS<br \/>\nQty\/20 ': 2124pcs<br \/>\nQty\/40 ': 4324pcs<br \/>\nQty\/40\u2019HQ:5160PCS<\/p>","protected":false},"featured_media":274,"comment_status":"open","ping_status":"closed","template":"","meta":[],"product_cat":[27],"product_tag":[66,67,29,70,69,68],"class_list":{"0":"post-273","1":"product","2":"type-product","3":"status-publish","4":"has-post-thumbnail","6":"product_cat-sandwich-maker","7":"product_tag-4-slice-electric-non-stick-bread-toaster","8":"product_tag-breakfast-machine","9":"product_tag-electric-contact-grill","10":"product_tag-electric-panini-maker","11":"product_tag-household-waffle-maker-machine","12":"product_tag-sandwich-maker","14":"first","15":"instock","16":"shipping-taxable","17":"product-type-simple"},"_links":{"self":[{"href":"https:\/\/www.nbhonglu.com\/de\/wp-json\/wp\/v2\/product\/273","targetHints":{"allow":["GET"]}}],"collection":[{"href":"https:\/\/www.nbhonglu.com\/de\/wp-json\/wp\/v2\/product"}],"about":[{"href":"https:\/\/www.nbhonglu.com\/de\/wp-json\/wp\/v2\/types\/product"}],"replies":[{"embeddable":true,"href":"https:\/\/www.nbhonglu.com\/de\/wp-json\/wp\/v2\/comments?post=273"}],"version-history":[{"count":2,"href":"https:\/\/www.nbhonglu.com\/de\/wp-json\/wp\/v2\/product\/273\/revisions"}],"predecessor-version":[{"id":928,"href":"https:\/\/www.nbhonglu.com\/de\/wp-json\/wp\/v2\/product\/273\/revisions\/928"}],"wp:featuredmedia":[{"embeddable":true,"href":"https:\/\/www.nbhonglu.com\/de\/wp-json\/wp\/v2\/media\/274"}],"wp:attachment":[{"href":"https:\/\/www.nbhonglu.com\/de\/wp-json\/wp\/v2\/media?parent=273"}],"wp:term":[{"taxonomy":"product_cat","embeddable":true,"href":"https:\/\/www.nbhonglu.com\/de\/wp-json\/wp\/v2\/product_cat?post=273"},{"taxonomy":"product_tag","embeddable":true,"href":"https:\/\/www.nbhonglu.com\/de\/wp-json\/wp\/v2\/product_tag?post=273"}],"curies":[{"name":"wp","href":"https:\/\/api.w.org\/{rel}","templated":true}]}}