{"id":267,"date":"2024-12-16T14:16:03","date_gmt":"2024-12-16T06:16:03","guid":{"rendered":"https:\/\/honglu.gg12.globaldeepsea.site\/?post_type=product&#038;p=267"},"modified":"2025-05-21T14:05:13","modified_gmt":"2025-05-21T06:05:13","slug":"hl-100-sandwich-maker","status":"publish","type":"product","link":"https:\/\/www.nbhonglu.com\/de\/product\/hl-100-sandwich-maker\/","title":{"rendered":"HL-100-Sandwichhersteller"},"content":{"rendered":"<p>Unser Sandwichhersteller ist ein Must-Have-K\u00fcchenger\u00e4te f\u00fcr Sandwichliebhaber. Es verf\u00fcgt \u00fcber eine Kochoberfl\u00e4che mit Nichtschicke, die eine einfache Reinigung erm\u00f6glicht und verhindert, dass die Sandwiches das kleben, um jedes Mal perfekte Ergebnisse zu gew\u00e4hrleisten. Die einstellbare Temperaturregelung erm\u00f6glicht es Ihnen, die W\u00e4rme nach verschiedenen Zutaten und Ihren pers\u00f6nlichen Geschmackspr\u00e4ferenzen anzupassen, egal ob Sie eine knusprige oder eine weichere Textur m\u00f6gen.<br \/>\nMit einem kompakten und ergonomischen Design nimmt es einen minimalen Gegenraum ein und bietet maximale Bequemlichkeit. Die Indikatorlichter halten Sie \u00fcber den Vorheizen- und Kochstatus auf dem Laufenden, sodass Sie den Fortschritt problemlos \u00fcberwachen k\u00f6nnen. Die robuste Konstruktion und qualitativ hochwertige Materialien gew\u00e4hrleisten die Haltbarkeit und eine langlebige Leistung, was es zu einer zuverl\u00e4ssigen Wahl f\u00fcr Ihre t\u00e4glichen Sandwich-Anforderungen macht.<\/p>","protected":false},"excerpt":{"rendered":"<p>Cooler Touch -Griff<br \/>\nKraft- und Bereitschaftsanzeige -Indikatoren<br \/>\nAutomatische Temperaturregelung<br \/>\nNicht-Stick-Beschichtungsplatten zur einfachen Reinigung<br \/>\nAutolock -Clip<br \/>\nKabelschreibe und aufrecht zur Lagerung<br \/>\nSkid-resistente F\u00fc\u00dfe<br \/>\n220-240V 50-60Hz 750W<br \/>\n120 V 60 Hz 750W<\/p>\n<p>Produktgr\u00f6\u00dfe: 217*220*77<br \/>\nPlattengr\u00f6\u00dfe: 215*125<br \/>\nGeschenkbox Gr\u00f6\u00dfe: 241*95*246<br \/>\nKartongr\u00f6\u00dfe: 400*253*512<br \/>\nQuantity\/carton:8PCS<br \/>\nQty\/20 ': 4320pcs<br \/>\nQty\/40 ': 8800pcs<br \/>\nQty\/40\u2019HQ:10496PCS<\/p>","protected":false},"featured_media":268,"comment_status":"open","ping_status":"closed","template":"","meta":[],"product_cat":[27],"product_tag":[63,62,64,56,65,58,61,59,60,57],"class_list":{"0":"post-267","1":"product","2":"type-product","3":"status-publish","4":"has-post-thumbnail","6":"product_cat-sandwich-maker","7":"product_tag-4w1h-sandwich-maker","8":"product_tag-best-sandwich-maker","9":"product_tag-grill-sandwich-maker","10":"product_tag-grilled-cheese-maker","11":"product_tag-jaffle-iron","12":"product_tag-panini-press-grill","13":"product_tag-sandwich-maker-3-in-1","14":"product_tag-sandwich-press-grill","15":"product_tag-toaster-grill","16":"product_tag-toastie-machine","18":"first","19":"instock","20":"shipping-taxable","21":"product-type-simple"},"_links":{"self":[{"href":"https:\/\/www.nbhonglu.com\/de\/wp-json\/wp\/v2\/product\/267","targetHints":{"allow":["GET"]}}],"collection":[{"href":"https:\/\/www.nbhonglu.com\/de\/wp-json\/wp\/v2\/product"}],"about":[{"href":"https:\/\/www.nbhonglu.com\/de\/wp-json\/wp\/v2\/types\/product"}],"replies":[{"embeddable":true,"href":"https:\/\/www.nbhonglu.com\/de\/wp-json\/wp\/v2\/comments?post=267"}],"version-history":[{"count":2,"href":"https:\/\/www.nbhonglu.com\/de\/wp-json\/wp\/v2\/product\/267\/revisions"}],"predecessor-version":[{"id":1103,"href":"https:\/\/www.nbhonglu.com\/de\/wp-json\/wp\/v2\/product\/267\/revisions\/1103"}],"wp:featuredmedia":[{"embeddable":true,"href":"https:\/\/www.nbhonglu.com\/de\/wp-json\/wp\/v2\/media\/268"}],"wp:attachment":[{"href":"https:\/\/www.nbhonglu.com\/de\/wp-json\/wp\/v2\/media?parent=267"}],"wp:term":[{"taxonomy":"product_cat","embeddable":true,"href":"https:\/\/www.nbhonglu.com\/de\/wp-json\/wp\/v2\/product_cat?post=267"},{"taxonomy":"product_tag","embeddable":true,"href":"https:\/\/www.nbhonglu.com\/de\/wp-json\/wp\/v2\/product_tag?post=267"}],"curies":[{"name":"wp","href":"https:\/\/api.w.org\/{rel}","templated":true}]}}