{"id":262,"date":"2024-12-16T14:13:16","date_gmt":"2024-12-16T06:13:16","guid":{"rendered":"https:\/\/honglu.gg12.globaldeepsea.site\/?post_type=product&#038;p=262"},"modified":"2025-05-21T13:30:59","modified_gmt":"2025-05-21T05:30:59","slug":"hl-300a-wafflemaker","status":"publish","type":"product","link":"https:\/\/www.nbhonglu.com\/de\/product\/hl-300a-wafflemaker\/","title":{"rendered":"HL-300A Waffelmacher"},"content":{"rendered":"<p>Waffelhersteller -Produkteinf\u00fchrung<br \/>\nEinf\u00fchrung in unseren Premium-Waffelhersteller, einem Muss, um leckere Waffeln zu kreieren, die Ihre Geschmacksknospen erfreuen.<br \/>\nDie Nicht-Schicht-Beschichtung auf den Kochplatten garantiert, dass Ihre Waffeln reibungslos herausrutschen und den Reinigungsprozess vereinfachen. Die Temperatureinstellungsfunktion erm\u00f6glicht es Ihnen, die perfekte Textur zu erreichen, unabh\u00e4ngig davon, ob Sie eine weiche und luftige Waffel oder eine knusprige.<br \/>\nDieser Waffelhersteller wird mit einer raumsparenden und robusten Konstruktion hergestellt, wodurch ein minimaler Arbeitsplatzbereich besetzt ist, ohne seine Haltbarkeit und Funktionalit\u00e4t zu beeintr\u00e4chtigen. Die eingebauten Indikatorlichter liefern klare visuelle Hinweise hinsichtlich der Vorheizungs- und Kochphasen, sodass Sie genau die Vorbereitung Ihrer Waffeln vorlegen k\u00f6nnen.<br \/>\nUnser Waffelhersteller ist aus hochwertigen und langlebigen Materialien gebaut und ist eine zuverl\u00e4ssige Wahl f\u00fcr jede K\u00fcche.<\/p>","protected":false},"excerpt":{"rendered":"<p>Cooler Touch -Griff<br \/>\nKraft- und Bereitschaftsanzeige -Indikatoren<br \/>\nEinstellbare Temperaturregelung<br \/>\nNicht-Stick-Beschichtungen f\u00fcr die einfache Reinigung<br \/>\nKabelwrap f\u00fcr die Lagerung<br \/>\nSkid-resistente F\u00fc\u00dfe<br \/>\n220-240V 50-60Hz 1000W<br \/>\n120 V 60 Hz 1000W<\/p>\n<p>Produktgr\u00f6\u00dfe: 198*255*102<br \/>\nPlattengr\u00f6\u00dfe: \u00a2 195<br \/>\nGeschenkbox Gr\u00f6\u00dfe: 229*116*288<br \/>\nKartongr\u00f6\u00dfe: 484*241*596<br \/>\nQuantity\/carton:8PCS<br \/>\nQty\/20 ': 3224pcs<br \/>\nQty\/40 ': 6560pcs<br \/>\nQty\/40\u2019HQ:7824PCS<\/p>","protected":false},"featured_media":263,"comment_status":"open","ping_status":"closed","template":"","meta":[],"product_cat":[26],"product_tag":[47,46,44,45,49,48],"class_list":{"0":"post-262","1":"product","2":"type-product","3":"status-publish","4":"has-post-thumbnail","6":"product_cat-waffle-maker","7":"product_tag-belgian-waffle-maker","8":"product_tag-donut-maker","9":"product_tag-electric-waffle-iron","10":"product_tag-heart-waffle-maker","11":"product_tag-household-non-toxic-panini-press","12":"product_tag-mini-non-stick-waffle-maker","14":"first","15":"instock","16":"shipping-taxable","17":"product-type-simple"},"_links":{"self":[{"href":"https:\/\/www.nbhonglu.com\/de\/wp-json\/wp\/v2\/product\/262","targetHints":{"allow":["GET"]}}],"collection":[{"href":"https:\/\/www.nbhonglu.com\/de\/wp-json\/wp\/v2\/product"}],"about":[{"href":"https:\/\/www.nbhonglu.com\/de\/wp-json\/wp\/v2\/types\/product"}],"replies":[{"embeddable":true,"href":"https:\/\/www.nbhonglu.com\/de\/wp-json\/wp\/v2\/comments?post=262"}],"version-history":[{"count":2,"href":"https:\/\/www.nbhonglu.com\/de\/wp-json\/wp\/v2\/product\/262\/revisions"}],"predecessor-version":[{"id":931,"href":"https:\/\/www.nbhonglu.com\/de\/wp-json\/wp\/v2\/product\/262\/revisions\/931"}],"wp:featuredmedia":[{"embeddable":true,"href":"https:\/\/www.nbhonglu.com\/de\/wp-json\/wp\/v2\/media\/263"}],"wp:attachment":[{"href":"https:\/\/www.nbhonglu.com\/de\/wp-json\/wp\/v2\/media?parent=262"}],"wp:term":[{"taxonomy":"product_cat","embeddable":true,"href":"https:\/\/www.nbhonglu.com\/de\/wp-json\/wp\/v2\/product_cat?post=262"},{"taxonomy":"product_tag","embeddable":true,"href":"https:\/\/www.nbhonglu.com\/de\/wp-json\/wp\/v2\/product_tag?post=262"}],"curies":[{"name":"wp","href":"https:\/\/api.w.org\/{rel}","templated":true}]}}