{"id":257,"date":"2024-12-16T14:08:28","date_gmt":"2024-12-16T06:08:28","guid":{"rendered":"https:\/\/honglu.gg12.globaldeepsea.site\/?post_type=product&#038;p=257"},"modified":"2025-05-21T13:30:01","modified_gmt":"2025-05-21T05:30:01","slug":"hl-300-wafflemaker","status":"publish","type":"product","link":"https:\/\/www.nbhonglu.com\/de\/product\/hl-300-wafflemaker\/","title":{"rendered":"HL-300 Waffelmacher"},"content":{"rendered":"<p>Waffelhersteller -Produkteinf\u00fchrung<br \/>\nUnser Waffelhersteller ist ein hochwertiges Ger\u00e4t, das k\u00f6stliche, goldbraune Waffeln problemlos an Ihren Tisch bringen soll.<br \/>\nEs verf\u00fcgt \u00fcber eine Kochoberfl\u00e4che mit Nichtschicks, um sicherzustellen, dass Ihre Waffeln m\u00fchelos abgeben und leicht zu bereinigen sind. Mit der einstellbaren Temperaturregelung k\u00f6nnen Sie den Browning -Level entsprechend Ihrer Vorliebe von einer leichten und flauschigen Waffel bis zu einem knusprigen.<br \/>\nMit einem kompakten und robusten Design nimmt es nicht viel Gegenraum ein und bietet dennoch zuverl\u00e4ssige Leistung. Die Indikatorlichter halten Sie \u00fcber den Vorheizen- und Kochstatus auf dem Laufenden, sodass Sie genau wissen, wann Ihre Waffeln fertig sind.<br \/>\nUnser Waffelmacher besteht aus dauerhaften Materialien und ist so gebaut, dass es f\u00fcr jede K\u00fcche f\u00fcr Waffelliebhaber eine gro\u00dfartige Erg\u00e4nzung ist.<\/p>","protected":false},"excerpt":{"rendered":"<p>Cooler Touch -Griff<br \/>\nKraft- und Bereitschaftsanzeige -Indikatoren<br \/>\nAutomatische Temperaturregelung<br \/>\nNicht-Stick-Beschichtungen f\u00fcr die einfache Reinigung<br \/>\nKabelwrap f\u00fcr die Lagerung<br \/>\nSkid-resistente F\u00fc\u00dfe<br \/>\n220-240V 50-60Hz 1000W<br \/>\n120 V 60 Hz 1000W<\/p>\n<p>Produktgr\u00f6\u00dfe: 198*255*88<br \/>\nPlattengr\u00f6\u00dfe: \u00a2 195<br \/>\nGeschenkbox Gr\u00f6\u00dfe: 229*116*288<br \/>\nKartongr\u00f6\u00dfe: 484*241*596<br \/>\nQuantity\/carton:8PCS<br \/>\nQty\/20 ': 3224pcs<br \/>\nQty\/40 ': 6560pcs<br \/>\nQty\/40\u2019HQ:7824PCS<\/p>","protected":false},"featured_media":258,"comment_status":"open","ping_status":"closed","template":"","meta":[],"product_cat":[26],"product_tag":[47,46,44,45,49,48],"class_list":{"0":"post-257","1":"product","2":"type-product","3":"status-publish","4":"has-post-thumbnail","6":"product_cat-waffle-maker","7":"product_tag-belgian-waffle-maker","8":"product_tag-donut-maker","9":"product_tag-electric-waffle-iron","10":"product_tag-heart-waffle-maker","11":"product_tag-household-non-toxic-panini-press","12":"product_tag-mini-non-stick-waffle-maker","14":"first","15":"instock","16":"shipping-taxable","17":"product-type-simple"},"_links":{"self":[{"href":"https:\/\/www.nbhonglu.com\/de\/wp-json\/wp\/v2\/product\/257","targetHints":{"allow":["GET"]}}],"collection":[{"href":"https:\/\/www.nbhonglu.com\/de\/wp-json\/wp\/v2\/product"}],"about":[{"href":"https:\/\/www.nbhonglu.com\/de\/wp-json\/wp\/v2\/types\/product"}],"replies":[{"embeddable":true,"href":"https:\/\/www.nbhonglu.com\/de\/wp-json\/wp\/v2\/comments?post=257"}],"version-history":[{"count":2,"href":"https:\/\/www.nbhonglu.com\/de\/wp-json\/wp\/v2\/product\/257\/revisions"}],"predecessor-version":[{"id":930,"href":"https:\/\/www.nbhonglu.com\/de\/wp-json\/wp\/v2\/product\/257\/revisions\/930"}],"wp:featuredmedia":[{"embeddable":true,"href":"https:\/\/www.nbhonglu.com\/de\/wp-json\/wp\/v2\/media\/258"}],"wp:attachment":[{"href":"https:\/\/www.nbhonglu.com\/de\/wp-json\/wp\/v2\/media?parent=257"}],"wp:term":[{"taxonomy":"product_cat","embeddable":true,"href":"https:\/\/www.nbhonglu.com\/de\/wp-json\/wp\/v2\/product_cat?post=257"},{"taxonomy":"product_tag","embeddable":true,"href":"https:\/\/www.nbhonglu.com\/de\/wp-json\/wp\/v2\/product_tag?post=257"}],"curies":[{"name":"wp","href":"https:\/\/api.w.org\/{rel}","templated":true}]}}