{"id":247,"date":"2024-12-16T14:02:33","date_gmt":"2024-12-16T06:02:33","guid":{"rendered":"https:\/\/honglu.gg12.globaldeepsea.site\/?post_type=product&#038;p=247"},"modified":"2025-05-21T15:10:57","modified_gmt":"2025-05-21T07:10:57","slug":"electric-contact-grill","status":"publish","type":"product","link":"https:\/\/www.nbhonglu.com\/de\/product\/electric-contact-grill\/","title":{"rendered":"HL-500 Kontaktgrill"},"content":{"rendered":"<p>Der Kontaktgrill, den wir anbieten, ist eine bemerkenswerte Erg\u00e4nzung zu Ihrem K\u00fcchenarsenal. Die Premium-Nicht-Stick-Teller sind so konstruiert, dass Lebensmittel festhalten, wodurch der Kochvorgang und die Nachsorge ein Kinderspiel gef\u00fchrt werden. Sie haben die volle Kontrolle \u00fcber die Temperatur mit seinen weitreichenden einstellbaren Einstellungen, sodass Sie Fleisch bei hoher Hitze oder sanft warmem, empfindlichen Gegenst\u00e4nden anbrennen k\u00f6nnen. Das platzsparende Design opfert keine Kochkapazit\u00e4t, da es ausreichend Platz bietet, um mehrere Gegenst\u00e4nde gleichzeitig zu grillen. Dank des schnellen Heizelements k\u00f6nnen Sie in k\u00fcrzester Zeit mit dem Kochen beginnen und kostbare Minuten sparen. Der Grill wurde bis zuletzt gebaut und wird aus robusten Materialien hergestellt, die die strengen t\u00e4glichen Gebrauch ertragen. Mit einer konstanten Hitzedispersion erzielen Sie gleichm\u00e4\u00dfig gekochte und k\u00f6stliche Ergebnisse, sei es ein brutzelndes Steak, ein Medley aus gegrilltem Gem\u00fcse oder einen knusprigen gegrillten K\u00e4se. Dieser Kontaktgrill verk\u00f6rpert wirklich Innovation, Praktikabilit\u00e4t und Robustheit f\u00fcr alle Ihre Innengrillw\u00fcnsche.<\/p>","protected":false},"excerpt":{"rendered":"<p>Cool-Touch-sicherer SS-Griff<br \/>\nSchwimmende Scharniersystem<br \/>\nKraft- und Bereitschaftsanzeige -Indikatoren<br \/>\nNicht-Stick-Beschichtungsplatten zur einfachen Reinigung<br \/>\nSkid-resistente F\u00fc\u00dfe<br \/>\nSS Top Cover Decoration<br \/>\n220-240V 50-60Hz 1000W<br \/>\n120 V 60 Hz 1000W<\/p>\n<p>Produktgr\u00f6\u00dfe: 266*221*85<br \/>\nPlattengr\u00f6\u00dfe: 230*145<br \/>\nGeschenkbox Gr\u00f6\u00dfe: 300*117*260<br \/>\nKartongr\u00f6\u00dfe: 488*312*540<br \/>\nQuantity\/carton:8PCS<br \/>\nQty\/20 ': 2728pcs<br \/>\nQty\/40 ': 5544pcs<br \/>\nQty\/40\u2019HQ:6616PCS<\/p>","protected":false},"featured_media":250,"comment_status":"open","ping_status":"closed","template":"","meta":[],"product_cat":[25],"product_tag":[80,29,79,82,81,85,84,83],"class_list":{"0":"post-247","1":"product","2":"type-product","3":"status-publish","4":"has-post-thumbnail","6":"product_cat-contact-grill","7":"product_tag-compact-portable-fast-cooking-contact-grill-for-outdoor-car-use","8":"product_tag-electric-contact-grill","9":"product_tag-electric-indoor-grill","10":"product_tag-high-quality-electric-panini-press","11":"product_tag-household-press-grill","12":"product_tag-household-steak-contact-grill","13":"product_tag-non-stick-press-grill","14":"product_tag-smoke-free-sandwich-maker","16":"first","17":"instock","18":"shipping-taxable","19":"product-type-simple"},"_links":{"self":[{"href":"https:\/\/www.nbhonglu.com\/de\/wp-json\/wp\/v2\/product\/247","targetHints":{"allow":["GET"]}}],"collection":[{"href":"https:\/\/www.nbhonglu.com\/de\/wp-json\/wp\/v2\/product"}],"about":[{"href":"https:\/\/www.nbhonglu.com\/de\/wp-json\/wp\/v2\/types\/product"}],"replies":[{"embeddable":true,"href":"https:\/\/www.nbhonglu.com\/de\/wp-json\/wp\/v2\/comments?post=247"}],"version-history":[{"count":2,"href":"https:\/\/www.nbhonglu.com\/de\/wp-json\/wp\/v2\/product\/247\/revisions"}],"predecessor-version":[{"id":932,"href":"https:\/\/www.nbhonglu.com\/de\/wp-json\/wp\/v2\/product\/247\/revisions\/932"}],"wp:featuredmedia":[{"embeddable":true,"href":"https:\/\/www.nbhonglu.com\/de\/wp-json\/wp\/v2\/media\/250"}],"wp:attachment":[{"href":"https:\/\/www.nbhonglu.com\/de\/wp-json\/wp\/v2\/media?parent=247"}],"wp:term":[{"taxonomy":"product_cat","embeddable":true,"href":"https:\/\/www.nbhonglu.com\/de\/wp-json\/wp\/v2\/product_cat?post=247"},{"taxonomy":"product_tag","embeddable":true,"href":"https:\/\/www.nbhonglu.com\/de\/wp-json\/wp\/v2\/product_tag?post=247"}],"curies":[{"name":"wp","href":"https:\/\/api.w.org\/{rel}","templated":true}]}}