{"id":109,"date":"2024-12-11T20:32:25","date_gmt":"2024-12-11T12:32:25","guid":{"rendered":"https:\/\/honglu.gg12.globaldeepsea.site\/?page_id=109"},"modified":"2025-12-18T16:40:17","modified_gmt":"2025-12-18T08:40:17","slug":"about","status":"publish","type":"page","link":"https:\/\/www.nbhonglu.com\/de\/about\/","title":{"rendered":"um"},"content":{"rendered":"<div data-elementor-type=\"wp-page\" data-elementor-id=\"109\" class=\"elementor elementor-109\" data-elementor-post-type=\"page\">\n\t\t\t\t<div class=\"elementor-element elementor-element-0d8ca1c e-flex e-con-boxed e-con e-parent\" data-id=\"0d8ca1c\" data-element_type=\"container\" data-settings=\"{&quot;background_background&quot;:&quot;classic&quot;}\">\n\t\t\t\t\t<div class=\"e-con-inner\">\n\t\t<div class=\"elementor-element elementor-element-c12758e e-con-full animated-slow e-flex elementor-invisible e-con e-child\" data-id=\"c12758e\" data-element_type=\"container\" data-settings=\"{&quot;background_background&quot;:&quot;classic&quot;,&quot;animation&quot;:&quot;fadeInLeft&quot;}\">\n\t\t\t\t<div class=\"elementor-element elementor-element-b55ae4f elementor-widget elementor-widget-heading\" data-id=\"b55ae4f\" data-element_type=\"widget\" data-widget_type=\"heading.default\">\n\t\t\t\t<div class=\"elementor-widget-container\">\n\t\t\t<h2 class=\"elementor-heading-title elementor-size-default\">\u00dcber uns<\/h2>\t\t<\/div>\n\t\t\t\t<\/div>\n\t\t\t\t<div class=\"elementor-element elementor-element-c4b8116 elementor-icon-list--layout-inline elementor-align-center elementor-list-item-link-full_width elementor-widget elementor-widget-icon-list\" data-id=\"c4b8116\" data-element_type=\"widget\" data-widget_type=\"icon-list.default\">\n\t\t\t\t<div class=\"elementor-widget-container\">\n\t\t\t\t\t<ul class=\"elementor-icon-list-items elementor-inline-items\">\n\t\t\t\t\t\t\t<li class=\"elementor-icon-list-item elementor-inline-item\">\n\t\t\t\t\t\t\t\t\t\t<span class=\"elementor-icon-list-text\">Heim<\/span>\n\t\t\t\t\t\t\t\t\t<\/li>\n\t\t\t\t\t\t\t\t<li class=\"elementor-icon-list-item elementor-inline-item\">\n\t\t\t\t\t\t\t\t\t\t\t<span class=\"elementor-icon-list-icon\">\n\t\t\t\t\t\t\t<svg aria-hidden=\"true\" class=\"e-font-icon-svg e-fas-chevron-right\" viewbox=\"0 0 320 512\" xmlns=\"http:\/\/www.w3.org\/2000\/svg\"><path d=\"M285.476 272.971L91.132 467.314c-9.373 9.373-24.569 9.373-33.941 0l-22.667-22.667c-9.357-9.357-9.375-24.522-.04-33.901L188.505 256 34.484 101.255c-9.335-9.379-9.317-24.544.04-33.901l22.667-22.667c9.373-9.373 24.569-9.373 33.941 0L285.475 239.03c9.373 9.372 9.373 24.568.001 33.941z\"><\/path><\/svg>\t\t\t\t\t\t<\/span>\n\t\t\t\t\t\t\t\t\t\t<span class=\"elementor-icon-list-text\">Um<\/span>\n\t\t\t\t\t\t\t\t\t<\/li>\n\t\t\t\t\t\t<\/ul>\n\t\t\t\t<\/div>\n\t\t\t\t<\/div>\n\t\t\t\t<\/div>\n\t\t<div class=\"elementor-element elementor-element-e0eef72 e-con-full e-flex e-con e-child\" data-id=\"e0eef72\" data-element_type=\"container\" data-settings=\"{&quot;background_background&quot;:&quot;classic&quot;}\">\n\t\t\t\t<\/div>\n\t\t\t\t\t<\/div>\n\t\t\t\t<\/div>\n\t\t<div class=\"elementor-element elementor-element-6dde537 e-flex e-con-boxed e-con e-parent\" data-id=\"6dde537\" data-element_type=\"container\">\n\t\t\t\t\t<div class=\"e-con-inner\">\n\t\t<div class=\"elementor-element elementor-element-99f1ab9 e-con-full e-flex e-con e-child\" data-id=\"99f1ab9\" data-element_type=\"container\" data-settings=\"{&quot;background_background&quot;:&quot;classic&quot;}\">\n\t\t\t\t<div class=\"elementor-element elementor-element-158539c elementor-widget elementor-widget-spacer\" data-id=\"158539c\" data-element_type=\"widget\" data-widget_type=\"spacer.default\">\n\t\t\t\t<div class=\"elementor-widget-container\">\n\t\t\t\t\t<div class=\"elementor-spacer\">\n\t\t\t<div class=\"elementor-spacer-inner\"><\/div>\n\t\t<\/div>\n\t\t\t\t<\/div>\n\t\t\t\t<\/div>\n\t\t\t\t<\/div>\n\t\t<div class=\"elementor-element elementor-element-14dcdb3 animated-slow e-con-full e-flex elementor-invisible e-con e-child\" data-id=\"14dcdb3\" data-element_type=\"container\" data-settings=\"{&quot;animation&quot;:&quot;fadeInRight&quot;}\">\n\t\t<div class=\"elementor-element elementor-element-c765db8 e-con-full e-flex e-con e-child\" data-id=\"c765db8\" data-element_type=\"container\">\n\t\t\t\t<div class=\"elementor-element elementor-element-8d0330b elementor-widget elementor-widget-heading\" data-id=\"8d0330b\" data-element_type=\"widget\" data-widget_type=\"heading.default\">\n\t\t\t\t<div class=\"elementor-widget-container\">\n\t\t\t<h2 class=\"elementor-heading-title elementor-size-default\">Ningbo Honglu Intelligent Technology Co., Ltd.<\/h2>\t\t<\/div>\n\t\t\t\t<\/div>\n\t\t\t\t<\/div>\n\t\t\t\t<div class=\"elementor-element elementor-element-6902804 elementor-widget elementor-widget-text-editor\" data-id=\"6902804\" data-element_type=\"widget\" data-widget_type=\"text-editor.default\">\n\t\t\t\t<div class=\"elementor-widget-container\">\n\t\t\t\t\t\t\t<p>Ningbo Honglu Intelligent Technology Co. im Jahr 2024 gegr\u00fcndet. , Ltd. Befindet sich in Cixi City, Ningbo, einer der Herstellungsbasis in China.<\/p><p>Ningbo Honglu Intelligent Technology Co. , Ltd. Ist eine professionelle Forschung und Entwicklung und Produktion von Sandwichhersteller, Grills und anderen Barbecue -Haushaltsger\u00e4ten f\u00fcr Exporthersteller. Unsere Produkte haben zahlreiche inl\u00e4ndische und internationale ma\u00dfgebliche Zertifizierungen bestanden, darunter CCC, UL, GS, CE, ROHS, BSCI und ETL. Wir verfolgen das internationale Qualit\u00e4tsmanagementsystem der ISO9001-2015 streng und stellen sicher, dass unsere Produktqualit\u00e4t internationale Standards entspricht.\u00a0<\/p>\t\t\t\t\t\t<\/div>\n\t\t\t\t<\/div>\n\t\t\t\t<\/div>\n\t\t\t\t\t<\/div>\n\t\t\t\t<\/div>\n\t\t<div class=\"elementor-element elementor-element-3f1d1d4 e-flex e-con-boxed e-con e-parent\" data-id=\"3f1d1d4\" data-element_type=\"container\">\n\t\t\t\t\t<div class=\"e-con-inner\">\n\t\t<div class=\"elementor-element elementor-element-7f6b1b3 animated-slow e-con-full e-flex elementor-invisible e-con e-child\" data-id=\"7f6b1b3\" data-element_type=\"container\" data-settings=\"{&quot;animation&quot;:&quot;fadeInUp&quot;}\">\n\t\t\t\t<div class=\"elementor-element elementor-element-32c914e elementor-widget elementor-widget-text-editor\" data-id=\"32c914e\" data-element_type=\"widget\" data-widget_type=\"text-editor.default\">\n\t\t\t\t<div class=\"elementor-widget-container\">\n\t\t\t\t\t\t\tWir sind ein Unternehmen, das sich seit seiner Gr\u00fcndung innovativen Haushaltsger\u00e4ten verschrieben hat und dabei stets dem Kerngedanken \u201eTechnologie ist zukunftsweisend, Innovation macht Tr\u00e4ume\u201c treu geblieben ist, um tausenden Haushalten effiziente, sichere und zuverl\u00e4ssige Dienstleistungen zu bieten. Bieten Sie Ihren Kunden eine Reihe ma\u00dfgeschneiderter Produktentwicklungsl\u00f6sungen.\nDas Unternehmen verf\u00fcgt \u00fcber ein starkes Forschungs- und Entwicklungsteam und eine fortschrittliche Technologieplattform und erforscht st\u00e4ndig neue Technologien und neue Methoden, um den sich \u00e4ndernden Anforderungen des Marktes gerecht zu werden. Wir wissen, dass das Vertrauen und die Unterst\u00fctzung der Kunden der Grundstein f\u00fcr die Entwicklung des Unternehmens sind. Deshalb halten wir uns stets an das \u201ekundenzentrierte\u201c Servicekonzept.\nNingbo Honglu Intelligent Technology Co. , Ltd. wird weiterhin den Geist der Innovation aufrechterhalten, Produkte und Dienstleistungen st\u00e4ndig optimieren und danach streben, ein Marktf\u00fchrer in der Branche zu werden. Wir freuen uns darauf, mit weiteren Kunden zusammenzuarbeiten, um eine gl\u00e4nzende Zukunft zu schaffen.\t\t\t\t\t\t<\/div>\n\t\t\t\t<\/div>\n\t\t\t\t<\/div>\n\t\t\t\t<div class=\"elementor-element elementor-element-b29f8c2 elementor-widget elementor-widget-video\" data-id=\"b29f8c2\" data-element_type=\"widget\" data-settings=\"{&quot;youtube_url&quot;:&quot;www.youtube.com\\\/watch?v=IgzE0sjsgXg&quot;,&quot;video_type&quot;:&quot;youtube&quot;,&quot;controls&quot;:&quot;yes&quot;}\" data-widget_type=\"video.default\">\n\t\t\t\t<div class=\"elementor-widget-container\">\n\t\t\t\t\t<div class=\"elementor-wrapper elementor-open-inline\">\n\t\t\t<div class=\"elementor-video\"><\/div>\t\t<\/div>\n\t\t\t\t<\/div>\n\t\t\t\t<\/div>\n\t\t\t\t\t<\/div>\n\t\t\t\t<\/div>\n\t\t<div class=\"elementor-element elementor-element-64237ff e-flex e-con-boxed e-con e-parent\" data-id=\"64237ff\" data-element_type=\"container\" data-settings=\"{&quot;background_background&quot;:&quot;classic&quot;}\">\n\t\t\t\t\t<div class=\"e-con-inner\">\n\t\t<div class=\"elementor-element elementor-element-5b29ca9 animated-slow e-con-full e-flex elementor-invisible e-con e-child\" data-id=\"5b29ca9\" data-element_type=\"container\" data-settings=\"{&quot;animation&quot;:&quot;fadeInUp&quot;}\">\n\t\t<div class=\"elementor-element elementor-element-aa36b92 e-con-full e-flex e-con e-child\" data-id=\"aa36b92\" data-element_type=\"container\">\n\t\t\t\t<div class=\"elementor-element elementor-element-b1c4ea8 elementor-widget elementor-widget-heading\" data-id=\"b1c4ea8\" data-element_type=\"widget\" data-widget_type=\"heading.default\">\n\t\t\t\t<div class=\"elementor-widget-container\">\n\t\t\t<h2 class=\"elementor-heading-title elementor-size-default\">Tolle K\u00fcchenware f\u00fcr jede K\u00fcche<\/h2>\t\t<\/div>\n\t\t\t\t<\/div>\n\t\t\t\t<\/div>\n\t\t<div class=\"elementor-element elementor-element-7e3aeec e-con-full e-flex e-con e-child\" data-id=\"7e3aeec\" data-element_type=\"container\">\n\t\t\t\t<div class=\"elementor-element elementor-element-37a845f elementor-widget elementor-widget-text-editor\" data-id=\"37a845f\" data-element_type=\"widget\" data-widget_type=\"text-editor.default\">\n\t\t\t\t<div class=\"elementor-widget-container\">\n\t\t\t\t\t\t\t<p>Tolle K\u00fcche f\u00fcr m\u00fchelose K\u00fcche - f\u00fcr jede K\u00fcche! Kontaktieren Sie uns jetzt<\/p>\t\t\t\t\t\t<\/div>\n\t\t\t\t<\/div>\n\t\t\t\t<\/div>\n\t\t\t\t<div class=\"elementor-element elementor-element-6cd2ee4 elementor-align-center elementor-widget__width-auto elementor-widget elementor-widget-button\" data-id=\"6cd2ee4\" data-element_type=\"widget\" data-widget_type=\"button.default\">\n\t\t\t\t<div class=\"elementor-widget-container\">\n\t\t\t\t\t\t\t<div class=\"elementor-button-wrapper\">\n\t\t\t\t\t<a class=\"elementor-button elementor-button-link elementor-size-sm elementor-animation-shrink\" href=\"https:\/\/www.nbhonglu.com\/de\/inquiry\/\">\n\t\t\t\t\t\t<span class=\"elementor-button-content-wrapper\">\n\t\t\t\t\t\t\t\t\t<span class=\"elementor-button-text\">Jetzt zeigen<\/span>\n\t\t\t\t\t<\/span>\n\t\t\t\t\t<\/a>\n\t\t\t\t<\/div>\n\t\t\t\t\t\t<\/div>\n\t\t\t\t<\/div>\n\t\t\t\t<\/div>\n\t\t\t\t\t<\/div>\n\t\t\t\t<\/div>\n\t\t\t\t<\/div>","protected":false},"excerpt":{"rendered":"<p>\u00dcber uns zu Hause \u00fcber Ningbo Honglu Intelligent Technology Co., Ltd., gegr\u00fcndet im Jahr 2024, Ningbo Honglu Intelligent Technology Co. , Ltd. Befindet sich in Cixi City, Ningbo, einer der Herstellungsbasis in China. Ningbo Honglu Intelligent Technology Co. , Ltd. Ist eine professionelle Forschung und Entwicklung und Produktion von Sandwichhersteller, Grills und anderen [\u2026]<\/p>","protected":false},"author":1,"featured_media":0,"parent":0,"menu_order":0,"comment_status":"closed","ping_status":"closed","template":"elementor_header_footer","meta":{"footnotes":""},"class_list":["post-109","page","type-page","status-publish","hentry"],"_links":{"self":[{"href":"https:\/\/www.nbhonglu.com\/de\/wp-json\/wp\/v2\/pages\/109","targetHints":{"allow":["GET"]}}],"collection":[{"href":"https:\/\/www.nbhonglu.com\/de\/wp-json\/wp\/v2\/pages"}],"about":[{"href":"https:\/\/www.nbhonglu.com\/de\/wp-json\/wp\/v2\/types\/page"}],"author":[{"embeddable":true,"href":"https:\/\/www.nbhonglu.com\/de\/wp-json\/wp\/v2\/users\/1"}],"replies":[{"embeddable":true,"href":"https:\/\/www.nbhonglu.com\/de\/wp-json\/wp\/v2\/comments?post=109"}],"version-history":[{"count":61,"href":"https:\/\/www.nbhonglu.com\/de\/wp-json\/wp\/v2\/pages\/109\/revisions"}],"predecessor-version":[{"id":1427,"href":"https:\/\/www.nbhonglu.com\/de\/wp-json\/wp\/v2\/pages\/109\/revisions\/1427"}],"wp:attachment":[{"href":"https:\/\/www.nbhonglu.com\/de\/wp-json\/wp\/v2\/media?parent=109"}],"curies":[{"name":"wp","href":"https:\/\/api.w.org\/{rel}","templated":true}]}}